{"id":16,"date":"2022-12-16T11:33:25","date_gmt":"2022-12-16T11:33:25","guid":{"rendered":"https:\/\/my-bracelet.com\/2023\/?page_id=16"},"modified":"2023-03-13T19:32:17","modified_gmt":"2023-03-13T19:32:17","slug":"domov","status":"publish","type":"page","link":"https:\/\/my-bracelet.com\/2023\/","title":{"rendered":"Domov"},"content":{"rendered":"<ul>\n<li>\n<p>        <img decoding=\"async\" src=\"\/2023\/wp-content\/uploads\/2022\/12\/IMG_5238-1.jpg\" alt=\"\"><\/p>\n<\/li>\n<li>\n<p>        <img decoding=\"async\" src=\"\/2023\/wp-content\/uploads\/2022\/12\/IMG_5179.jpg\" alt=\"\"><\/p>\n<\/li>\n<\/ul>\n<div>\n<h4>ZAPESTNICE SO ODLI\u010cEN IN NADVSE PRILJUBLJEN MODNI DODATEK, TAKO ZA \u017dENSKE KOT ZA MO\u0160KE.\u00a0Z MY-BRACELET BY LOBODA ZAPESTNICAMI BO VA\u0160A IZBIRA OB RAZLI\u010cNIH PRILO\u017dNOSTIH SEDAJ LA\u017dJA.<\/h4>\n<p>Od modernih do elegantnih, My-bracelet by Loboda zapestnice lahko kombinirate glede na va\u0161 stil in trenutni modni navdih. Zadrege ob izbiri pravih daril za razli\u010dna obdarovanja postanejo preteklost. Z mo\u017enostjo personaliziranih gravur, zapestnica ne bo le \u0161e en dodaten kos nakita, bo va\u0161 oseben kos na katerega vas bodo vezali va\u0161i posebni ob\u010dutki in spomini. Za dizajn, kvaliteto in izdelavo My-bracelet by Loboda zapestnic, poskrbiva Peter in Lara Loboda, oba z dolgoletnimi izku\u0161njami na podro\u010dju oblikovanja in izdelave nakita iz \u017elahtnih kovin in poznavanja dragih ter okrasnih kamnov.<\/p>\n<h4>MY-BRACELET BY LOBODA MO\u0160KI JE ELEGANTEN MO\u0160KI V KATEREM SE SKRIVA VE\u010cEN UPORNIK. Z MO\u0160KIMI ZAPESTNICAMI KOLEKCIJE MY-BRACELET BY LOBODA REBEL SVETU POKA\u017dITE, DA STE MODNI IN V KORAKU S \u010cASOM. NAJ DA KOMBINACIJA SREBRA, ZLATA, JEKLA IN DIAMANTOV NA VA\u0160EM ZAPESTJU SVETU VEDETI, DA SI UPATE BITI DRUGA\u010cNI.\u00a0<\/h4>\n<p>Novost v spletni trgovini My-Bracelet by Loboda, ki ponuja personaliziran nakit in dodatke so mo\u0161ke zapestnice REBEL. Zapestnice so izdelane v kombinaciji srebra, jekla, zlata in diamantov. Mo\u0161ke zapestnice Rebel so univerzalne velikosti, saj dobro premi\u0161ljen dizajn sponke poskrbi, da pa\u0161ejo na skoraj vsako zapestje. \u017delite zapestnici dodati \u0161e piko na i? Mo\u0161ke zapestnice REBEL vam pri My-Bracelet by Loboda tudi brezpla\u010dno graviramo.<\/p>\n<\/div>\n<div>\n<p>        <img decoding=\"async\" src=\"\/2023\/wp-content\/uploads\/2022\/12\/2021-02-21-23-40-16_1.gif\" alt=\"\"><\/p>\n<h3>MY-BRACELET BY LOBODA MO\u0160KI JE ELEGANTEN MO\u0160KI V KATEREM SE SKRIVA VE\u010cEN UPORNIK.<\/h3>\n<p>Z MO\u0160KIMI ZAPESTNICAMI KOLEKCIJE MY-BRACELET BY LOBODA REBEL SVETU POKA\u017dITE, DA STE MODNI IN V KORAKU S \u010cASOM. NAJ DA KOMBINACIJA SREBRA, ZLATA, JEKLA IN DIAMANTOV NA VA\u0160EM ZAPESTJU SVETU VEDETI, DA SI UPATE BITI DRUGA\u010cNI. <\/p>\n<div>\n<p><span>Novost v spletni trgovini My-Bracelet by Loboda, ki ponuja personaliziran nakit in dodatke so mo\u0161ke zapestnice REBEL. Zapestnice so izdelane v kombinaciji srebra, jekla, zlata in diamantov. Mo\u0161ke zapestnice Rebel so univerzalne velikosti, saj dobro premi\u0161ljen dizajn sponke poskrbi, da pa\u0161ejo na skoraj vsako zapestje. \u017delite zapestnici dodati \u0161e piko na i? Mo\u0161ke zapestnice REBEL vam pri My-Bracelet by Loboda tudi brezpla\u010dno graviramo.<\/span><\/p>\n<\/div>\n<\/div>\n<ul>\n<li>\n<p>        <img decoding=\"async\" src=\"\/2023\/wp-content\/uploads\/2022\/12\/IMG_20170707_210718_684.jpg\" alt=\"\"><\/p>\n<h3>TL<\/h3>\n<\/li>\n<li>\n<p>        <img decoding=\"async\" src=\"\/2023\/wp-content\/uploads\/2022\/12\/home_slider09.jpg\" alt=\"\"><\/p>\n<h3>SOPH<\/h3>\n<\/li>\n<li>\n<p>        <img decoding=\"async\" src=\"\/2023\/wp-content\/uploads\/2022\/12\/home_slider07.jpg\" alt=\"\"><\/p>\n<h3>X\/O<\/h3>\n<\/li>\n<li>\n<p>        <img decoding=\"async\" src=\"\/2023\/wp-content\/uploads\/2022\/12\/home_slider05.jpg\" alt=\"\"><\/p>\n<h3>STRINGS<\/h3>\n<\/li>\n<\/ul>\n<h1>Najbolj za\u017eeljeni izdelki<\/h1>\n<hr>\n<ul>\n<li>\n<p>        <img decoding=\"async\" src=\"\/2023\/wp-content\/uploads\/2022\/12\/baccarat_large_1_1804452111.jpeg\" alt=\"\"><\/p>\n<h3>ime<\/h3>\n<p>100 \u20ac<\/p>\n<p><a href=\"#\">Kupi<\/a><\/p>\n<\/li>\n<li>\n<p>        <img decoding=\"async\" src=\"\/2023\/wp-content\/uploads\/2022\/12\/IMG_20170707_210718_684.jpg\" alt=\"\"><\/p>\n<h3>ime<\/h3>\n<p>100 \u20ac<\/p>\n<p><a href=\"#\">Kupi<\/a><\/p>\n<\/li>\n<li>\n<p>        <img decoding=\"async\" src=\"\/2023\/wp-content\/uploads\/2022\/12\/IMG_5179-e1678731100651.jpg\" alt=\"\"><\/p>\n<h3>ime<\/h3>\n<p>100 \u20ac<\/p>\n<p><a href=\"#\">Kupi<\/a><\/p>\n<\/li>\n<li>\n<p>        <img decoding=\"async\" src=\"\/2023\/wp-content\/uploads\/2022\/12\/baccarat_large_1_1804452111.jpeg\" alt=\"\"><\/p>\n<h3>ime<\/h3>\n<p>100 \u20ac<\/p>\n<p><a href=\"#\">Kupi<\/a><\/p>\n<\/li>\n<\/ul>\n<p><!--more--><br \/>\n<!-- {\"type\":\"layout\",\"children\":[{\"type\":\"section\",\"props\":{\"style\":\"default\",\"width\":\"\",\"vertical_align\":\"middle\",\"title_position\":\"top-left\",\"title_rotation\":\"left\",\"title_breakpoint\":\"xl\",\"image_position\":\"center-center\",\"padding_remove_top\":true,\"padding_remove_bottom\":true},\"children\":[{\"type\":\"row\",\"children\":[{\"type\":\"column\",\"props\":{\"position_sticky_breakpoint\":\"m\",\"image_position\":\"center-center\",\"media_overlay_gradient\":\"\"},\"children\":[{\"type\":\"slideshow\",\"props\":{\"show_title\":true,\"show_meta\":true,\"show_content\":true,\"show_link\":true,\"show_thumbnail\":true,\"slideshow_min_height\":300,\"slideshow_autoplay_pause\":true,\"nav\":\"dotnav\",\"nav_position\":\"bottom-center\",\"nav_position_margin\":\"medium\",\"nav_align\":\"center\",\"nav_breakpoint\":\"s\",\"thumbnav_width\":\"100\",\"thumbnav_height\":\"75\",\"thumbnav_svg_color\":\"emphasis\",\"slidenav\":\"default\",\"slidenav_margin\":\"medium\",\"slidenav_breakpoint\":\"s\",\"slidenav_outside_breakpoint\":\"xl\",\"overlay_position\":\"center-left\",\"overlay_animation\":\"parallax\",\"title_element\":\"h3\",\"meta_style\":\"meta\",\"meta_align\":\"below-title\",\"meta_element\":\"div\",\"link_text\":\"Read more\",\"link_style\":\"default\",\"margin\":\"default\",\"slideshow_height\":\"percent\",\"slideshow_autoplay\":true},\"children\":[{\"type\":\"slideshow_item\",\"props\":{\"image\":\"wp-content\\\/uploads\\\/2022\\\/12\\\/IMG_5238-1.jpg\"}},{\"type\":\"slideshow_item\",\"props\":{\"image\":\"wp-content\\\/uploads\\\/2022\\\/12\\\/IMG_5179.jpg\"}}]}]}]}]},{\"type\":\"section\",\"props\":{\"style\":\"default\",\"width\":\"default\",\"vertical_align\":\"middle\",\"title_position\":\"top-left\",\"title_rotation\":\"left\",\"title_breakpoint\":\"xl\",\"image_position\":\"center-center\"},\"children\":[{\"type\":\"row\",\"children\":[{\"type\":\"column\",\"props\":{\"position_sticky_breakpoint\":\"m\",\"image_position\":\"center-center\",\"media_overlay_gradient\":\"\"},\"children\":[{\"type\":\"text\",\"props\":{\"margin\":\"default\",\"column_breakpoint\":\"m\",\"content\":\"\n\n<h4>ZAPESTNICE SO ODLI\\u010cEN IN NADVSE PRILJUBLJEN MODNI DODATEK, TAKO ZA \\u017dENSKE KOT ZA MO\\u0160KE.\\u00a0Z MY-BRACELET BY LOBODA ZAPESTNICAMI BO VA\\u0160A IZBIRA OB RAZLI\\u010cNIH PRILO\\u017dNOSTIH SEDAJ LA\\u017dJA.<\\\/h4>\\n\n\n<p>Od modernih do elegantnih, My-bracelet by Loboda zapestnice lahko kombinirate glede na va\\u0161 stil in trenutni modni navdih. Zadrege ob izbiri pravih daril za razli\\u010dna obdarovanja postanejo preteklost. Z mo\\u017enostjo personaliziranih gravur, zapestnica ne bo le \\u0161e en dodaten kos nakita, bo va\\u0161 oseben kos na katerega vas bodo vezali va\\u0161i posebni ob\\u010dutki in spomini. Za dizajn, kvaliteto in izdelavo My-bracelet by Loboda zapestnic, poskrbiva Peter in Lara Loboda, oba z dolgoletnimi izku\\u0161njami na podro\\u010dju oblikovanja in izdelave nakita iz \\u017elahtnih kovin in poznavanja dragih ter okrasnih kamnov.<\\\/p>\\n\n\n<h4>MY-BRACELET BY LOBODA MO\\u0160KI JE ELEGANTEN MO\\u0160KI V KATEREM SE SKRIVA VE\\u010cEN UPORNIK. Z MO\\u0160KIMI ZAPESTNICAMI KOLEKCIJE MY-BRACELET BY LOBODA REBEL SVETU POKA\\u017dITE, DA STE MODNI IN V KORAKU S \\u010cASOM. NAJ DA KOMBINACIJA SREBRA, ZLATA, JEKLA IN DIAMANTOV NA VA\\u0160EM ZAPESTJU SVETU VEDETI, DA SI UPATE BITI DRUGA\\u010cNI.\\u00a0<\\\/h4>\\n\n\n<p>Novost v spletni trgovini My-Bracelet by Loboda, ki ponuja personaliziran nakit in dodatke so mo\\u0161ke zapestnice REBEL. Zapestnice so izdelane v kombinaciji srebra, jekla, zlata in diamantov. Mo\\u0161ke zapestnice Rebel so univerzalne velikosti, saj dobro premi\\u0161ljen dizajn sponke poskrbi, da pa\\u0161ejo na skoraj vsako zapestje. \\u017delite zapestnici dodati \\u0161e piko na i? Mo\\u0161ke zapestnice REBEL vam pri My-Bracelet by Loboda tudi brezpla\\u010dno graviramo.<\\\/p>\"}}]}]}]},{\"type\":\"section\",\"props\":{\"style\":\"default\",\"width\":\"default\",\"vertical_align\":\"middle\",\"title_position\":\"top-left\",\"title_rotation\":\"left\",\"title_breakpoint\":\"xl\",\"image_position\":\"center-center\"},\"children\":[{\"type\":\"row\",\"children\":[{\"type\":\"column\",\"props\":{\"position_sticky_breakpoint\":\"m\",\"image_position\":\"center-center\",\"media_overlay_gradient\":\"\"},\"children\":[{\"type\":\"panel\",\"props\":{\"link_text\":\"Read more\",\"title_hover_style\":\"reset\",\"title_element\":\"h3\",\"title_align\":\"top\",\"title_grid_width\":\"1-2\",\"title_grid_breakpoint\":\"m\",\"meta_style\":\"meta\",\"meta_align\":\"below-title\",\"meta_element\":\"div\",\"content_column_breakpoint\":\"m\",\"icon_width\":80,\"image_align\":\"left\",\"image_grid_width\":\"1-3\",\"image_grid_breakpoint\":\"m\",\"image_svg_color\":\"emphasis\",\"link_style\":\"default\",\"margin\":\"default\",\"content\":\"\n\n<p><span>Novost v spletni trgovini My-Bracelet by Loboda, ki ponuja personaliziran nakit in dodatke so mo\\u0161ke zapestnice REBEL. Zapestnice so izdelane v kombinaciji srebra, jekla, zlata in diamantov. Mo\\u0161ke zapestnice Rebel so univerzalne velikosti, saj dobro premi\\u0161ljen dizajn sponke poskrbi, da pa\\u0161ejo na skoraj vsako zapestje. \\u017delite zapestnici dodati \\u0161e piko na i? Mo\\u0161ke zapestnice REBEL vam pri My-Bracelet by Loboda tudi brezpla\\u010dno graviramo.<\\\/span><\\\/p>\",\"title\":\"MY-BRACELET BY LOBODA MO\\u0160KI JE ELEGANTEN MO\\u0160KI V KATEREM SE SKRIVA VE\\u010cEN UPORNIK.\",\"meta\":\"Z MO\\u0160KIMI ZAPESTNICAMI KOLEKCIJE MY-BRACELET BY LOBODA REBEL SVETU POKA\\u017dITE, DA STE MODNI IN V KORAKU S \\u010cASOM. NAJ DA KOMBINACIJA SREBRA, ZLATA, JEKLA IN DIAMANTOV NA VA\\u0160EM ZAPESTJU SVETU VEDETI, DA SI UPATE BITI DRUGA\\u010cNI. \",\"image\":\"wp-content\\\/uploads\\\/2022\\\/12\\\/2021-02-21-23-40-16_1.gif\",\"panel_style\":\"card-default\",\"panel_image_no_padding\":true,\"panel_padding\":\"default\"}}]}]}]},{\"type\":\"section\",\"props\":{\"style\":\"default\",\"width\":\"default\",\"vertical_align\":\"middle\",\"title_position\":\"top-left\",\"title_rotation\":\"left\",\"title_breakpoint\":\"xl\",\"image_position\":\"center-center\"},\"children\":[{\"type\":\"row\",\"children\":[{\"type\":\"column\",\"props\":{\"position_sticky_breakpoint\":\"m\",\"image_position\":\"center-center\",\"media_overlay_gradient\":\"\"},\"children\":[{\"type\":\"panel-slider\",\"props\":{\"show_title\":true,\"show_meta\":true,\"show_content\":true,\"show_image\":true,\"show_link\":true,\"slider_width\":\"fixed\",\"slider_width_default\":\"1-1\",\"slider_width_medium\":\"1-3\",\"slider_gap\":\"\",\"slider_autoplay_pause\":true,\"nav\":\"dotnav\",\"nav_align\":\"center\",\"nav_breakpoint\":\"s\",\"slidenav\":\"\",\"slidenav_margin\":\"medium\",\"slidenav_breakpoint\":\"xl\",\"slidenav_outside_breakpoint\":\"xl\",\"panel_card_match\":true,\"title_hover_style\":\"reset\",\"title_element\":\"h3\",\"title_align\":\"top\",\"title_grid_width\":\"1-2\",\"title_grid_breakpoint\":\"m\",\"meta_style\":\"meta\",\"meta_align\":\"below-title\",\"meta_element\":\"div\",\"content_column_breakpoint\":\"m\",\"icon_width\":80,\"image_align\":\"top\",\"image_grid_width\":\"1-2\",\"image_grid_breakpoint\":\"m\",\"image_svg_color\":\"emphasis\",\"link_text\":\"Read more\",\"link_style\":\"default\",\"margin\":\"default\",\"image_width\":\"500\",\"image_height\":\"500\",\"image_link\":true,\"image_transition\":\"scale-up\"},\"children\":[{\"type\":\"panel-slider_item\",\"props\":{\"image\":\"wp-content\\\/uploads\\\/2022\\\/12\\\/IMG_20170707_210718_684.jpg\",\"title\":\"TL\"}},{\"type\":\"panel-slider_item\",\"props\":{\"image\":\"wp-content\\\/uploads\\\/2022\\\/12\\\/home_slider09.jpg\",\"title\":\"SOPH\"}},{\"type\":\"panel-slider_item\",\"props\":{\"image\":\"wp-content\\\/uploads\\\/2022\\\/12\\\/home_slider07.jpg\",\"title\":\"X\\\/O\"}},{\"type\":\"panel-slider_item\",\"props\":{\"image\":\"wp-content\\\/uploads\\\/2022\\\/12\\\/home_slider05.jpg\",\"title\":\"STRINGS\"}}]}]}]}]},{\"type\":\"section\",\"props\":{\"style\":\"muted\",\"width\":\"default\",\"vertical_align\":\"middle\",\"title_position\":\"top-left\",\"title_rotation\":\"left\",\"title_breakpoint\":\"xl\",\"image_position\":\"center-center\"},\"children\":[{\"type\":\"row\",\"children\":[{\"type\":\"column\",\"props\":{\"position_sticky_breakpoint\":\"m\",\"image_position\":\"center-center\",\"media_overlay_gradient\":\"\"},\"children\":[{\"type\":\"headline\",\"props\":{\"title_element\":\"h1\",\"content\":\"Najbolj za\\u017eeljeni izdelki\"}},{\"type\":\"divider\",\"props\":{\"divider_element\":\"hr\",\"divider_style\":\"icon\"}},{\"type\":\"grid\",\"props\":{\"show_title\":true,\"show_meta\":true,\"show_content\":true,\"show_image\":true,\"show_link\":true,\"grid_default\":\"1\",\"grid_medium\":\"4\",\"filter_style\":\"tab\",\"filter_all\":true,\"filter_position\":\"top\",\"filter_align\":\"left\",\"filter_grid_width\":\"auto\",\"filter_grid_breakpoint\":\"m\",\"title_hover_style\":\"reset\",\"title_element\":\"h3\",\"title_align\":\"top\",\"title_grid_width\":\"1-2\",\"title_grid_breakpoint\":\"m\",\"meta_style\":\"meta\",\"meta_align\":\"below-title\",\"meta_element\":\"div\",\"content_column_breakpoint\":\"m\",\"icon_width\":80,\"image_align\":\"top\",\"image_grid_width\":\"1-2\",\"image_grid_breakpoint\":\"m\",\"image_svg_color\":\"emphasis\",\"link_text\":\"Read more\",\"link_style\":\"default\",\"margin\":\"default\",\"item_animation\":true,\"grid_divider\":true,\"text_align\":\"center\",\"panel_style\":\"card-default\",\"panel_link\":true,\"panel_padding\":\"small\",\"panel_image_no_padding\":false,\"link_fullwidth\":true,\"grid_column_gap\":\"small\",\"grid_row_gap\":\"small\"},\"children\":[{\"type\":\"grid_item\",\"props\":{\"image\":\"wp-content\\\/uploads\\\/2022\\\/12\\\/baccarat_large_1_1804452111.jpeg\",\"title\":\"ime\",\"meta\":\"100 \\u20ac\",\"link\":\"#\",\"link_text\":\"Kupi\"}},{\"type\":\"grid_item\",\"props\":{\"image\":\"wp-content\\\/uploads\\\/2022\\\/12\\\/IMG_20170707_210718_684.jpg\",\"title\":\"ime\",\"meta\":\"100 \\u20ac\",\"link\":\"#\",\"link_text\":\"Kupi\"}},{\"type\":\"grid_item\",\"props\":{\"image\":\"wp-content\\\/uploads\\\/2022\\\/12\\\/IMG_5179-e1678731100651.jpg\",\"title\":\"ime\",\"meta\":\"100 \\u20ac\",\"link\":\"#\",\"link_text\":\"Kupi\"}},{\"type\":\"grid_item\",\"props\":{\"image\":\"wp-content\\\/uploads\\\/2022\\\/12\\\/baccarat_large_1_1804452111.jpeg\",\"title\":\"ime\",\"meta\":\"100 \\u20ac\",\"link\":\"#\",\"link_text\":\"Kupi\"}}]}]}]}]}],\"version\":\"2.7.22\"} --><\/p>\n","protected":false},"excerpt":{"rendered":"<p>ZAPESTNICE SO ODLI\u010cEN IN NADVSE PRILJUBLJEN MODNI DODATEK, TAKO ZA \u017dENSKE KOT ZA MO\u0160KE.\u00a0Z MY-BRACELET BY LOBODA ZAPESTNICAMI BO VA\u0160A IZBIRA OB RAZLI\u010cNIH PRILO\u017dNOSTIH SEDAJ LA\u017dJA. Od modernih do elegantnih, My-bracelet by Loboda zapestnice lahko kombinirate glede na va\u0161 stil in trenutni modni navdih. Zadrege ob izbiri pravih daril za razli\u010dna obdarovanja postanejo preteklost. Z [&hellip;]<\/p>\n","protected":false},"author":1,"featured_media":0,"parent":0,"menu_order":0,"comment_status":"closed","ping_status":"closed","template":"","meta":{"footnotes":""},"class_list":["post-16","page","type-page","status-publish","hentry"],"yoast_head":"<!-- This site is optimized with the Yoast SEO plugin v20.2.1 - https:\/\/yoast.com\/wordpress\/plugins\/seo\/ -->\n<title>Domov - My Bracelet<\/title>\n<meta name=\"robots\" content=\"index, follow, max-snippet:-1, max-image-preview:large, max-video-preview:-1\" \/>\n<link rel=\"canonical\" href=\"https:\/\/my-bracelet.com\/2023\/\" \/>\n<meta property=\"og:locale\" content=\"sl_SI\" \/>\n<meta property=\"og:type\" content=\"article\" \/>\n<meta property=\"og:title\" content=\"Domov - My Bracelet\" \/>\n<meta property=\"og:description\" content=\"ZAPESTNICE SO ODLI\u010cEN IN NADVSE PRILJUBLJEN MODNI DODATEK, TAKO ZA \u017dENSKE KOT ZA MO\u0160KE.\u00a0Z MY-BRACELET BY LOBODA ZAPESTNICAMI BO VA\u0160A IZBIRA OB RAZLI\u010cNIH PRILO\u017dNOSTIH SEDAJ LA\u017dJA. Od modernih do elegantnih, My-bracelet by Loboda zapestnice lahko kombinirate glede na va\u0161 stil in trenutni modni navdih. Zadrege ob izbiri pravih daril za razli\u010dna obdarovanja postanejo preteklost. Z [&hellip;]\" \/>\n<meta property=\"og:url\" content=\"https:\/\/my-bracelet.com\/2023\/\" \/>\n<meta property=\"og:site_name\" content=\"My Bracelet\" \/>\n<meta property=\"article:modified_time\" content=\"2023-03-13T19:32:17+00:00\" \/>\n<meta name=\"twitter:card\" content=\"summary_large_image\" \/>\n<meta name=\"twitter:label1\" content=\"Est. reading time\" \/>\n\t<meta name=\"twitter:data1\" content=\"2 minuti\" \/>\n<script type=\"application\/ld+json\" class=\"yoast-schema-graph\">{\"@context\":\"https:\/\/schema.org\",\"@graph\":[{\"@type\":\"WebPage\",\"@id\":\"https:\/\/my-bracelet.com\/2023\/\",\"url\":\"https:\/\/my-bracelet.com\/2023\/\",\"name\":\"Domov - My Bracelet\",\"isPartOf\":{\"@id\":\"https:\/\/my-bracelet.com\/2023\/#website\"},\"datePublished\":\"2022-12-16T11:33:25+00:00\",\"dateModified\":\"2023-03-13T19:32:17+00:00\",\"breadcrumb\":{\"@id\":\"https:\/\/my-bracelet.com\/2023\/#breadcrumb\"},\"inLanguage\":\"sl-SI\",\"potentialAction\":[{\"@type\":\"ReadAction\",\"target\":[\"https:\/\/my-bracelet.com\/2023\/\"]}]},{\"@type\":\"BreadcrumbList\",\"@id\":\"https:\/\/my-bracelet.com\/2023\/#breadcrumb\",\"itemListElement\":[{\"@type\":\"ListItem\",\"position\":1,\"name\":\"Home\",\"item\":\"https:\/\/my-bracelet.com\/2023\/\"},{\"@type\":\"ListItem\",\"position\":2,\"name\":\"Domov\"}]},{\"@type\":\"WebSite\",\"@id\":\"https:\/\/my-bracelet.com\/2023\/#website\",\"url\":\"https:\/\/my-bracelet.com\/2023\/\",\"name\":\"My Bracelet\",\"description\":\"Bracelets by Loboda\",\"potentialAction\":[{\"@type\":\"SearchAction\",\"target\":{\"@type\":\"EntryPoint\",\"urlTemplate\":\"https:\/\/my-bracelet.com\/2023\/?s={search_term_string}\"},\"query-input\":\"required name=search_term_string\"}],\"inLanguage\":\"sl-SI\"}]}<\/script>\n<!-- \/ Yoast SEO plugin. -->","yoast_head_json":{"title":"Domov - My Bracelet","robots":{"index":"index","follow":"follow","max-snippet":"max-snippet:-1","max-image-preview":"max-image-preview:large","max-video-preview":"max-video-preview:-1"},"canonical":"https:\/\/my-bracelet.com\/2023\/","og_locale":"sl_SI","og_type":"article","og_title":"Domov - My Bracelet","og_description":"ZAPESTNICE SO ODLI\u010cEN IN NADVSE PRILJUBLJEN MODNI DODATEK, TAKO ZA \u017dENSKE KOT ZA MO\u0160KE.\u00a0Z MY-BRACELET BY LOBODA ZAPESTNICAMI BO VA\u0160A IZBIRA OB RAZLI\u010cNIH PRILO\u017dNOSTIH SEDAJ LA\u017dJA. Od modernih do elegantnih, My-bracelet by Loboda zapestnice lahko kombinirate glede na va\u0161 stil in trenutni modni navdih. Zadrege ob izbiri pravih daril za razli\u010dna obdarovanja postanejo preteklost. Z [&hellip;]","og_url":"https:\/\/my-bracelet.com\/2023\/","og_site_name":"My Bracelet","article_modified_time":"2023-03-13T19:32:17+00:00","twitter_card":"summary_large_image","twitter_misc":{"Est. reading time":"2 minuti"},"schema":{"@context":"https:\/\/schema.org","@graph":[{"@type":"WebPage","@id":"https:\/\/my-bracelet.com\/2023\/","url":"https:\/\/my-bracelet.com\/2023\/","name":"Domov - My Bracelet","isPartOf":{"@id":"https:\/\/my-bracelet.com\/2023\/#website"},"datePublished":"2022-12-16T11:33:25+00:00","dateModified":"2023-03-13T19:32:17+00:00","breadcrumb":{"@id":"https:\/\/my-bracelet.com\/2023\/#breadcrumb"},"inLanguage":"sl-SI","potentialAction":[{"@type":"ReadAction","target":["https:\/\/my-bracelet.com\/2023\/"]}]},{"@type":"BreadcrumbList","@id":"https:\/\/my-bracelet.com\/2023\/#breadcrumb","itemListElement":[{"@type":"ListItem","position":1,"name":"Home","item":"https:\/\/my-bracelet.com\/2023\/"},{"@type":"ListItem","position":2,"name":"Domov"}]},{"@type":"WebSite","@id":"https:\/\/my-bracelet.com\/2023\/#website","url":"https:\/\/my-bracelet.com\/2023\/","name":"My Bracelet","description":"Bracelets by Loboda","potentialAction":[{"@type":"SearchAction","target":{"@type":"EntryPoint","urlTemplate":"https:\/\/my-bracelet.com\/2023\/?s={search_term_string}"},"query-input":"required name=search_term_string"}],"inLanguage":"sl-SI"}]}},"_links":{"self":[{"href":"https:\/\/my-bracelet.com\/2023\/wp-json\/wp\/v2\/pages\/16","targetHints":{"allow":["GET"]}}],"collection":[{"href":"https:\/\/my-bracelet.com\/2023\/wp-json\/wp\/v2\/pages"}],"about":[{"href":"https:\/\/my-bracelet.com\/2023\/wp-json\/wp\/v2\/types\/page"}],"author":[{"embeddable":true,"href":"https:\/\/my-bracelet.com\/2023\/wp-json\/wp\/v2\/users\/1"}],"replies":[{"embeddable":true,"href":"https:\/\/my-bracelet.com\/2023\/wp-json\/wp\/v2\/comments?post=16"}],"version-history":[{"count":20,"href":"https:\/\/my-bracelet.com\/2023\/wp-json\/wp\/v2\/pages\/16\/revisions"}],"predecessor-version":[{"id":925,"href":"https:\/\/my-bracelet.com\/2023\/wp-json\/wp\/v2\/pages\/16\/revisions\/925"}],"wp:attachment":[{"href":"https:\/\/my-bracelet.com\/2023\/wp-json\/wp\/v2\/media?parent=16"}],"curies":[{"name":"wp","href":"https:\/\/api.w.org\/{rel}","templated":true}]}}