{"id":847,"date":"2022-12-16T12:18:58","date_gmt":"2022-12-16T12:18:58","guid":{"rendered":"https:\/\/my-bracelet.com\/2023\/?page_id=847"},"modified":"2022-12-16T12:54:11","modified_gmt":"2022-12-16T12:54:11","slug":"o-nas","status":"publish","type":"page","link":"https:\/\/my-bracelet.com\/2023\/o-nas\/","title":{"rendered":"O nas"},"content":{"rendered":"<div>\n<h1>MY-BRACELET BY LOBODA<\/h1>\n<p>&#8221;Zaupajte vase, sledite svojim idejam in uspelo vam bo&#8221; je stavek, ki ga je tekom odra\u0161\u010danja pogosto ponovil najin o\u010de Tomislav Loboda, priznan juvelir, ustanovitelj zlatarstva Loboda z dolgoletno tradicijo in \u010dlovek, ki je zaslu\u017een za najino nadaljno poslovno in poklicno usmeritev.\u00a0<\/p>\n<p>Za nakitom pod imenom &#8221;My-bracelet by Loboda&#8221; stojiva brat in sestra, Peter in Lara Loboda. Z zgoraj omenjeno mislijo, sva se notranja oblikovalka z veliko ljubeznijo do nakita in kamnov ter priznan zlatarski mojster s pridobljeno izobrazbo ocenjevalca diamantov, dragih in okrasnih kamnov ter organskih snovi, lotila dopolnitve zgodbe dru\u017eine Loboda.<\/p>\n<p>&#8221;My-bracelet by Loboda&#8221; je blagovna znamka z zapestnicami, izdelanimi iz \u017elahtnih kovin, dragih ter okrasnih kamnov, biserov in drugih zanimivih materialov, ki skrbi za pestro ponudbo skrbno, natan\u010dno in kakovostno izdelanih zapestnic na evropskem tr\u017ei\u0161\u010du. Stalno sledenje dizajnu in modi, dolgoletne izku\u0161nje v izdelovanju presti\u017enega nakita ter ljubezen do ro\u010dnega dela so klju\u010dni del zgodbe &#8221;My-bracelet by Loboda&#8221;.<\/p>\n<p>Z izbiro le najbolj\u0161ih kamnov in materialov preverjenih evropskih brusilnic ter dolgoletnim sodelovanjem z dobavitelji, zagotavljava kakovost s certificiranjem na\u0161ih izdelkov.<\/p>\n<p>S stalnim dopolnjevanjem ponudbe zapestnic &#8221;My-bracelet by Loboda&#8221; bova poskrbela, da boste z modnimi dodatki na va\u0161ih zapestjih vedno v koraku s trenutnimi trendi, z mo\u017enostjo simpati\u010dne personalizacije-graviranja ve\u010dine kosov, pa bo va\u0161a zapestnica in z njo tudi vi, vedno v centru pozornosti.\u00a0<\/p>\n<p><strong>Peter in Lara Loboda \u00a0 \u00a0<\/strong><span>\u00a0<\/span><\/p>\n<\/div>\n<p><!--more--><br \/>\n<!-- {\"type\":\"layout\",\"children\":[{\"type\":\"section\",\"props\":{\"style\":\"default\",\"width\":\"default\",\"vertical_align\":\"middle\",\"title_position\":\"top-left\",\"title_rotation\":\"left\",\"title_breakpoint\":\"xl\",\"image_position\":\"center-center\"},\"children\":[{\"type\":\"row\",\"children\":[{\"type\":\"column\",\"props\":{\"position_sticky_breakpoint\":\"m\",\"image_position\":\"center-center\",\"media_overlay_gradient\":\"\"},\"children\":[{\"type\":\"text\",\"props\":{\"margin\":\"default\",\"column_breakpoint\":\"m\",\"content\":\"\n\n<h1>MY-BRACELET BY LOBODA<\\\/h1>\\n\n\n<p>''Zaupajte vase, sledite svojim idejam in uspelo vam bo'' je stavek, ki ga je tekom odra\\u0161\\u010danja pogosto ponovil najin o\\u010de Tomislav Loboda, priznan juvelir, ustanovitelj zlatarstva Loboda z dolgoletno tradicijo in \\u010dlovek, ki je zaslu\\u017een za najino nadaljno poslovno in poklicno usmeritev.\\u00a0<\\\/p>\\n\n\n<p>Za nakitom pod imenom ''My-bracelet by Loboda'' stojiva brat in sestra, Peter in Lara Loboda. Z zgoraj omenjeno mislijo, sva se notranja oblikovalka z veliko ljubeznijo do nakita in kamnov ter priznan zlatarski mojster s pridobljeno izobrazbo ocenjevalca diamantov, dragih in okrasnih kamnov ter organskih snovi, lotila dopolnitve zgodbe dru\\u017eine Loboda.<\\\/p>\\n\n\n<p>''My-bracelet by Loboda'' je blagovna znamka z zapestnicami, izdelanimi iz \\u017elahtnih kovin, dragih ter okrasnih kamnov, biserov in drugih zanimivih materialov, ki skrbi za pestro ponudbo skrbno, natan\\u010dno in kakovostno izdelanih zapestnic na evropskem tr\\u017ei\\u0161\\u010du. Stalno sledenje dizajnu in modi, dolgoletne izku\\u0161nje v izdelovanju presti\\u017enega nakita ter ljubezen do ro\\u010dnega dela so klju\\u010dni del zgodbe ''My-bracelet by Loboda''.<\\\/p>\\n\n\n<p>Z izbiro le najbolj\\u0161ih kamnov in materialov preverjenih evropskih brusilnic ter dolgoletnim sodelovanjem z dobavitelji, zagotavljava kakovost s certificiranjem na\\u0161ih izdelkov.<\\\/p>\\n\n\n<p>S stalnim dopolnjevanjem ponudbe zapestnic ''My-bracelet by Loboda'' bova poskrbela, da boste z modnimi dodatki na va\\u0161ih zapestjih vedno v koraku s trenutnimi trendi, z mo\\u017enostjo simpati\\u010dne personalizacije-graviranja ve\\u010dine kosov, pa bo va\\u0161a zapestnica in z njo tudi vi, vedno v centru pozornosti.\\u00a0<\\\/p>\\n\n\n<p><strong>Peter in Lara Loboda \\u00a0 \\u00a0<\\\/strong><span>\\u00a0<\\\/span><\\\/p>\"}}]}]}]}],\"version\":\"2.7.22\"} --><\/p>\n","protected":false},"excerpt":{"rendered":"<p>MY-BRACELET BY LOBODA &#8221;Zaupajte vase, sledite svojim idejam in uspelo vam bo&#8221; je stavek, ki ga je tekom odra\u0161\u010danja pogosto ponovil najin o\u010de Tomislav Loboda, priznan juvelir, ustanovitelj zlatarstva Loboda z dolgoletno tradicijo in \u010dlovek, ki je zaslu\u017een za najino nadaljno poslovno in poklicno usmeritev.\u00a0 Za nakitom pod imenom &#8221;My-bracelet by Loboda&#8221; stojiva brat in [&hellip;]<\/p>\n","protected":false},"author":1,"featured_media":0,"parent":0,"menu_order":0,"comment_status":"closed","ping_status":"closed","template":"","meta":{"footnotes":""},"class_list":["post-847","page","type-page","status-publish","hentry"],"yoast_head":"<!-- This site is optimized with the Yoast SEO plugin v20.2.1 - https:\/\/yoast.com\/wordpress\/plugins\/seo\/ -->\n<title>O nas - My Bracelet<\/title>\n<meta name=\"robots\" content=\"index, follow, max-snippet:-1, max-image-preview:large, max-video-preview:-1\" \/>\n<link rel=\"canonical\" href=\"https:\/\/my-bracelet.com\/2023\/o-nas\/\" \/>\n<meta property=\"og:locale\" content=\"sl_SI\" \/>\n<meta property=\"og:type\" content=\"article\" \/>\n<meta property=\"og:title\" content=\"O nas - My Bracelet\" \/>\n<meta property=\"og:description\" content=\"MY-BRACELET BY LOBODA &#8221;Zaupajte vase, sledite svojim idejam in uspelo vam bo&#8221; je stavek, ki ga je tekom odra\u0161\u010danja pogosto ponovil najin o\u010de Tomislav Loboda, priznan juvelir, ustanovitelj zlatarstva Loboda z dolgoletno tradicijo in \u010dlovek, ki je zaslu\u017een za najino nadaljno poslovno in poklicno usmeritev.\u00a0 Za nakitom pod imenom &#8221;My-bracelet by Loboda&#8221; stojiva brat in [&hellip;]\" \/>\n<meta property=\"og:url\" content=\"https:\/\/my-bracelet.com\/2023\/o-nas\/\" \/>\n<meta property=\"og:site_name\" content=\"My Bracelet\" \/>\n<meta property=\"article:modified_time\" content=\"2022-12-16T12:54:11+00:00\" \/>\n<meta name=\"twitter:card\" content=\"summary_large_image\" \/>\n<meta name=\"twitter:label1\" content=\"Est. reading time\" \/>\n\t<meta name=\"twitter:data1\" content=\"1 minuta\" \/>\n<script type=\"application\/ld+json\" class=\"yoast-schema-graph\">{\"@context\":\"https:\/\/schema.org\",\"@graph\":[{\"@type\":\"WebPage\",\"@id\":\"https:\/\/my-bracelet.com\/2023\/o-nas\/\",\"url\":\"https:\/\/my-bracelet.com\/2023\/o-nas\/\",\"name\":\"O nas - My Bracelet\",\"isPartOf\":{\"@id\":\"https:\/\/my-bracelet.com\/2023\/#website\"},\"datePublished\":\"2022-12-16T12:18:58+00:00\",\"dateModified\":\"2022-12-16T12:54:11+00:00\",\"breadcrumb\":{\"@id\":\"https:\/\/my-bracelet.com\/2023\/o-nas\/#breadcrumb\"},\"inLanguage\":\"sl-SI\",\"potentialAction\":[{\"@type\":\"ReadAction\",\"target\":[\"https:\/\/my-bracelet.com\/2023\/o-nas\/\"]}]},{\"@type\":\"BreadcrumbList\",\"@id\":\"https:\/\/my-bracelet.com\/2023\/o-nas\/#breadcrumb\",\"itemListElement\":[{\"@type\":\"ListItem\",\"position\":1,\"name\":\"Home\",\"item\":\"https:\/\/my-bracelet.com\/2023\/\"},{\"@type\":\"ListItem\",\"position\":2,\"name\":\"O nas\"}]},{\"@type\":\"WebSite\",\"@id\":\"https:\/\/my-bracelet.com\/2023\/#website\",\"url\":\"https:\/\/my-bracelet.com\/2023\/\",\"name\":\"My Bracelet\",\"description\":\"Bracelets by Loboda\",\"potentialAction\":[{\"@type\":\"SearchAction\",\"target\":{\"@type\":\"EntryPoint\",\"urlTemplate\":\"https:\/\/my-bracelet.com\/2023\/?s={search_term_string}\"},\"query-input\":\"required name=search_term_string\"}],\"inLanguage\":\"sl-SI\"}]}<\/script>\n<!-- \/ Yoast SEO plugin. -->","yoast_head_json":{"title":"O nas - My Bracelet","robots":{"index":"index","follow":"follow","max-snippet":"max-snippet:-1","max-image-preview":"max-image-preview:large","max-video-preview":"max-video-preview:-1"},"canonical":"https:\/\/my-bracelet.com\/2023\/o-nas\/","og_locale":"sl_SI","og_type":"article","og_title":"O nas - My Bracelet","og_description":"MY-BRACELET BY LOBODA &#8221;Zaupajte vase, sledite svojim idejam in uspelo vam bo&#8221; je stavek, ki ga je tekom odra\u0161\u010danja pogosto ponovil najin o\u010de Tomislav Loboda, priznan juvelir, ustanovitelj zlatarstva Loboda z dolgoletno tradicijo in \u010dlovek, ki je zaslu\u017een za najino nadaljno poslovno in poklicno usmeritev.\u00a0 Za nakitom pod imenom &#8221;My-bracelet by Loboda&#8221; stojiva brat in [&hellip;]","og_url":"https:\/\/my-bracelet.com\/2023\/o-nas\/","og_site_name":"My Bracelet","article_modified_time":"2022-12-16T12:54:11+00:00","twitter_card":"summary_large_image","twitter_misc":{"Est. reading time":"1 minuta"},"schema":{"@context":"https:\/\/schema.org","@graph":[{"@type":"WebPage","@id":"https:\/\/my-bracelet.com\/2023\/o-nas\/","url":"https:\/\/my-bracelet.com\/2023\/o-nas\/","name":"O nas - My Bracelet","isPartOf":{"@id":"https:\/\/my-bracelet.com\/2023\/#website"},"datePublished":"2022-12-16T12:18:58+00:00","dateModified":"2022-12-16T12:54:11+00:00","breadcrumb":{"@id":"https:\/\/my-bracelet.com\/2023\/o-nas\/#breadcrumb"},"inLanguage":"sl-SI","potentialAction":[{"@type":"ReadAction","target":["https:\/\/my-bracelet.com\/2023\/o-nas\/"]}]},{"@type":"BreadcrumbList","@id":"https:\/\/my-bracelet.com\/2023\/o-nas\/#breadcrumb","itemListElement":[{"@type":"ListItem","position":1,"name":"Home","item":"https:\/\/my-bracelet.com\/2023\/"},{"@type":"ListItem","position":2,"name":"O nas"}]},{"@type":"WebSite","@id":"https:\/\/my-bracelet.com\/2023\/#website","url":"https:\/\/my-bracelet.com\/2023\/","name":"My Bracelet","description":"Bracelets by Loboda","potentialAction":[{"@type":"SearchAction","target":{"@type":"EntryPoint","urlTemplate":"https:\/\/my-bracelet.com\/2023\/?s={search_term_string}"},"query-input":"required name=search_term_string"}],"inLanguage":"sl-SI"}]}},"_links":{"self":[{"href":"https:\/\/my-bracelet.com\/2023\/wp-json\/wp\/v2\/pages\/847","targetHints":{"allow":["GET"]}}],"collection":[{"href":"https:\/\/my-bracelet.com\/2023\/wp-json\/wp\/v2\/pages"}],"about":[{"href":"https:\/\/my-bracelet.com\/2023\/wp-json\/wp\/v2\/types\/page"}],"author":[{"embeddable":true,"href":"https:\/\/my-bracelet.com\/2023\/wp-json\/wp\/v2\/users\/1"}],"replies":[{"embeddable":true,"href":"https:\/\/my-bracelet.com\/2023\/wp-json\/wp\/v2\/comments?post=847"}],"version-history":[{"count":2,"href":"https:\/\/my-bracelet.com\/2023\/wp-json\/wp\/v2\/pages\/847\/revisions"}],"predecessor-version":[{"id":878,"href":"https:\/\/my-bracelet.com\/2023\/wp-json\/wp\/v2\/pages\/847\/revisions\/878"}],"wp:attachment":[{"href":"https:\/\/my-bracelet.com\/2023\/wp-json\/wp\/v2\/media?parent=847"}],"curies":[{"name":"wp","href":"https:\/\/api.w.org\/{rel}","templated":true}]}}