{"id":227,"date":"2022-12-16T11:40:25","date_gmt":"2022-12-16T11:40:25","guid":{"rendered":"https:\/\/my-bracelet.com\/2023\/?post_type=product&#038;p=227"},"modified":"2022-12-16T11:40:25","modified_gmt":"2022-12-16T11:40:25","slug":"strings-love-3","status":"publish","type":"product","link":"https:\/\/my-bracelet.com\/2023\/product\/strings-love-3\/","title":{"rendered":"STRINGS Love 3"},"content":{"rendered":"<h4>My-bracelet by Loboda zapestnice STRINGS z magnetno sponko in srebrnim obeskom so enkraten kos nakita za popestritev va\u0161ega modnega stila.<\/h4>\n<p>Z barvnimi lurex tekstilnimi, prepletajo\u010dimi in rahlo lesketajo\u010dimi se trakovi so zapestnice \u017ee same po sebi posebne, z dodanim obeskom iz srebra \u010distine 925\/1000 pa zapestnico samo \u0161e dodatno nadgradimo in popestrimo. Zaradi magnetnega zapiranja so zapestnice My-bracelet by Loboda STRINGS primerne za vsakodnevno uporabo, magnet v jekleni sponki pa je izjemno mo\u010dan in prepre\u010duje, da bi se zapestnica nepri\u010dakovano odprla.&nbsp;Vsaka zapestnica je li\u010dno pakirana v darilni My-bracelet by Loboda embala\u017ei s prilo\u017eenim certifikatom avtenti\u010dnosti. Kot darilo vam ob nakupu podarjamo mo\u0161nji\u010dek za shranjevanje nakita.<\/p>\n<ul>\n<li>&nbsp;obesek iz srebra 925\/1000 , motiv &#8221;Love&#8221;<\/li>\n<li>&nbsp;lurex tekstil zlato bakrene barve<\/li>\n<li>&nbsp;univerzalna dol\u017eina (M)&nbsp;<\/li>\n<li>&nbsp;jeklena magnetna sponka<\/li>\n<li>&nbsp;darilna embala\u017ea<\/li>\n<li>&nbsp;brezpla\u010dna po\u0161tnina po Sloveniji<\/li>\n<\/ul>\n","protected":false},"excerpt":{"rendered":"<p>My-bracelet by Loboda zapestnice STRINGS z magnetno sponko in srebrnim obeskom so enkraten kos nakita za popestritev va\u0161ega modnega stila. Z barvnimi lurex tekstilnimi, prepletajo\u010dimi in rahlo lesketajo\u010dimi se trakovi so zapestnice \u017ee same po sebi posebne, z dodanim obeskom iz srebra \u010distine 925\/1000 pa zapestnico samo \u0161e dodatno nadgradimo in popestrimo. Zaradi magnetnega zapiranja [&hellip;]<\/p>\n","protected":false},"featured_media":0,"template":"","meta":[],"product_cat":[42],"product_tag":[],"class_list":["post-227","product","type-product","status-publish","hentry","product_cat-strings"],"yoast_head":"<!-- This site is optimized with the Yoast SEO plugin v20.2.1 - https:\/\/yoast.com\/wordpress\/plugins\/seo\/ -->\n<title>STRINGS Love 3 - My Bracelet<\/title>\n<meta name=\"robots\" content=\"index, follow, max-snippet:-1, max-image-preview:large, max-video-preview:-1\" \/>\n<link rel=\"canonical\" href=\"https:\/\/my-bracelet.com\/2023\/product\/strings-love-3\/\" \/>\n<meta property=\"og:locale\" content=\"sl_SI\" \/>\n<meta property=\"og:type\" content=\"article\" \/>\n<meta property=\"og:title\" content=\"STRINGS Love 3 - My Bracelet\" \/>\n<meta property=\"og:description\" content=\"My-bracelet by Loboda zapestnice STRINGS z magnetno sponko in srebrnim obeskom so enkraten kos nakita za popestritev va\u0161ega modnega stila. Z barvnimi lurex tekstilnimi, prepletajo\u010dimi in rahlo lesketajo\u010dimi se trakovi so zapestnice \u017ee same po sebi posebne, z dodanim obeskom iz srebra \u010distine 925\/1000 pa zapestnico samo \u0161e dodatno nadgradimo in popestrimo. Zaradi magnetnega zapiranja [&hellip;]\" \/>\n<meta property=\"og:url\" content=\"https:\/\/my-bracelet.com\/2023\/product\/strings-love-3\/\" \/>\n<meta property=\"og:site_name\" content=\"My Bracelet\" \/>\n<meta name=\"twitter:card\" content=\"summary_large_image\" \/>\n<meta name=\"twitter:label1\" content=\"Est. reading time\" \/>\n\t<meta name=\"twitter:data1\" content=\"1 minuta\" \/>\n<script type=\"application\/ld+json\" class=\"yoast-schema-graph\">{\"@context\":\"https:\/\/schema.org\",\"@graph\":[{\"@type\":\"WebPage\",\"@id\":\"https:\/\/my-bracelet.com\/2023\/product\/strings-love-3\/\",\"url\":\"https:\/\/my-bracelet.com\/2023\/product\/strings-love-3\/\",\"name\":\"STRINGS Love 3 - My Bracelet\",\"isPartOf\":{\"@id\":\"https:\/\/my-bracelet.com\/2023\/#website\"},\"datePublished\":\"2022-12-16T11:40:25+00:00\",\"dateModified\":\"2022-12-16T11:40:25+00:00\",\"breadcrumb\":{\"@id\":\"https:\/\/my-bracelet.com\/2023\/product\/strings-love-3\/#breadcrumb\"},\"inLanguage\":\"sl-SI\",\"potentialAction\":[{\"@type\":\"ReadAction\",\"target\":[\"https:\/\/my-bracelet.com\/2023\/product\/strings-love-3\/\"]}]},{\"@type\":\"BreadcrumbList\",\"@id\":\"https:\/\/my-bracelet.com\/2023\/product\/strings-love-3\/#breadcrumb\",\"itemListElement\":[{\"@type\":\"ListItem\",\"position\":1,\"name\":\"Home\",\"item\":\"https:\/\/my-bracelet.com\/2023\/\"},{\"@type\":\"ListItem\",\"position\":2,\"name\":\"Shop\",\"item\":\"https:\/\/my-bracelet.com\/2023\/shop\/\"},{\"@type\":\"ListItem\",\"position\":3,\"name\":\"STRINGS Love 3\"}]},{\"@type\":\"WebSite\",\"@id\":\"https:\/\/my-bracelet.com\/2023\/#website\",\"url\":\"https:\/\/my-bracelet.com\/2023\/\",\"name\":\"My Bracelet\",\"description\":\"Bracelets by Loboda\",\"potentialAction\":[{\"@type\":\"SearchAction\",\"target\":{\"@type\":\"EntryPoint\",\"urlTemplate\":\"https:\/\/my-bracelet.com\/2023\/?s={search_term_string}\"},\"query-input\":\"required name=search_term_string\"}],\"inLanguage\":\"sl-SI\"}]}<\/script>\n<!-- \/ Yoast SEO plugin. -->","yoast_head_json":{"title":"STRINGS Love 3 - My Bracelet","robots":{"index":"index","follow":"follow","max-snippet":"max-snippet:-1","max-image-preview":"max-image-preview:large","max-video-preview":"max-video-preview:-1"},"canonical":"https:\/\/my-bracelet.com\/2023\/product\/strings-love-3\/","og_locale":"sl_SI","og_type":"article","og_title":"STRINGS Love 3 - My Bracelet","og_description":"My-bracelet by Loboda zapestnice STRINGS z magnetno sponko in srebrnim obeskom so enkraten kos nakita za popestritev va\u0161ega modnega stila. Z barvnimi lurex tekstilnimi, prepletajo\u010dimi in rahlo lesketajo\u010dimi se trakovi so zapestnice \u017ee same po sebi posebne, z dodanim obeskom iz srebra \u010distine 925\/1000 pa zapestnico samo \u0161e dodatno nadgradimo in popestrimo. Zaradi magnetnega zapiranja [&hellip;]","og_url":"https:\/\/my-bracelet.com\/2023\/product\/strings-love-3\/","og_site_name":"My Bracelet","twitter_card":"summary_large_image","twitter_misc":{"Est. reading time":"1 minuta"},"schema":{"@context":"https:\/\/schema.org","@graph":[{"@type":"WebPage","@id":"https:\/\/my-bracelet.com\/2023\/product\/strings-love-3\/","url":"https:\/\/my-bracelet.com\/2023\/product\/strings-love-3\/","name":"STRINGS Love 3 - My Bracelet","isPartOf":{"@id":"https:\/\/my-bracelet.com\/2023\/#website"},"datePublished":"2022-12-16T11:40:25+00:00","dateModified":"2022-12-16T11:40:25+00:00","breadcrumb":{"@id":"https:\/\/my-bracelet.com\/2023\/product\/strings-love-3\/#breadcrumb"},"inLanguage":"sl-SI","potentialAction":[{"@type":"ReadAction","target":["https:\/\/my-bracelet.com\/2023\/product\/strings-love-3\/"]}]},{"@type":"BreadcrumbList","@id":"https:\/\/my-bracelet.com\/2023\/product\/strings-love-3\/#breadcrumb","itemListElement":[{"@type":"ListItem","position":1,"name":"Home","item":"https:\/\/my-bracelet.com\/2023\/"},{"@type":"ListItem","position":2,"name":"Shop","item":"https:\/\/my-bracelet.com\/2023\/shop\/"},{"@type":"ListItem","position":3,"name":"STRINGS Love 3"}]},{"@type":"WebSite","@id":"https:\/\/my-bracelet.com\/2023\/#website","url":"https:\/\/my-bracelet.com\/2023\/","name":"My Bracelet","description":"Bracelets by Loboda","potentialAction":[{"@type":"SearchAction","target":{"@type":"EntryPoint","urlTemplate":"https:\/\/my-bracelet.com\/2023\/?s={search_term_string}"},"query-input":"required name=search_term_string"}],"inLanguage":"sl-SI"}]}},"_links":{"self":[{"href":"https:\/\/my-bracelet.com\/2023\/wp-json\/wp\/v2\/product\/227","targetHints":{"allow":["GET"]}}],"collection":[{"href":"https:\/\/my-bracelet.com\/2023\/wp-json\/wp\/v2\/product"}],"about":[{"href":"https:\/\/my-bracelet.com\/2023\/wp-json\/wp\/v2\/types\/product"}],"wp:attachment":[{"href":"https:\/\/my-bracelet.com\/2023\/wp-json\/wp\/v2\/media?parent=227"}],"wp:term":[{"taxonomy":"product_cat","embeddable":true,"href":"https:\/\/my-bracelet.com\/2023\/wp-json\/wp\/v2\/product_cat?post=227"},{"taxonomy":"product_tag","embeddable":true,"href":"https:\/\/my-bracelet.com\/2023\/wp-json\/wp\/v2\/product_tag?post=227"}],"curies":[{"name":"wp","href":"https:\/\/api.w.org\/{rel}","templated":true}]}}