{"id":330,"date":"2022-12-16T11:40:57","date_gmt":"2022-12-16T11:40:57","guid":{"rendered":"https:\/\/my-bracelet.com\/2023\/?post_type=product&#038;p=330"},"modified":"2022-12-16T11:40:57","modified_gmt":"2022-12-16T11:40:57","slug":"elegance-firenze-set","status":"publish","type":"product","link":"https:\/\/my-bracelet.com\/2023\/product\/elegance-firenze-set\/","title":{"rendered":"ELEGANCE FIRENZE SET"},"content":{"rendered":"<h4 style=\"background: none; margin: 0px 0px 15px; text-align: left; color: #444444; text-transform: none; line-height: 28px; text-indent: 0px; letter-spacing: normal; font-size: 20px; font-style: normal; font-variant: normal; font-weight: 400; text-decoration: none; word-spacing: 0px; white-space: normal; orphans: 2; text-shadow: none;\">Ble\u0161\u010de\u010d gala ve\u010der v mestni operi ali tek po pra\u0161nih, sivih ulicah urbane d\u017eungle, My-Bracelet by Loboda ELEGANCE kolekcija je namenjena prav vam, damam, ki ste rade elegantno urejene, ne glede na prilo\u017enost in tempo, ki vam ga narekuje moderno \u017eivljenje. Zapestnice so primerne tako za dnevne kot ve\u010derne prilo\u017enosti. Izvrstna izbira so tudi kot poro\u010dni nakit ali poro\u010dno darilo.<\/h4>\n<p style=\"background: none; margin: 15px 0px; text-align: left; color: #000000; text-transform: none; text-indent: 0px; letter-spacing: normal; font-size: 13px; font-style: normal; font-variant: normal; font-weight: 400; text-decoration: none; word-spacing: 0px; white-space: normal; orphans: 2; text-shadow: none;\">My-bracelet by Loboda zapestnica ELEGANCE FIRENZE Set je set dveh zapestnic izdelanih iz srebra \u010distine 925\/1000 z rumeno in rde\u010do pozlato ter vdelanimi cirkoni, v stilu presti\u017enih diamantnih zapestnic v obliki obro\u010da. Velikost zapestnic je univerzalna (M). Obro\u010dki, v katerih so vdelani cirkoni, so vrtljivi. Set dveh zapestnic je li\u010dno pakiran v darilni My-bracelet by Loboda embala\u017ei s prilo\u017eenim certifikatom avtenti\u010dnosti. Kot darilo vam ob nakupu podarjamo mo\u0161nji\u010dek za shranjevanje nakita.<\/p>\n<ul style=\"background: none; margin: 15px 0px; text-align: left; color: #000000; text-transform: none; text-indent: 0px; letter-spacing: normal; padding-left: 30px; font-size: 13px; font-style: normal; font-variant: normal; font-weight: 400; text-decoration: none; word-spacing: 0px; white-space: normal; orphans: 2; text-shadow: none;\">\n<li>&nbsp;set dveh zapestnic<\/li>\n<li style=\"background: none; color: #000000; text-shadow: none;\">&nbsp;srebro \u010distine 925\/1000, rodinirano in z rumeno pozlato<\/li>\n<li style=\"background: none; color: #000000; text-shadow: none;\">&nbsp;cirkoni vdelani v vrtljivih obro\u010dkih (rodinirano, rumena in rde\u010da pozlata)<\/li>\n<li style=\"background: none; color: #000000; text-shadow: none;\">&nbsp;univerzalna velikost (M)&nbsp;<\/li>\n<li style=\"background: none; color: #000000; text-shadow: none;\">&nbsp;darilna embala\u017ea<\/li>\n<li style=\"background: none; color: #000000; text-shadow: none;\">&nbsp;brezpla\u010dna po\u0161tnina po Sloveniji<\/li>\n<\/ul>\n","protected":false},"excerpt":{"rendered":"<p>Ble\u0161\u010de\u010d gala ve\u010der v mestni operi ali tek po pra\u0161nih, sivih ulicah urbane d\u017eungle, My-Bracelet by Loboda ELEGANCE kolekcija je namenjena prav vam, damam, ki ste rade elegantno urejene, ne glede na prilo\u017enost in tempo, ki vam ga narekuje moderno \u017eivljenje. Zapestnice so primerne tako za dnevne kot ve\u010derne prilo\u017enosti. Izvrstna izbira so tudi kot [&hellip;]<\/p>\n","protected":false},"featured_media":0,"template":"","meta":[],"product_cat":[43],"product_tag":[],"class_list":["post-330","product","type-product","status-publish","hentry","product_cat-elegance"],"yoast_head":"<!-- This site is optimized with the Yoast SEO plugin v20.2.1 - https:\/\/yoast.com\/wordpress\/plugins\/seo\/ -->\n<title>ELEGANCE FIRENZE SET - My Bracelet<\/title>\n<meta name=\"robots\" content=\"index, follow, max-snippet:-1, max-image-preview:large, max-video-preview:-1\" \/>\n<link rel=\"canonical\" href=\"https:\/\/my-bracelet.com\/2023\/product\/elegance-firenze-set\/\" \/>\n<meta property=\"og:locale\" content=\"sl_SI\" \/>\n<meta property=\"og:type\" content=\"article\" \/>\n<meta property=\"og:title\" content=\"ELEGANCE FIRENZE SET - My Bracelet\" \/>\n<meta property=\"og:description\" content=\"Ble\u0161\u010de\u010d gala ve\u010der v mestni operi ali tek po pra\u0161nih, sivih ulicah urbane d\u017eungle, My-Bracelet by Loboda ELEGANCE kolekcija je namenjena prav vam, damam, ki ste rade elegantno urejene, ne glede na prilo\u017enost in tempo, ki vam ga narekuje moderno \u017eivljenje. Zapestnice so primerne tako za dnevne kot ve\u010derne prilo\u017enosti. Izvrstna izbira so tudi kot [&hellip;]\" \/>\n<meta property=\"og:url\" content=\"https:\/\/my-bracelet.com\/2023\/product\/elegance-firenze-set\/\" \/>\n<meta property=\"og:site_name\" content=\"My Bracelet\" \/>\n<meta name=\"twitter:card\" content=\"summary_large_image\" \/>\n<meta name=\"twitter:label1\" content=\"Est. reading time\" \/>\n\t<meta name=\"twitter:data1\" content=\"1 minuta\" \/>\n<script type=\"application\/ld+json\" class=\"yoast-schema-graph\">{\"@context\":\"https:\/\/schema.org\",\"@graph\":[{\"@type\":\"WebPage\",\"@id\":\"https:\/\/my-bracelet.com\/2023\/product\/elegance-firenze-set\/\",\"url\":\"https:\/\/my-bracelet.com\/2023\/product\/elegance-firenze-set\/\",\"name\":\"ELEGANCE FIRENZE SET - My Bracelet\",\"isPartOf\":{\"@id\":\"https:\/\/my-bracelet.com\/2023\/#website\"},\"datePublished\":\"2022-12-16T11:40:57+00:00\",\"dateModified\":\"2022-12-16T11:40:57+00:00\",\"breadcrumb\":{\"@id\":\"https:\/\/my-bracelet.com\/2023\/product\/elegance-firenze-set\/#breadcrumb\"},\"inLanguage\":\"sl-SI\",\"potentialAction\":[{\"@type\":\"ReadAction\",\"target\":[\"https:\/\/my-bracelet.com\/2023\/product\/elegance-firenze-set\/\"]}]},{\"@type\":\"BreadcrumbList\",\"@id\":\"https:\/\/my-bracelet.com\/2023\/product\/elegance-firenze-set\/#breadcrumb\",\"itemListElement\":[{\"@type\":\"ListItem\",\"position\":1,\"name\":\"Home\",\"item\":\"https:\/\/my-bracelet.com\/2023\/\"},{\"@type\":\"ListItem\",\"position\":2,\"name\":\"Shop\",\"item\":\"https:\/\/my-bracelet.com\/2023\/shop\/\"},{\"@type\":\"ListItem\",\"position\":3,\"name\":\"ELEGANCE FIRENZE SET\"}]},{\"@type\":\"WebSite\",\"@id\":\"https:\/\/my-bracelet.com\/2023\/#website\",\"url\":\"https:\/\/my-bracelet.com\/2023\/\",\"name\":\"My Bracelet\",\"description\":\"Bracelets by Loboda\",\"potentialAction\":[{\"@type\":\"SearchAction\",\"target\":{\"@type\":\"EntryPoint\",\"urlTemplate\":\"https:\/\/my-bracelet.com\/2023\/?s={search_term_string}\"},\"query-input\":\"required name=search_term_string\"}],\"inLanguage\":\"sl-SI\"}]}<\/script>\n<!-- \/ Yoast SEO plugin. -->","yoast_head_json":{"title":"ELEGANCE FIRENZE SET - My Bracelet","robots":{"index":"index","follow":"follow","max-snippet":"max-snippet:-1","max-image-preview":"max-image-preview:large","max-video-preview":"max-video-preview:-1"},"canonical":"https:\/\/my-bracelet.com\/2023\/product\/elegance-firenze-set\/","og_locale":"sl_SI","og_type":"article","og_title":"ELEGANCE FIRENZE SET - My Bracelet","og_description":"Ble\u0161\u010de\u010d gala ve\u010der v mestni operi ali tek po pra\u0161nih, sivih ulicah urbane d\u017eungle, My-Bracelet by Loboda ELEGANCE kolekcija je namenjena prav vam, damam, ki ste rade elegantno urejene, ne glede na prilo\u017enost in tempo, ki vam ga narekuje moderno \u017eivljenje. Zapestnice so primerne tako za dnevne kot ve\u010derne prilo\u017enosti. Izvrstna izbira so tudi kot [&hellip;]","og_url":"https:\/\/my-bracelet.com\/2023\/product\/elegance-firenze-set\/","og_site_name":"My Bracelet","twitter_card":"summary_large_image","twitter_misc":{"Est. reading time":"1 minuta"},"schema":{"@context":"https:\/\/schema.org","@graph":[{"@type":"WebPage","@id":"https:\/\/my-bracelet.com\/2023\/product\/elegance-firenze-set\/","url":"https:\/\/my-bracelet.com\/2023\/product\/elegance-firenze-set\/","name":"ELEGANCE FIRENZE SET - My Bracelet","isPartOf":{"@id":"https:\/\/my-bracelet.com\/2023\/#website"},"datePublished":"2022-12-16T11:40:57+00:00","dateModified":"2022-12-16T11:40:57+00:00","breadcrumb":{"@id":"https:\/\/my-bracelet.com\/2023\/product\/elegance-firenze-set\/#breadcrumb"},"inLanguage":"sl-SI","potentialAction":[{"@type":"ReadAction","target":["https:\/\/my-bracelet.com\/2023\/product\/elegance-firenze-set\/"]}]},{"@type":"BreadcrumbList","@id":"https:\/\/my-bracelet.com\/2023\/product\/elegance-firenze-set\/#breadcrumb","itemListElement":[{"@type":"ListItem","position":1,"name":"Home","item":"https:\/\/my-bracelet.com\/2023\/"},{"@type":"ListItem","position":2,"name":"Shop","item":"https:\/\/my-bracelet.com\/2023\/shop\/"},{"@type":"ListItem","position":3,"name":"ELEGANCE FIRENZE SET"}]},{"@type":"WebSite","@id":"https:\/\/my-bracelet.com\/2023\/#website","url":"https:\/\/my-bracelet.com\/2023\/","name":"My Bracelet","description":"Bracelets by Loboda","potentialAction":[{"@type":"SearchAction","target":{"@type":"EntryPoint","urlTemplate":"https:\/\/my-bracelet.com\/2023\/?s={search_term_string}"},"query-input":"required name=search_term_string"}],"inLanguage":"sl-SI"}]}},"_links":{"self":[{"href":"https:\/\/my-bracelet.com\/2023\/wp-json\/wp\/v2\/product\/330","targetHints":{"allow":["GET"]}}],"collection":[{"href":"https:\/\/my-bracelet.com\/2023\/wp-json\/wp\/v2\/product"}],"about":[{"href":"https:\/\/my-bracelet.com\/2023\/wp-json\/wp\/v2\/types\/product"}],"wp:attachment":[{"href":"https:\/\/my-bracelet.com\/2023\/wp-json\/wp\/v2\/media?parent=330"}],"wp:term":[{"taxonomy":"product_cat","embeddable":true,"href":"https:\/\/my-bracelet.com\/2023\/wp-json\/wp\/v2\/product_cat?post=330"},{"taxonomy":"product_tag","embeddable":true,"href":"https:\/\/my-bracelet.com\/2023\/wp-json\/wp\/v2\/product_tag?post=330"}],"curies":[{"name":"wp","href":"https:\/\/api.w.org\/{rel}","templated":true}]}}