{"id":365,"date":"2022-12-16T11:41:09","date_gmt":"2022-12-16T11:41:09","guid":{"rendered":"https:\/\/my-bracelet.com\/2023\/?post_type=product&#038;p=365"},"modified":"2022-12-16T11:41:10","modified_gmt":"2022-12-16T11:41:10","slug":"winder-piccolo-style-2","status":"publish","type":"product","link":"https:\/\/my-bracelet.com\/2023\/product\/winder-piccolo-style-2\/","title":{"rendered":"Winder PICCOLO STYLE"},"content":{"rendered":"<h4>NAVIJALCI ZA URE SO MED LJUBITELJI MEHANSKIH UR IZJEMNO ZA\u017dELJEN PRODUKT, SAJ Z NJIHOVO UPORABO POSKRBIMO, DA JE MEHANSKA URA VEDNO PRAVILNO IN VARNO SHRANJENA TER PRIPRAVLJENA ZA UPORABO BREZ PONOVNE NASTAVITVE \u010cASA.<\/h4>\n<p>Ponujamo vam razli\u010dne velikosti in modelov navijalcev ur, primerne tako za osnovno uporabo, kot tudi za bolj zahtevne uporabnike, saj nekateri navijalci ponujajo tudi do 15 razli\u010dnih programov nastavitev rotiranja ro\u010dne ure. Navijalec ur je lahko s svojim prefinjenim dizajnom tudi zanimiva popestritev va\u0161ega doma ali pisarne. Pona\u0161ajo se z visoko kvaliteto &#8221;Made in Germany&#8221;.<\/p>\n<p>PICCOLO STYLE&nbsp;<\/p>\n<ul>\n<li>Navijalec za eno ro\u010dno uro brez elektri\u010dnega adapterja<\/li>\n<li>Do \u0161tiri Piccolo navijalce za ure lahko isto\u010dasno poganja en elektri\u010dni adapter<\/li>\n<li>Priklop na elektri\u010dno omre\u017eje<\/li>\n<li>Spredaj pokrov iz pleksi stekla<\/li>\n<li>Program omogo\u010da vrtenje ure v levo ali desno stran ter kombinacija obeh strani<\/li>\n<li>300, 500, 1150 ali 2000 rotacij na dan<\/li>\n<li>Dimenzije (\u0160 x V x G): 10 x 14,7 x 12,8 cm<\/li>\n<li>Te\u017ea: 0,5 kg<\/li>\n<li>Brezpla\u010dno po\u0161iljanje po Sloveniji<\/li>\n<\/ul>\n","protected":false},"excerpt":{"rendered":"<p>NAVIJALCI ZA URE SO MED LJUBITELJI MEHANSKIH UR IZJEMNO ZA\u017dELJEN PRODUKT, SAJ Z NJIHOVO UPORABO POSKRBIMO, DA JE MEHANSKA URA VEDNO PRAVILNO IN VARNO SHRANJENA TER PRIPRAVLJENA ZA UPORABO BREZ PONOVNE NASTAVITVE \u010cASA. Ponujamo vam razli\u010dne velikosti in modelov navijalcev ur, primerne tako za osnovno uporabo, kot tudi za bolj zahtevne uporabnike, saj nekateri navijalci [&hellip;]<\/p>\n","protected":false},"featured_media":0,"template":"","meta":[],"product_cat":[20],"product_tag":[],"class_list":["post-365","product","type-product","status-publish","hentry","product_cat-navijalci-za-ure"],"yoast_head":"<!-- This site is optimized with the Yoast SEO plugin v20.2.1 - https:\/\/yoast.com\/wordpress\/plugins\/seo\/ -->\n<title>Winder PICCOLO STYLE - My Bracelet<\/title>\n<meta name=\"robots\" content=\"index, follow, max-snippet:-1, max-image-preview:large, max-video-preview:-1\" \/>\n<link rel=\"canonical\" href=\"https:\/\/my-bracelet.com\/2023\/product\/winder-piccolo-style-2\/\" \/>\n<meta property=\"og:locale\" content=\"sl_SI\" \/>\n<meta property=\"og:type\" content=\"article\" \/>\n<meta property=\"og:title\" content=\"Winder PICCOLO STYLE - My Bracelet\" \/>\n<meta property=\"og:description\" content=\"NAVIJALCI ZA URE SO MED LJUBITELJI MEHANSKIH UR IZJEMNO ZA\u017dELJEN PRODUKT, SAJ Z NJIHOVO UPORABO POSKRBIMO, DA JE MEHANSKA URA VEDNO PRAVILNO IN VARNO SHRANJENA TER PRIPRAVLJENA ZA UPORABO BREZ PONOVNE NASTAVITVE \u010cASA. Ponujamo vam razli\u010dne velikosti in modelov navijalcev ur, primerne tako za osnovno uporabo, kot tudi za bolj zahtevne uporabnike, saj nekateri navijalci [&hellip;]\" \/>\n<meta property=\"og:url\" content=\"https:\/\/my-bracelet.com\/2023\/product\/winder-piccolo-style-2\/\" \/>\n<meta property=\"og:site_name\" content=\"My Bracelet\" \/>\n<meta property=\"article:modified_time\" content=\"2022-12-16T11:41:10+00:00\" \/>\n<meta name=\"twitter:card\" content=\"summary_large_image\" \/>\n<meta name=\"twitter:label1\" content=\"Est. reading time\" \/>\n\t<meta name=\"twitter:data1\" content=\"1 minuta\" \/>\n<script type=\"application\/ld+json\" class=\"yoast-schema-graph\">{\"@context\":\"https:\/\/schema.org\",\"@graph\":[{\"@type\":\"WebPage\",\"@id\":\"https:\/\/my-bracelet.com\/2023\/product\/winder-piccolo-style-2\/\",\"url\":\"https:\/\/my-bracelet.com\/2023\/product\/winder-piccolo-style-2\/\",\"name\":\"Winder PICCOLO STYLE - My Bracelet\",\"isPartOf\":{\"@id\":\"https:\/\/my-bracelet.com\/2023\/#website\"},\"datePublished\":\"2022-12-16T11:41:09+00:00\",\"dateModified\":\"2022-12-16T11:41:10+00:00\",\"breadcrumb\":{\"@id\":\"https:\/\/my-bracelet.com\/2023\/product\/winder-piccolo-style-2\/#breadcrumb\"},\"inLanguage\":\"sl-SI\",\"potentialAction\":[{\"@type\":\"ReadAction\",\"target\":[\"https:\/\/my-bracelet.com\/2023\/product\/winder-piccolo-style-2\/\"]}]},{\"@type\":\"BreadcrumbList\",\"@id\":\"https:\/\/my-bracelet.com\/2023\/product\/winder-piccolo-style-2\/#breadcrumb\",\"itemListElement\":[{\"@type\":\"ListItem\",\"position\":1,\"name\":\"Home\",\"item\":\"https:\/\/my-bracelet.com\/2023\/\"},{\"@type\":\"ListItem\",\"position\":2,\"name\":\"Shop\",\"item\":\"https:\/\/my-bracelet.com\/2023\/shop\/\"},{\"@type\":\"ListItem\",\"position\":3,\"name\":\"Winder PICCOLO STYLE\"}]},{\"@type\":\"WebSite\",\"@id\":\"https:\/\/my-bracelet.com\/2023\/#website\",\"url\":\"https:\/\/my-bracelet.com\/2023\/\",\"name\":\"My Bracelet\",\"description\":\"Bracelets by Loboda\",\"potentialAction\":[{\"@type\":\"SearchAction\",\"target\":{\"@type\":\"EntryPoint\",\"urlTemplate\":\"https:\/\/my-bracelet.com\/2023\/?s={search_term_string}\"},\"query-input\":\"required name=search_term_string\"}],\"inLanguage\":\"sl-SI\"}]}<\/script>\n<!-- \/ Yoast SEO plugin. -->","yoast_head_json":{"title":"Winder PICCOLO STYLE - My Bracelet","robots":{"index":"index","follow":"follow","max-snippet":"max-snippet:-1","max-image-preview":"max-image-preview:large","max-video-preview":"max-video-preview:-1"},"canonical":"https:\/\/my-bracelet.com\/2023\/product\/winder-piccolo-style-2\/","og_locale":"sl_SI","og_type":"article","og_title":"Winder PICCOLO STYLE - My Bracelet","og_description":"NAVIJALCI ZA URE SO MED LJUBITELJI MEHANSKIH UR IZJEMNO ZA\u017dELJEN PRODUKT, SAJ Z NJIHOVO UPORABO POSKRBIMO, DA JE MEHANSKA URA VEDNO PRAVILNO IN VARNO SHRANJENA TER PRIPRAVLJENA ZA UPORABO BREZ PONOVNE NASTAVITVE \u010cASA. Ponujamo vam razli\u010dne velikosti in modelov navijalcev ur, primerne tako za osnovno uporabo, kot tudi za bolj zahtevne uporabnike, saj nekateri navijalci [&hellip;]","og_url":"https:\/\/my-bracelet.com\/2023\/product\/winder-piccolo-style-2\/","og_site_name":"My Bracelet","article_modified_time":"2022-12-16T11:41:10+00:00","twitter_card":"summary_large_image","twitter_misc":{"Est. reading time":"1 minuta"},"schema":{"@context":"https:\/\/schema.org","@graph":[{"@type":"WebPage","@id":"https:\/\/my-bracelet.com\/2023\/product\/winder-piccolo-style-2\/","url":"https:\/\/my-bracelet.com\/2023\/product\/winder-piccolo-style-2\/","name":"Winder PICCOLO STYLE - My Bracelet","isPartOf":{"@id":"https:\/\/my-bracelet.com\/2023\/#website"},"datePublished":"2022-12-16T11:41:09+00:00","dateModified":"2022-12-16T11:41:10+00:00","breadcrumb":{"@id":"https:\/\/my-bracelet.com\/2023\/product\/winder-piccolo-style-2\/#breadcrumb"},"inLanguage":"sl-SI","potentialAction":[{"@type":"ReadAction","target":["https:\/\/my-bracelet.com\/2023\/product\/winder-piccolo-style-2\/"]}]},{"@type":"BreadcrumbList","@id":"https:\/\/my-bracelet.com\/2023\/product\/winder-piccolo-style-2\/#breadcrumb","itemListElement":[{"@type":"ListItem","position":1,"name":"Home","item":"https:\/\/my-bracelet.com\/2023\/"},{"@type":"ListItem","position":2,"name":"Shop","item":"https:\/\/my-bracelet.com\/2023\/shop\/"},{"@type":"ListItem","position":3,"name":"Winder PICCOLO STYLE"}]},{"@type":"WebSite","@id":"https:\/\/my-bracelet.com\/2023\/#website","url":"https:\/\/my-bracelet.com\/2023\/","name":"My Bracelet","description":"Bracelets by Loboda","potentialAction":[{"@type":"SearchAction","target":{"@type":"EntryPoint","urlTemplate":"https:\/\/my-bracelet.com\/2023\/?s={search_term_string}"},"query-input":"required name=search_term_string"}],"inLanguage":"sl-SI"}]}},"_links":{"self":[{"href":"https:\/\/my-bracelet.com\/2023\/wp-json\/wp\/v2\/product\/365","targetHints":{"allow":["GET"]}}],"collection":[{"href":"https:\/\/my-bracelet.com\/2023\/wp-json\/wp\/v2\/product"}],"about":[{"href":"https:\/\/my-bracelet.com\/2023\/wp-json\/wp\/v2\/types\/product"}],"wp:attachment":[{"href":"https:\/\/my-bracelet.com\/2023\/wp-json\/wp\/v2\/media?parent=365"}],"wp:term":[{"taxonomy":"product_cat","embeddable":true,"href":"https:\/\/my-bracelet.com\/2023\/wp-json\/wp\/v2\/product_cat?post=365"},{"taxonomy":"product_tag","embeddable":true,"href":"https:\/\/my-bracelet.com\/2023\/wp-json\/wp\/v2\/product_tag?post=365"}],"curies":[{"name":"wp","href":"https:\/\/api.w.org\/{rel}","templated":true}]}}