{"id":370,"date":"2022-12-16T11:41:11","date_gmt":"2022-12-16T11:41:11","guid":{"rendered":"https:\/\/my-bracelet.com\/2023\/?post_type=product&#038;p=370"},"modified":"2022-12-16T11:41:11","modified_gmt":"2022-12-16T11:41:11","slug":"soph-gem-nera","status":"publish","type":"product","link":"https:\/\/my-bracelet.com\/2023\/product\/soph-gem-nera\/","title":{"rendered":"SOPH GEM Nera"},"content":{"rendered":"<h4>My-bracelet by Loboda zapestnice SOPH predstavljajo elegantno in ne\u017eno nadgradnjo kolekcije X\/O.<\/h4>\n<p style=\"background: none; margin: 15px 0px; text-align: left; color: #666666; text-transform: none; text-indent: 0px; letter-spacing: normal; font-size: 14px; font-style: normal; font-variant: normal; font-weight: 300; text-decoration: none; word-spacing: 0px; white-space: normal; orphans: 2; text-shadow: none;\">My-bracelet by Loboda zapestnica SOPH GEM Nera je sestavljena iz belega sladkovodnega bisera, pozicioniranega na zaklju\u010dek obro\u010da iz srebra \u010distine 925\/1000, na drugi strani pa obro\u010d zaklju\u010duje okrasni (poldragi) kamen. Na voljo sta dve velikosti zapestnice (S in M).&nbsp;Vsaka zapestnica je li\u010dno pakirana v darilni My-bracelet by Loboda embala\u017ei s prilo\u017eenim certifikatom avtenti\u010dnosti. Kot darilo vam ob nakupu podarjamo mo\u0161nji\u010dek za shranjevanje nakita.<\/p>\n<ul style=\"background: none; margin: 15px 0px; padding: 0px 0px 0px 30px; text-align: left; color: #666666; text-transform: none; text-indent: 0px; letter-spacing: normal; font-size: 14px; font-style: normal; font-variant: normal; font-weight: 300; text-decoration: none; word-spacing: 0px; white-space: normal; orphans: 2; text-shadow: none;\">\n<li style=\"background: none; color: #666666; line-height: 24px; text-shadow: none;\">&nbsp;obro\u010d iz srebra \u010distine 925\/1000, rodiniran<\/li>\n<li style=\"background: none; color: #666666; line-height: 24px; text-shadow: none;\">&nbsp;okrogli sladkovodni biser bele barve dimenzije 8mm<\/li>\n<li style=\"background: none; color: #666666; line-height: 24px; text-shadow: none;\">&nbsp;okrasni (poldragi) kamen oniks dimenzije 10mm, fazetiran<\/li>\n<li style=\"background: none; color: #666666; line-height: 24px; text-shadow: none;\">&nbsp;izbira velikosti zapestnice&nbsp;<\/li>\n<li style=\"background: none; color: #666666; line-height: 24px; text-shadow: none;\">&nbsp;darilna embala\u017ea<\/li>\n<li style=\"background: none; color: #666666; line-height: 24px; text-shadow: none;\">&nbsp;brezpla\u010dna po\u0161tnina po Sloveniji<\/li>\n<\/ul>\n","protected":false},"excerpt":{"rendered":"<p>My-bracelet by Loboda zapestnice SOPH predstavljajo elegantno in ne\u017eno nadgradnjo kolekcije X\/O. My-bracelet by Loboda zapestnica SOPH GEM Nera je sestavljena iz belega sladkovodnega bisera, pozicioniranega na zaklju\u010dek obro\u010da iz srebra \u010distine 925\/1000, na drugi strani pa obro\u010d zaklju\u010duje okrasni (poldragi) kamen. Na voljo sta dve velikosti zapestnice (S in M).&nbsp;Vsaka zapestnica je li\u010dno pakirana [&hellip;]<\/p>\n","protected":false},"featured_media":0,"template":"","meta":[],"product_cat":[45],"product_tag":[],"class_list":["post-370","product","type-product","status-publish","hentry","product_cat-soph"],"yoast_head":"<!-- This site is optimized with the Yoast SEO plugin v20.2.1 - https:\/\/yoast.com\/wordpress\/plugins\/seo\/ -->\n<title>SOPH GEM Nera - My Bracelet<\/title>\n<meta name=\"robots\" content=\"index, follow, max-snippet:-1, max-image-preview:large, max-video-preview:-1\" \/>\n<link rel=\"canonical\" href=\"https:\/\/my-bracelet.com\/2023\/product\/soph-gem-nera\/\" \/>\n<meta property=\"og:locale\" content=\"sl_SI\" \/>\n<meta property=\"og:type\" content=\"article\" \/>\n<meta property=\"og:title\" content=\"SOPH GEM Nera - My Bracelet\" \/>\n<meta property=\"og:description\" content=\"My-bracelet by Loboda zapestnice SOPH predstavljajo elegantno in ne\u017eno nadgradnjo kolekcije X\/O. My-bracelet by Loboda zapestnica SOPH GEM Nera je sestavljena iz belega sladkovodnega bisera, pozicioniranega na zaklju\u010dek obro\u010da iz srebra \u010distine 925\/1000, na drugi strani pa obro\u010d zaklju\u010duje okrasni (poldragi) kamen. Na voljo sta dve velikosti zapestnice (S in M).&nbsp;Vsaka zapestnica je li\u010dno pakirana [&hellip;]\" \/>\n<meta property=\"og:url\" content=\"https:\/\/my-bracelet.com\/2023\/product\/soph-gem-nera\/\" \/>\n<meta property=\"og:site_name\" content=\"My Bracelet\" \/>\n<meta name=\"twitter:card\" content=\"summary_large_image\" \/>\n<meta name=\"twitter:label1\" content=\"Est. reading time\" \/>\n\t<meta name=\"twitter:data1\" content=\"1 minuta\" \/>\n<script type=\"application\/ld+json\" class=\"yoast-schema-graph\">{\"@context\":\"https:\/\/schema.org\",\"@graph\":[{\"@type\":\"WebPage\",\"@id\":\"https:\/\/my-bracelet.com\/2023\/product\/soph-gem-nera\/\",\"url\":\"https:\/\/my-bracelet.com\/2023\/product\/soph-gem-nera\/\",\"name\":\"SOPH GEM Nera - My Bracelet\",\"isPartOf\":{\"@id\":\"https:\/\/my-bracelet.com\/2023\/#website\"},\"datePublished\":\"2022-12-16T11:41:11+00:00\",\"dateModified\":\"2022-12-16T11:41:11+00:00\",\"breadcrumb\":{\"@id\":\"https:\/\/my-bracelet.com\/2023\/product\/soph-gem-nera\/#breadcrumb\"},\"inLanguage\":\"sl-SI\",\"potentialAction\":[{\"@type\":\"ReadAction\",\"target\":[\"https:\/\/my-bracelet.com\/2023\/product\/soph-gem-nera\/\"]}]},{\"@type\":\"BreadcrumbList\",\"@id\":\"https:\/\/my-bracelet.com\/2023\/product\/soph-gem-nera\/#breadcrumb\",\"itemListElement\":[{\"@type\":\"ListItem\",\"position\":1,\"name\":\"Home\",\"item\":\"https:\/\/my-bracelet.com\/2023\/\"},{\"@type\":\"ListItem\",\"position\":2,\"name\":\"Shop\",\"item\":\"https:\/\/my-bracelet.com\/2023\/shop\/\"},{\"@type\":\"ListItem\",\"position\":3,\"name\":\"SOPH GEM Nera\"}]},{\"@type\":\"WebSite\",\"@id\":\"https:\/\/my-bracelet.com\/2023\/#website\",\"url\":\"https:\/\/my-bracelet.com\/2023\/\",\"name\":\"My Bracelet\",\"description\":\"Bracelets by Loboda\",\"potentialAction\":[{\"@type\":\"SearchAction\",\"target\":{\"@type\":\"EntryPoint\",\"urlTemplate\":\"https:\/\/my-bracelet.com\/2023\/?s={search_term_string}\"},\"query-input\":\"required name=search_term_string\"}],\"inLanguage\":\"sl-SI\"}]}<\/script>\n<!-- \/ Yoast SEO plugin. -->","yoast_head_json":{"title":"SOPH GEM Nera - My Bracelet","robots":{"index":"index","follow":"follow","max-snippet":"max-snippet:-1","max-image-preview":"max-image-preview:large","max-video-preview":"max-video-preview:-1"},"canonical":"https:\/\/my-bracelet.com\/2023\/product\/soph-gem-nera\/","og_locale":"sl_SI","og_type":"article","og_title":"SOPH GEM Nera - My Bracelet","og_description":"My-bracelet by Loboda zapestnice SOPH predstavljajo elegantno in ne\u017eno nadgradnjo kolekcije X\/O. My-bracelet by Loboda zapestnica SOPH GEM Nera je sestavljena iz belega sladkovodnega bisera, pozicioniranega na zaklju\u010dek obro\u010da iz srebra \u010distine 925\/1000, na drugi strani pa obro\u010d zaklju\u010duje okrasni (poldragi) kamen. Na voljo sta dve velikosti zapestnice (S in M).&nbsp;Vsaka zapestnica je li\u010dno pakirana [&hellip;]","og_url":"https:\/\/my-bracelet.com\/2023\/product\/soph-gem-nera\/","og_site_name":"My Bracelet","twitter_card":"summary_large_image","twitter_misc":{"Est. reading time":"1 minuta"},"schema":{"@context":"https:\/\/schema.org","@graph":[{"@type":"WebPage","@id":"https:\/\/my-bracelet.com\/2023\/product\/soph-gem-nera\/","url":"https:\/\/my-bracelet.com\/2023\/product\/soph-gem-nera\/","name":"SOPH GEM Nera - My Bracelet","isPartOf":{"@id":"https:\/\/my-bracelet.com\/2023\/#website"},"datePublished":"2022-12-16T11:41:11+00:00","dateModified":"2022-12-16T11:41:11+00:00","breadcrumb":{"@id":"https:\/\/my-bracelet.com\/2023\/product\/soph-gem-nera\/#breadcrumb"},"inLanguage":"sl-SI","potentialAction":[{"@type":"ReadAction","target":["https:\/\/my-bracelet.com\/2023\/product\/soph-gem-nera\/"]}]},{"@type":"BreadcrumbList","@id":"https:\/\/my-bracelet.com\/2023\/product\/soph-gem-nera\/#breadcrumb","itemListElement":[{"@type":"ListItem","position":1,"name":"Home","item":"https:\/\/my-bracelet.com\/2023\/"},{"@type":"ListItem","position":2,"name":"Shop","item":"https:\/\/my-bracelet.com\/2023\/shop\/"},{"@type":"ListItem","position":3,"name":"SOPH GEM Nera"}]},{"@type":"WebSite","@id":"https:\/\/my-bracelet.com\/2023\/#website","url":"https:\/\/my-bracelet.com\/2023\/","name":"My Bracelet","description":"Bracelets by Loboda","potentialAction":[{"@type":"SearchAction","target":{"@type":"EntryPoint","urlTemplate":"https:\/\/my-bracelet.com\/2023\/?s={search_term_string}"},"query-input":"required name=search_term_string"}],"inLanguage":"sl-SI"}]}},"_links":{"self":[{"href":"https:\/\/my-bracelet.com\/2023\/wp-json\/wp\/v2\/product\/370","targetHints":{"allow":["GET"]}}],"collection":[{"href":"https:\/\/my-bracelet.com\/2023\/wp-json\/wp\/v2\/product"}],"about":[{"href":"https:\/\/my-bracelet.com\/2023\/wp-json\/wp\/v2\/types\/product"}],"wp:attachment":[{"href":"https:\/\/my-bracelet.com\/2023\/wp-json\/wp\/v2\/media?parent=370"}],"wp:term":[{"taxonomy":"product_cat","embeddable":true,"href":"https:\/\/my-bracelet.com\/2023\/wp-json\/wp\/v2\/product_cat?post=370"},{"taxonomy":"product_tag","embeddable":true,"href":"https:\/\/my-bracelet.com\/2023\/wp-json\/wp\/v2\/product_tag?post=370"}],"curies":[{"name":"wp","href":"https:\/\/api.w.org\/{rel}","templated":true}]}}