{"id":398,"date":"2022-12-16T11:41:21","date_gmt":"2022-12-16T11:41:21","guid":{"rendered":"https:\/\/my-bracelet.com\/2023\/?post_type=product&#038;p=398"},"modified":"2022-12-16T11:41:21","modified_gmt":"2022-12-16T11:41:21","slug":"case-carola-rose","status":"publish","type":"product","link":"https:\/\/my-bracelet.com\/2023\/product\/case-carola-rose\/","title":{"rendered":"Case CAROLA Rose"},"content":{"rendered":"<h4>Vsaka ro\u010dna ura in kos nakita imajo svojo posebno zgodbo, karakter in izgled.<\/h4>\n<h4>Shranite jih v za to namenjene \u0161katle za nakit in ure, primerne za doma ali na potovanjih.<\/h4>\n<h4>Trajno, enostavno, varno in elegantno.<\/h4>\n<ul style=\"list-style-type: disc;\">\n<li>Kov\u010dek za nakit, roza barve<\/li>\n<li>Made in Germany<\/li>\n<li>Visokokvalitetno valovito in visokosijajno eko usnje<\/li>\n<li>Trojni nivo z izvle\u010dnim predalom<\/li>\n<li>Vdelano ogledalo<\/li>\n<li>Visokokvalitetna varnostna klju\u010davnica s klju\u010dem<\/li>\n<li>Dekorativni \u0161iv<\/li>\n<li>Dimenzije (\u0160 x V x G): 19 x 14 x 9,5 cm<\/li>\n<li>Te\u017ea: 0,5 kg<\/li>\n<li>Brezpla\u010dna po\u0161tnina po Sloveniji<\/li>\n<\/ul>\n","protected":false},"excerpt":{"rendered":"<p>Vsaka ro\u010dna ura in kos nakita imajo svojo posebno zgodbo, karakter in izgled. Shranite jih v za to namenjene \u0161katle za nakit in ure, primerne za doma ali na potovanjih. Trajno, enostavno, varno in elegantno. Kov\u010dek za nakit, roza barve Made in Germany Visokokvalitetno valovito in visokosijajno eko usnje Trojni nivo z izvle\u010dnim predalom Vdelano [&hellip;]<\/p>\n","protected":false},"featured_media":0,"template":"","meta":[],"product_cat":[19],"product_tag":[],"class_list":["post-398","product","type-product","status-publish","hentry","product_cat-skatle-za-nakit"],"yoast_head":"<!-- This site is optimized with the Yoast SEO plugin v20.2.1 - https:\/\/yoast.com\/wordpress\/plugins\/seo\/ -->\n<title>Case CAROLA Rose - My Bracelet<\/title>\n<meta name=\"robots\" content=\"index, follow, max-snippet:-1, max-image-preview:large, max-video-preview:-1\" \/>\n<link rel=\"canonical\" href=\"https:\/\/my-bracelet.com\/2023\/product\/case-carola-rose\/\" \/>\n<meta property=\"og:locale\" content=\"sl_SI\" \/>\n<meta property=\"og:type\" content=\"article\" \/>\n<meta property=\"og:title\" content=\"Case CAROLA Rose - My Bracelet\" \/>\n<meta property=\"og:description\" content=\"Vsaka ro\u010dna ura in kos nakita imajo svojo posebno zgodbo, karakter in izgled. Shranite jih v za to namenjene \u0161katle za nakit in ure, primerne za doma ali na potovanjih. Trajno, enostavno, varno in elegantno. Kov\u010dek za nakit, roza barve Made in Germany Visokokvalitetno valovito in visokosijajno eko usnje Trojni nivo z izvle\u010dnim predalom Vdelano [&hellip;]\" \/>\n<meta property=\"og:url\" content=\"https:\/\/my-bracelet.com\/2023\/product\/case-carola-rose\/\" \/>\n<meta property=\"og:site_name\" content=\"My Bracelet\" \/>\n<meta name=\"twitter:card\" content=\"summary_large_image\" \/>\n<script type=\"application\/ld+json\" class=\"yoast-schema-graph\">{\"@context\":\"https:\/\/schema.org\",\"@graph\":[{\"@type\":\"WebPage\",\"@id\":\"https:\/\/my-bracelet.com\/2023\/product\/case-carola-rose\/\",\"url\":\"https:\/\/my-bracelet.com\/2023\/product\/case-carola-rose\/\",\"name\":\"Case CAROLA Rose - My Bracelet\",\"isPartOf\":{\"@id\":\"https:\/\/my-bracelet.com\/2023\/#website\"},\"datePublished\":\"2022-12-16T11:41:21+00:00\",\"dateModified\":\"2022-12-16T11:41:21+00:00\",\"breadcrumb\":{\"@id\":\"https:\/\/my-bracelet.com\/2023\/product\/case-carola-rose\/#breadcrumb\"},\"inLanguage\":\"sl-SI\",\"potentialAction\":[{\"@type\":\"ReadAction\",\"target\":[\"https:\/\/my-bracelet.com\/2023\/product\/case-carola-rose\/\"]}]},{\"@type\":\"BreadcrumbList\",\"@id\":\"https:\/\/my-bracelet.com\/2023\/product\/case-carola-rose\/#breadcrumb\",\"itemListElement\":[{\"@type\":\"ListItem\",\"position\":1,\"name\":\"Home\",\"item\":\"https:\/\/my-bracelet.com\/2023\/\"},{\"@type\":\"ListItem\",\"position\":2,\"name\":\"Shop\",\"item\":\"https:\/\/my-bracelet.com\/2023\/shop\/\"},{\"@type\":\"ListItem\",\"position\":3,\"name\":\"Case CAROLA Rose\"}]},{\"@type\":\"WebSite\",\"@id\":\"https:\/\/my-bracelet.com\/2023\/#website\",\"url\":\"https:\/\/my-bracelet.com\/2023\/\",\"name\":\"My Bracelet\",\"description\":\"Bracelets by Loboda\",\"potentialAction\":[{\"@type\":\"SearchAction\",\"target\":{\"@type\":\"EntryPoint\",\"urlTemplate\":\"https:\/\/my-bracelet.com\/2023\/?s={search_term_string}\"},\"query-input\":\"required name=search_term_string\"}],\"inLanguage\":\"sl-SI\"}]}<\/script>\n<!-- \/ Yoast SEO plugin. -->","yoast_head_json":{"title":"Case CAROLA Rose - My Bracelet","robots":{"index":"index","follow":"follow","max-snippet":"max-snippet:-1","max-image-preview":"max-image-preview:large","max-video-preview":"max-video-preview:-1"},"canonical":"https:\/\/my-bracelet.com\/2023\/product\/case-carola-rose\/","og_locale":"sl_SI","og_type":"article","og_title":"Case CAROLA Rose - My Bracelet","og_description":"Vsaka ro\u010dna ura in kos nakita imajo svojo posebno zgodbo, karakter in izgled. Shranite jih v za to namenjene \u0161katle za nakit in ure, primerne za doma ali na potovanjih. Trajno, enostavno, varno in elegantno. Kov\u010dek za nakit, roza barve Made in Germany Visokokvalitetno valovito in visokosijajno eko usnje Trojni nivo z izvle\u010dnim predalom Vdelano [&hellip;]","og_url":"https:\/\/my-bracelet.com\/2023\/product\/case-carola-rose\/","og_site_name":"My Bracelet","twitter_card":"summary_large_image","schema":{"@context":"https:\/\/schema.org","@graph":[{"@type":"WebPage","@id":"https:\/\/my-bracelet.com\/2023\/product\/case-carola-rose\/","url":"https:\/\/my-bracelet.com\/2023\/product\/case-carola-rose\/","name":"Case CAROLA Rose - My Bracelet","isPartOf":{"@id":"https:\/\/my-bracelet.com\/2023\/#website"},"datePublished":"2022-12-16T11:41:21+00:00","dateModified":"2022-12-16T11:41:21+00:00","breadcrumb":{"@id":"https:\/\/my-bracelet.com\/2023\/product\/case-carola-rose\/#breadcrumb"},"inLanguage":"sl-SI","potentialAction":[{"@type":"ReadAction","target":["https:\/\/my-bracelet.com\/2023\/product\/case-carola-rose\/"]}]},{"@type":"BreadcrumbList","@id":"https:\/\/my-bracelet.com\/2023\/product\/case-carola-rose\/#breadcrumb","itemListElement":[{"@type":"ListItem","position":1,"name":"Home","item":"https:\/\/my-bracelet.com\/2023\/"},{"@type":"ListItem","position":2,"name":"Shop","item":"https:\/\/my-bracelet.com\/2023\/shop\/"},{"@type":"ListItem","position":3,"name":"Case CAROLA Rose"}]},{"@type":"WebSite","@id":"https:\/\/my-bracelet.com\/2023\/#website","url":"https:\/\/my-bracelet.com\/2023\/","name":"My Bracelet","description":"Bracelets by Loboda","potentialAction":[{"@type":"SearchAction","target":{"@type":"EntryPoint","urlTemplate":"https:\/\/my-bracelet.com\/2023\/?s={search_term_string}"},"query-input":"required name=search_term_string"}],"inLanguage":"sl-SI"}]}},"_links":{"self":[{"href":"https:\/\/my-bracelet.com\/2023\/wp-json\/wp\/v2\/product\/398","targetHints":{"allow":["GET"]}}],"collection":[{"href":"https:\/\/my-bracelet.com\/2023\/wp-json\/wp\/v2\/product"}],"about":[{"href":"https:\/\/my-bracelet.com\/2023\/wp-json\/wp\/v2\/types\/product"}],"wp:attachment":[{"href":"https:\/\/my-bracelet.com\/2023\/wp-json\/wp\/v2\/media?parent=398"}],"wp:term":[{"taxonomy":"product_cat","embeddable":true,"href":"https:\/\/my-bracelet.com\/2023\/wp-json\/wp\/v2\/product_cat?post=398"},{"taxonomy":"product_tag","embeddable":true,"href":"https:\/\/my-bracelet.com\/2023\/wp-json\/wp\/v2\/product_tag?post=398"}],"curies":[{"name":"wp","href":"https:\/\/api.w.org\/{rel}","templated":true}]}}