{"id":437,"date":"2022-12-16T11:41:34","date_gmt":"2022-12-16T11:41:34","guid":{"rendered":"https:\/\/my-bracelet.com\/2023\/?post_type=product&#038;p=437"},"modified":"2022-12-16T11:41:34","modified_gmt":"2022-12-16T11:41:34","slug":"x-o-blue-howlith","status":"publish","type":"product","link":"https:\/\/my-bracelet.com\/2023\/product\/x-o-blue-howlith\/","title":{"rendered":"X\/O BLUE HOWLITH"},"content":{"rendered":"<h4>My-bracelet by Loboda zapestnice X\/O vam s svojim pestrim naborom barvnih okrasnih (poldragih) kamnov omogo\u010dajo, da najdete zapestnico prav za vsak okus in prilo\u017enost.<\/h4>\n<p>My-bracelet by Loboda X\/O zapestnice so ro\u010dno izdelane v stilu &#8221;power bracelet&#8221; elasti\u010dnih zapestnic s srebrom \u010distine 925\/000 in kombinacijo okrasnih (poldragih) kamnov. Vsaka zapestnica je li\u010dno pakirana v darilni My-bracelet by Loboda embala\u017ei s prilo\u017eenim certifikatom avtenti\u010dnosti. Kot darilo vam ob nakupu podarjamo mo\u0161nji\u010dek za shranjevanje nakita.<\/p>\n<ul>\n<li>&nbsp;srebro \u010distine 925\/000<\/li>\n<li>&nbsp;okrasni (poldragi) kamen matiran Oniks dimenzije 8mm<\/li>\n<li>&nbsp;okrasni (poldragi) kamen modri Hovlit dimenzije 8mm<\/li>\n<li>&nbsp;izbira velikosti<\/li>\n<li>&nbsp;darilna embala\u017ea<\/li>\n<li>&nbsp;brezpla\u010dna po\u0161tnina po Sloveniji<\/li>\n<\/ul>\n","protected":false},"excerpt":{"rendered":"<p>My-bracelet by Loboda zapestnice X\/O vam s svojim pestrim naborom barvnih okrasnih (poldragih) kamnov omogo\u010dajo, da najdete zapestnico prav za vsak okus in prilo\u017enost. My-bracelet by Loboda X\/O zapestnice so ro\u010dno izdelane v stilu &#8221;power bracelet&#8221; elasti\u010dnih zapestnic s srebrom \u010distine 925\/000 in kombinacijo okrasnih (poldragih) kamnov. Vsaka zapestnica je li\u010dno pakirana v darilni My-bracelet [&hellip;]<\/p>\n","protected":false},"featured_media":0,"template":"","meta":[],"product_cat":[24],"product_tag":[],"class_list":["post-437","product","type-product","status-publish","hentry","product_cat-x-o"],"yoast_head":"<!-- This site is optimized with the Yoast SEO plugin v20.2.1 - https:\/\/yoast.com\/wordpress\/plugins\/seo\/ -->\n<title>X\/O BLUE HOWLITH - My Bracelet<\/title>\n<meta name=\"robots\" content=\"index, follow, max-snippet:-1, max-image-preview:large, max-video-preview:-1\" \/>\n<link rel=\"canonical\" href=\"https:\/\/my-bracelet.com\/2023\/product\/x-o-blue-howlith\/\" \/>\n<meta property=\"og:locale\" content=\"sl_SI\" \/>\n<meta property=\"og:type\" content=\"article\" \/>\n<meta property=\"og:title\" content=\"X\/O BLUE HOWLITH - My Bracelet\" \/>\n<meta property=\"og:description\" content=\"My-bracelet by Loboda zapestnice X\/O vam s svojim pestrim naborom barvnih okrasnih (poldragih) kamnov omogo\u010dajo, da najdete zapestnico prav za vsak okus in prilo\u017enost. My-bracelet by Loboda X\/O zapestnice so ro\u010dno izdelane v stilu &#8221;power bracelet&#8221; elasti\u010dnih zapestnic s srebrom \u010distine 925\/000 in kombinacijo okrasnih (poldragih) kamnov. Vsaka zapestnica je li\u010dno pakirana v darilni My-bracelet [&hellip;]\" \/>\n<meta property=\"og:url\" content=\"https:\/\/my-bracelet.com\/2023\/product\/x-o-blue-howlith\/\" \/>\n<meta property=\"og:site_name\" content=\"My Bracelet\" \/>\n<meta name=\"twitter:card\" content=\"summary_large_image\" \/>\n<meta name=\"twitter:label1\" content=\"Est. reading time\" \/>\n\t<meta name=\"twitter:data1\" content=\"1 minuta\" \/>\n<script type=\"application\/ld+json\" class=\"yoast-schema-graph\">{\"@context\":\"https:\/\/schema.org\",\"@graph\":[{\"@type\":\"WebPage\",\"@id\":\"https:\/\/my-bracelet.com\/2023\/product\/x-o-blue-howlith\/\",\"url\":\"https:\/\/my-bracelet.com\/2023\/product\/x-o-blue-howlith\/\",\"name\":\"X\/O BLUE HOWLITH - My Bracelet\",\"isPartOf\":{\"@id\":\"https:\/\/my-bracelet.com\/2023\/#website\"},\"datePublished\":\"2022-12-16T11:41:34+00:00\",\"dateModified\":\"2022-12-16T11:41:34+00:00\",\"breadcrumb\":{\"@id\":\"https:\/\/my-bracelet.com\/2023\/product\/x-o-blue-howlith\/#breadcrumb\"},\"inLanguage\":\"sl-SI\",\"potentialAction\":[{\"@type\":\"ReadAction\",\"target\":[\"https:\/\/my-bracelet.com\/2023\/product\/x-o-blue-howlith\/\"]}]},{\"@type\":\"BreadcrumbList\",\"@id\":\"https:\/\/my-bracelet.com\/2023\/product\/x-o-blue-howlith\/#breadcrumb\",\"itemListElement\":[{\"@type\":\"ListItem\",\"position\":1,\"name\":\"Home\",\"item\":\"https:\/\/my-bracelet.com\/2023\/\"},{\"@type\":\"ListItem\",\"position\":2,\"name\":\"Shop\",\"item\":\"https:\/\/my-bracelet.com\/2023\/shop\/\"},{\"@type\":\"ListItem\",\"position\":3,\"name\":\"X\/O BLUE HOWLITH\"}]},{\"@type\":\"WebSite\",\"@id\":\"https:\/\/my-bracelet.com\/2023\/#website\",\"url\":\"https:\/\/my-bracelet.com\/2023\/\",\"name\":\"My Bracelet\",\"description\":\"Bracelets by Loboda\",\"potentialAction\":[{\"@type\":\"SearchAction\",\"target\":{\"@type\":\"EntryPoint\",\"urlTemplate\":\"https:\/\/my-bracelet.com\/2023\/?s={search_term_string}\"},\"query-input\":\"required name=search_term_string\"}],\"inLanguage\":\"sl-SI\"}]}<\/script>\n<!-- \/ Yoast SEO plugin. -->","yoast_head_json":{"title":"X\/O BLUE HOWLITH - My Bracelet","robots":{"index":"index","follow":"follow","max-snippet":"max-snippet:-1","max-image-preview":"max-image-preview:large","max-video-preview":"max-video-preview:-1"},"canonical":"https:\/\/my-bracelet.com\/2023\/product\/x-o-blue-howlith\/","og_locale":"sl_SI","og_type":"article","og_title":"X\/O BLUE HOWLITH - My Bracelet","og_description":"My-bracelet by Loboda zapestnice X\/O vam s svojim pestrim naborom barvnih okrasnih (poldragih) kamnov omogo\u010dajo, da najdete zapestnico prav za vsak okus in prilo\u017enost. My-bracelet by Loboda X\/O zapestnice so ro\u010dno izdelane v stilu &#8221;power bracelet&#8221; elasti\u010dnih zapestnic s srebrom \u010distine 925\/000 in kombinacijo okrasnih (poldragih) kamnov. Vsaka zapestnica je li\u010dno pakirana v darilni My-bracelet [&hellip;]","og_url":"https:\/\/my-bracelet.com\/2023\/product\/x-o-blue-howlith\/","og_site_name":"My Bracelet","twitter_card":"summary_large_image","twitter_misc":{"Est. reading time":"1 minuta"},"schema":{"@context":"https:\/\/schema.org","@graph":[{"@type":"WebPage","@id":"https:\/\/my-bracelet.com\/2023\/product\/x-o-blue-howlith\/","url":"https:\/\/my-bracelet.com\/2023\/product\/x-o-blue-howlith\/","name":"X\/O BLUE HOWLITH - My Bracelet","isPartOf":{"@id":"https:\/\/my-bracelet.com\/2023\/#website"},"datePublished":"2022-12-16T11:41:34+00:00","dateModified":"2022-12-16T11:41:34+00:00","breadcrumb":{"@id":"https:\/\/my-bracelet.com\/2023\/product\/x-o-blue-howlith\/#breadcrumb"},"inLanguage":"sl-SI","potentialAction":[{"@type":"ReadAction","target":["https:\/\/my-bracelet.com\/2023\/product\/x-o-blue-howlith\/"]}]},{"@type":"BreadcrumbList","@id":"https:\/\/my-bracelet.com\/2023\/product\/x-o-blue-howlith\/#breadcrumb","itemListElement":[{"@type":"ListItem","position":1,"name":"Home","item":"https:\/\/my-bracelet.com\/2023\/"},{"@type":"ListItem","position":2,"name":"Shop","item":"https:\/\/my-bracelet.com\/2023\/shop\/"},{"@type":"ListItem","position":3,"name":"X\/O BLUE HOWLITH"}]},{"@type":"WebSite","@id":"https:\/\/my-bracelet.com\/2023\/#website","url":"https:\/\/my-bracelet.com\/2023\/","name":"My Bracelet","description":"Bracelets by Loboda","potentialAction":[{"@type":"SearchAction","target":{"@type":"EntryPoint","urlTemplate":"https:\/\/my-bracelet.com\/2023\/?s={search_term_string}"},"query-input":"required name=search_term_string"}],"inLanguage":"sl-SI"}]}},"_links":{"self":[{"href":"https:\/\/my-bracelet.com\/2023\/wp-json\/wp\/v2\/product\/437","targetHints":{"allow":["GET"]}}],"collection":[{"href":"https:\/\/my-bracelet.com\/2023\/wp-json\/wp\/v2\/product"}],"about":[{"href":"https:\/\/my-bracelet.com\/2023\/wp-json\/wp\/v2\/types\/product"}],"wp:attachment":[{"href":"https:\/\/my-bracelet.com\/2023\/wp-json\/wp\/v2\/media?parent=437"}],"wp:term":[{"taxonomy":"product_cat","embeddable":true,"href":"https:\/\/my-bracelet.com\/2023\/wp-json\/wp\/v2\/product_cat?post=437"},{"taxonomy":"product_tag","embeddable":true,"href":"https:\/\/my-bracelet.com\/2023\/wp-json\/wp\/v2\/product_tag?post=437"}],"curies":[{"name":"wp","href":"https:\/\/api.w.org\/{rel}","templated":true}]}}