{"id":472,"date":"2022-12-16T11:41:45","date_gmt":"2022-12-16T11:41:45","guid":{"rendered":"https:\/\/my-bracelet.com\/2023\/?post_type=product&#038;p=472"},"modified":"2022-12-16T11:41:45","modified_gmt":"2022-12-16T11:41:45","slug":"my-necklace-abc-gold-3","status":"publish","type":"product","link":"https:\/\/my-bracelet.com\/2023\/product\/my-necklace-abc-gold-3\/","title":{"rendered":"My-Necklace ABC gold 3"},"content":{"rendered":"<h4>Kolekcija My-Necklace prina\u0161a sve\u017e veter h klasi\u010dni ponudbi spletne trgovine My-Bracelet by Loboda. Skrbno zasnovane ogrlice v srebru ali zlatu, z dodatkom dragih in okrasnih (poldragih) kamnov se bodo lepo podale k va\u0161im My-Bracelet by Loboda zapestnicam in tvorile popolno celoto.<\/h4>\n<h4>My-Necklace ABC Gold ogrlica je povsem personalizirana ogrlica, katero izdelamo po va\u0161ih \u017eeljah.&nbsp; Izbrane \u010drke in vse dodatne \u017eelje nam sporo\u010dite na <a href=\"mailto:info@my-bracelet.com\">info@my-bracelet.com<\/a><\/h4>\n<p>Vsaka ogrlica je li\u010dno pakirana v darilni My-bracelet by Loboda embala\u017ei s prilo\u017eenim certifikatom avtenti\u010dnosti. Kot darilo vam ob nakupu podarjamo mo\u0161nji\u010dek za shranjevanje nakita.<\/p>\n<ul>\n<li>&nbsp;belo ali rumeno zlato \u010distine 585\/000<\/li>\n<li>&nbsp;dol\u017eina ogrlice: 42 cm&nbsp;<\/li>\n<li>&nbsp;obesek: tri \u010drke<\/li>\n<li>&nbsp;mo\u017enost vdelave diamantov v \u010drke (za dopla\u010dilo)<\/li>\n<li>&nbsp;darilna embala\u017ea<\/li>\n<li>&nbsp;brezpla\u010dna po\u0161tnina po Sloveniji<\/li>\n<\/ul>\n","protected":false},"excerpt":{"rendered":"<p>Kolekcija My-Necklace prina\u0161a sve\u017e veter h klasi\u010dni ponudbi spletne trgovine My-Bracelet by Loboda. Skrbno zasnovane ogrlice v srebru ali zlatu, z dodatkom dragih in okrasnih (poldragih) kamnov se bodo lepo podale k va\u0161im My-Bracelet by Loboda zapestnicam in tvorile popolno celoto. My-Necklace ABC Gold ogrlica je povsem personalizirana ogrlica, katero izdelamo po va\u0161ih \u017eeljah.&nbsp; Izbrane [&hellip;]<\/p>\n","protected":false},"featured_media":0,"template":"","meta":[],"product_cat":[48],"product_tag":[],"class_list":["post-472","product","type-product","status-publish","hentry","product_cat-my-necklace"],"yoast_head":"<!-- This site is optimized with the Yoast SEO plugin v20.2.1 - https:\/\/yoast.com\/wordpress\/plugins\/seo\/ -->\n<title>My-Necklace ABC gold 3 - My Bracelet<\/title>\n<meta name=\"robots\" content=\"index, follow, max-snippet:-1, max-image-preview:large, max-video-preview:-1\" \/>\n<link rel=\"canonical\" href=\"https:\/\/my-bracelet.com\/2023\/product\/my-necklace-abc-gold-3\/\" \/>\n<meta property=\"og:locale\" content=\"sl_SI\" \/>\n<meta property=\"og:type\" content=\"article\" \/>\n<meta property=\"og:title\" content=\"My-Necklace ABC gold 3 - My Bracelet\" \/>\n<meta property=\"og:description\" content=\"Kolekcija My-Necklace prina\u0161a sve\u017e veter h klasi\u010dni ponudbi spletne trgovine My-Bracelet by Loboda. Skrbno zasnovane ogrlice v srebru ali zlatu, z dodatkom dragih in okrasnih (poldragih) kamnov se bodo lepo podale k va\u0161im My-Bracelet by Loboda zapestnicam in tvorile popolno celoto. My-Necklace ABC Gold ogrlica je povsem personalizirana ogrlica, katero izdelamo po va\u0161ih \u017eeljah.&nbsp; Izbrane [&hellip;]\" \/>\n<meta property=\"og:url\" content=\"https:\/\/my-bracelet.com\/2023\/product\/my-necklace-abc-gold-3\/\" \/>\n<meta property=\"og:site_name\" content=\"My Bracelet\" \/>\n<meta name=\"twitter:card\" content=\"summary_large_image\" \/>\n<meta name=\"twitter:label1\" content=\"Est. reading time\" \/>\n\t<meta name=\"twitter:data1\" content=\"1 minuta\" \/>\n<script type=\"application\/ld+json\" class=\"yoast-schema-graph\">{\"@context\":\"https:\/\/schema.org\",\"@graph\":[{\"@type\":\"WebPage\",\"@id\":\"https:\/\/my-bracelet.com\/2023\/product\/my-necklace-abc-gold-3\/\",\"url\":\"https:\/\/my-bracelet.com\/2023\/product\/my-necklace-abc-gold-3\/\",\"name\":\"My-Necklace ABC gold 3 - My Bracelet\",\"isPartOf\":{\"@id\":\"https:\/\/my-bracelet.com\/2023\/#website\"},\"datePublished\":\"2022-12-16T11:41:45+00:00\",\"dateModified\":\"2022-12-16T11:41:45+00:00\",\"breadcrumb\":{\"@id\":\"https:\/\/my-bracelet.com\/2023\/product\/my-necklace-abc-gold-3\/#breadcrumb\"},\"inLanguage\":\"sl-SI\",\"potentialAction\":[{\"@type\":\"ReadAction\",\"target\":[\"https:\/\/my-bracelet.com\/2023\/product\/my-necklace-abc-gold-3\/\"]}]},{\"@type\":\"BreadcrumbList\",\"@id\":\"https:\/\/my-bracelet.com\/2023\/product\/my-necklace-abc-gold-3\/#breadcrumb\",\"itemListElement\":[{\"@type\":\"ListItem\",\"position\":1,\"name\":\"Home\",\"item\":\"https:\/\/my-bracelet.com\/2023\/\"},{\"@type\":\"ListItem\",\"position\":2,\"name\":\"Shop\",\"item\":\"https:\/\/my-bracelet.com\/2023\/shop\/\"},{\"@type\":\"ListItem\",\"position\":3,\"name\":\"My-Necklace ABC gold 3\"}]},{\"@type\":\"WebSite\",\"@id\":\"https:\/\/my-bracelet.com\/2023\/#website\",\"url\":\"https:\/\/my-bracelet.com\/2023\/\",\"name\":\"My Bracelet\",\"description\":\"Bracelets by Loboda\",\"potentialAction\":[{\"@type\":\"SearchAction\",\"target\":{\"@type\":\"EntryPoint\",\"urlTemplate\":\"https:\/\/my-bracelet.com\/2023\/?s={search_term_string}\"},\"query-input\":\"required name=search_term_string\"}],\"inLanguage\":\"sl-SI\"}]}<\/script>\n<!-- \/ Yoast SEO plugin. -->","yoast_head_json":{"title":"My-Necklace ABC gold 3 - My Bracelet","robots":{"index":"index","follow":"follow","max-snippet":"max-snippet:-1","max-image-preview":"max-image-preview:large","max-video-preview":"max-video-preview:-1"},"canonical":"https:\/\/my-bracelet.com\/2023\/product\/my-necklace-abc-gold-3\/","og_locale":"sl_SI","og_type":"article","og_title":"My-Necklace ABC gold 3 - My Bracelet","og_description":"Kolekcija My-Necklace prina\u0161a sve\u017e veter h klasi\u010dni ponudbi spletne trgovine My-Bracelet by Loboda. Skrbno zasnovane ogrlice v srebru ali zlatu, z dodatkom dragih in okrasnih (poldragih) kamnov se bodo lepo podale k va\u0161im My-Bracelet by Loboda zapestnicam in tvorile popolno celoto. My-Necklace ABC Gold ogrlica je povsem personalizirana ogrlica, katero izdelamo po va\u0161ih \u017eeljah.&nbsp; Izbrane [&hellip;]","og_url":"https:\/\/my-bracelet.com\/2023\/product\/my-necklace-abc-gold-3\/","og_site_name":"My Bracelet","twitter_card":"summary_large_image","twitter_misc":{"Est. reading time":"1 minuta"},"schema":{"@context":"https:\/\/schema.org","@graph":[{"@type":"WebPage","@id":"https:\/\/my-bracelet.com\/2023\/product\/my-necklace-abc-gold-3\/","url":"https:\/\/my-bracelet.com\/2023\/product\/my-necklace-abc-gold-3\/","name":"My-Necklace ABC gold 3 - My Bracelet","isPartOf":{"@id":"https:\/\/my-bracelet.com\/2023\/#website"},"datePublished":"2022-12-16T11:41:45+00:00","dateModified":"2022-12-16T11:41:45+00:00","breadcrumb":{"@id":"https:\/\/my-bracelet.com\/2023\/product\/my-necklace-abc-gold-3\/#breadcrumb"},"inLanguage":"sl-SI","potentialAction":[{"@type":"ReadAction","target":["https:\/\/my-bracelet.com\/2023\/product\/my-necklace-abc-gold-3\/"]}]},{"@type":"BreadcrumbList","@id":"https:\/\/my-bracelet.com\/2023\/product\/my-necklace-abc-gold-3\/#breadcrumb","itemListElement":[{"@type":"ListItem","position":1,"name":"Home","item":"https:\/\/my-bracelet.com\/2023\/"},{"@type":"ListItem","position":2,"name":"Shop","item":"https:\/\/my-bracelet.com\/2023\/shop\/"},{"@type":"ListItem","position":3,"name":"My-Necklace ABC gold 3"}]},{"@type":"WebSite","@id":"https:\/\/my-bracelet.com\/2023\/#website","url":"https:\/\/my-bracelet.com\/2023\/","name":"My Bracelet","description":"Bracelets by Loboda","potentialAction":[{"@type":"SearchAction","target":{"@type":"EntryPoint","urlTemplate":"https:\/\/my-bracelet.com\/2023\/?s={search_term_string}"},"query-input":"required name=search_term_string"}],"inLanguage":"sl-SI"}]}},"_links":{"self":[{"href":"https:\/\/my-bracelet.com\/2023\/wp-json\/wp\/v2\/product\/472","targetHints":{"allow":["GET"]}}],"collection":[{"href":"https:\/\/my-bracelet.com\/2023\/wp-json\/wp\/v2\/product"}],"about":[{"href":"https:\/\/my-bracelet.com\/2023\/wp-json\/wp\/v2\/types\/product"}],"wp:attachment":[{"href":"https:\/\/my-bracelet.com\/2023\/wp-json\/wp\/v2\/media?parent=472"}],"wp:term":[{"taxonomy":"product_cat","embeddable":true,"href":"https:\/\/my-bracelet.com\/2023\/wp-json\/wp\/v2\/product_cat?post=472"},{"taxonomy":"product_tag","embeddable":true,"href":"https:\/\/my-bracelet.com\/2023\/wp-json\/wp\/v2\/product_tag?post=472"}],"curies":[{"name":"wp","href":"https:\/\/api.w.org\/{rel}","templated":true}]}}