{"id":478,"date":"2022-12-16T11:41:48","date_gmt":"2022-12-16T11:41:48","guid":{"rendered":"https:\/\/my-bracelet.com\/2023\/?post_type=product&#038;p=478"},"modified":"2022-12-16T11:41:48","modified_gmt":"2022-12-16T11:41:48","slug":"rebel-strong-gold","status":"publish","type":"product","link":"https:\/\/my-bracelet.com\/2023\/product\/rebel-strong-gold\/","title":{"rendered":"REBEL Strong Gold"},"content":{"rendered":"<h4>My-Bracelet by Loboda mo\u0161ki je eleganten mo\u0161ki v katerem se skriva ve\u010den upornik. Z mo\u0161kimi zapestnicami kolekcije My-Bracelet by Loboda REBEL svetu poka\u017eite, da ste modni in v koraku s \u010dasom. Naj da kombinacija srebra, zlata, jekla in diamantov na va\u0161em zapestju svetu vedeti, da si upate biti druga\u010dni.&nbsp;<\/h4>\n<p>My-bracelet by Loboda zapestnica REBEL STRONG GOLD je zapestnica izdelana iz nerjav\u010dega jekla in 18karatnega rumenega zlata. Vsaka zapestnica je li\u010dno pakirana v darilni My-bracelet by Loboda embala\u017ei s prilo\u017eenim certifikatom avtenti\u010dnosti. Kot darilo vam ob nakupu podarjamo mo\u0161nji\u010dek za shranjevanje nakita.<\/p>\n<ul>\n<li>&nbsp;nerjave\u010de jeklo in 18kt. rumeno zlato<\/li>\n<li>&nbsp;zapestnica-jeklo v \u010drni barvi<\/li>\n<li>&nbsp;\u0161irina zapestnice 6mm, \u0161irina plo\u0161\u010dice 6mm<\/li>\n<li>&nbsp;izbira med 4 dol\u017einami zapestnic: 19, 20, 21 ali 22cm (S,M,L)<\/li>\n<li>&nbsp;mo\u017enost brezpla\u010dnega graviranja na zgornji ali spodnji strani plo\u0161\u010dice<\/li>\n<li>&nbsp;darilna embala\u017ea<\/li>\n<li>&nbsp;brezpla\u010dna po\u0161tnina po Sloveniji<\/li>\n<\/ul>\n","protected":false},"excerpt":{"rendered":"<p>My-Bracelet by Loboda mo\u0161ki je eleganten mo\u0161ki v katerem se skriva ve\u010den upornik. Z mo\u0161kimi zapestnicami kolekcije My-Bracelet by Loboda REBEL svetu poka\u017eite, da ste modni in v koraku s \u010dasom. Naj da kombinacija srebra, zlata, jekla in diamantov na va\u0161em zapestju svetu vedeti, da si upate biti druga\u010dni.&nbsp; My-bracelet by Loboda zapestnica REBEL STRONG [&hellip;]<\/p>\n","protected":false},"featured_media":0,"template":"","meta":[],"product_cat":[49],"product_tag":[],"class_list":["post-478","product","type-product","status-publish","hentry","product_cat-rebel"],"yoast_head":"<!-- This site is optimized with the Yoast SEO plugin v20.2.1 - https:\/\/yoast.com\/wordpress\/plugins\/seo\/ -->\n<title>REBEL Strong Gold - My Bracelet<\/title>\n<meta name=\"robots\" content=\"index, follow, max-snippet:-1, max-image-preview:large, max-video-preview:-1\" \/>\n<link rel=\"canonical\" href=\"https:\/\/my-bracelet.com\/2023\/product\/rebel-strong-gold\/\" \/>\n<meta property=\"og:locale\" content=\"sl_SI\" \/>\n<meta property=\"og:type\" content=\"article\" \/>\n<meta property=\"og:title\" content=\"REBEL Strong Gold - My Bracelet\" \/>\n<meta property=\"og:description\" content=\"My-Bracelet by Loboda mo\u0161ki je eleganten mo\u0161ki v katerem se skriva ve\u010den upornik. Z mo\u0161kimi zapestnicami kolekcije My-Bracelet by Loboda REBEL svetu poka\u017eite, da ste modni in v koraku s \u010dasom. Naj da kombinacija srebra, zlata, jekla in diamantov na va\u0161em zapestju svetu vedeti, da si upate biti druga\u010dni.&nbsp; My-bracelet by Loboda zapestnica REBEL STRONG [&hellip;]\" \/>\n<meta property=\"og:url\" content=\"https:\/\/my-bracelet.com\/2023\/product\/rebel-strong-gold\/\" \/>\n<meta property=\"og:site_name\" content=\"My Bracelet\" \/>\n<meta name=\"twitter:card\" content=\"summary_large_image\" \/>\n<meta name=\"twitter:label1\" content=\"Est. reading time\" \/>\n\t<meta name=\"twitter:data1\" content=\"1 minuta\" \/>\n<script type=\"application\/ld+json\" class=\"yoast-schema-graph\">{\"@context\":\"https:\/\/schema.org\",\"@graph\":[{\"@type\":\"WebPage\",\"@id\":\"https:\/\/my-bracelet.com\/2023\/product\/rebel-strong-gold\/\",\"url\":\"https:\/\/my-bracelet.com\/2023\/product\/rebel-strong-gold\/\",\"name\":\"REBEL Strong Gold - My Bracelet\",\"isPartOf\":{\"@id\":\"https:\/\/my-bracelet.com\/2023\/#website\"},\"datePublished\":\"2022-12-16T11:41:48+00:00\",\"dateModified\":\"2022-12-16T11:41:48+00:00\",\"breadcrumb\":{\"@id\":\"https:\/\/my-bracelet.com\/2023\/product\/rebel-strong-gold\/#breadcrumb\"},\"inLanguage\":\"sl-SI\",\"potentialAction\":[{\"@type\":\"ReadAction\",\"target\":[\"https:\/\/my-bracelet.com\/2023\/product\/rebel-strong-gold\/\"]}]},{\"@type\":\"BreadcrumbList\",\"@id\":\"https:\/\/my-bracelet.com\/2023\/product\/rebel-strong-gold\/#breadcrumb\",\"itemListElement\":[{\"@type\":\"ListItem\",\"position\":1,\"name\":\"Home\",\"item\":\"https:\/\/my-bracelet.com\/2023\/\"},{\"@type\":\"ListItem\",\"position\":2,\"name\":\"Shop\",\"item\":\"https:\/\/my-bracelet.com\/2023\/shop\/\"},{\"@type\":\"ListItem\",\"position\":3,\"name\":\"REBEL Strong Gold\"}]},{\"@type\":\"WebSite\",\"@id\":\"https:\/\/my-bracelet.com\/2023\/#website\",\"url\":\"https:\/\/my-bracelet.com\/2023\/\",\"name\":\"My Bracelet\",\"description\":\"Bracelets by Loboda\",\"potentialAction\":[{\"@type\":\"SearchAction\",\"target\":{\"@type\":\"EntryPoint\",\"urlTemplate\":\"https:\/\/my-bracelet.com\/2023\/?s={search_term_string}\"},\"query-input\":\"required name=search_term_string\"}],\"inLanguage\":\"sl-SI\"}]}<\/script>\n<!-- \/ Yoast SEO plugin. -->","yoast_head_json":{"title":"REBEL Strong Gold - My Bracelet","robots":{"index":"index","follow":"follow","max-snippet":"max-snippet:-1","max-image-preview":"max-image-preview:large","max-video-preview":"max-video-preview:-1"},"canonical":"https:\/\/my-bracelet.com\/2023\/product\/rebel-strong-gold\/","og_locale":"sl_SI","og_type":"article","og_title":"REBEL Strong Gold - My Bracelet","og_description":"My-Bracelet by Loboda mo\u0161ki je eleganten mo\u0161ki v katerem se skriva ve\u010den upornik. Z mo\u0161kimi zapestnicami kolekcije My-Bracelet by Loboda REBEL svetu poka\u017eite, da ste modni in v koraku s \u010dasom. Naj da kombinacija srebra, zlata, jekla in diamantov na va\u0161em zapestju svetu vedeti, da si upate biti druga\u010dni.&nbsp; My-bracelet by Loboda zapestnica REBEL STRONG [&hellip;]","og_url":"https:\/\/my-bracelet.com\/2023\/product\/rebel-strong-gold\/","og_site_name":"My Bracelet","twitter_card":"summary_large_image","twitter_misc":{"Est. reading time":"1 minuta"},"schema":{"@context":"https:\/\/schema.org","@graph":[{"@type":"WebPage","@id":"https:\/\/my-bracelet.com\/2023\/product\/rebel-strong-gold\/","url":"https:\/\/my-bracelet.com\/2023\/product\/rebel-strong-gold\/","name":"REBEL Strong Gold - My Bracelet","isPartOf":{"@id":"https:\/\/my-bracelet.com\/2023\/#website"},"datePublished":"2022-12-16T11:41:48+00:00","dateModified":"2022-12-16T11:41:48+00:00","breadcrumb":{"@id":"https:\/\/my-bracelet.com\/2023\/product\/rebel-strong-gold\/#breadcrumb"},"inLanguage":"sl-SI","potentialAction":[{"@type":"ReadAction","target":["https:\/\/my-bracelet.com\/2023\/product\/rebel-strong-gold\/"]}]},{"@type":"BreadcrumbList","@id":"https:\/\/my-bracelet.com\/2023\/product\/rebel-strong-gold\/#breadcrumb","itemListElement":[{"@type":"ListItem","position":1,"name":"Home","item":"https:\/\/my-bracelet.com\/2023\/"},{"@type":"ListItem","position":2,"name":"Shop","item":"https:\/\/my-bracelet.com\/2023\/shop\/"},{"@type":"ListItem","position":3,"name":"REBEL Strong Gold"}]},{"@type":"WebSite","@id":"https:\/\/my-bracelet.com\/2023\/#website","url":"https:\/\/my-bracelet.com\/2023\/","name":"My Bracelet","description":"Bracelets by Loboda","potentialAction":[{"@type":"SearchAction","target":{"@type":"EntryPoint","urlTemplate":"https:\/\/my-bracelet.com\/2023\/?s={search_term_string}"},"query-input":"required name=search_term_string"}],"inLanguage":"sl-SI"}]}},"_links":{"self":[{"href":"https:\/\/my-bracelet.com\/2023\/wp-json\/wp\/v2\/product\/478","targetHints":{"allow":["GET"]}}],"collection":[{"href":"https:\/\/my-bracelet.com\/2023\/wp-json\/wp\/v2\/product"}],"about":[{"href":"https:\/\/my-bracelet.com\/2023\/wp-json\/wp\/v2\/types\/product"}],"wp:attachment":[{"href":"https:\/\/my-bracelet.com\/2023\/wp-json\/wp\/v2\/media?parent=478"}],"wp:term":[{"taxonomy":"product_cat","embeddable":true,"href":"https:\/\/my-bracelet.com\/2023\/wp-json\/wp\/v2\/product_cat?post=478"},{"taxonomy":"product_tag","embeddable":true,"href":"https:\/\/my-bracelet.com\/2023\/wp-json\/wp\/v2\/product_tag?post=478"}],"curies":[{"name":"wp","href":"https:\/\/api.w.org\/{rel}","templated":true}]}}