{"id":542,"date":"2022-12-16T11:42:11","date_gmt":"2022-12-16T11:42:11","guid":{"rendered":"https:\/\/my-bracelet.com\/2023\/?post_type=product&#038;p=542"},"modified":"2022-12-16T11:42:11","modified_gmt":"2022-12-16T11:42:11","slug":"elegance-murano","status":"publish","type":"product","link":"https:\/\/my-bracelet.com\/2023\/product\/elegance-murano\/","title":{"rendered":"ELEGANCE MURANO"},"content":{"rendered":"<h4>Ble\u0161\u010de\u010d gala ve\u010der v mestni operi ali tek po pra\u0161nih, sivih ulicah urbane d\u017eungle, My-Bracelet by Loboda ELEGANCE kolekcija je namenjena prav vam, damam, ki ste rade elegantno urejene, ne glede na prilo\u017enost in tempo, ki vam ga narekuje moderno \u017eivljenje. Zapestnice so primerne tako za dnevne kot ve\u010derne prilo\u017enosti. Izvrstna izbira so tudi kot poro\u010dni nakit ali poro\u010dno darilo.<\/h4>\n<p>My-bracelet by Loboda zapestnica MURANO je zapestnica izdelana iz srebra \u010distine 925\/1000, rodinirana in s sedmimi vdelanimi plo\u0161\u010dicami, tri so prevle\u010dene z rde\u010do pozlato. Dol\u017eina zapestnice je 17cm z 2cm dodatkom za podalj\u0161evanje. Zapestnica je komplet k ogrlici My-Necklace MURANO. Vsaka zapestnica je li\u010dno pakirana v darilni My-bracelet by Loboda embala\u017ei s prilo\u017eenim certifikatom avtenti\u010dnosti. Kot darilo vam ob nakupu podarjamo mo\u0161nji\u010dek za shranjevanje nakita.<\/p>\n<ul>\n<li>&nbsp;srebro \u010distine 925\/1000, rodinirano, z rde\u010do pozlato<\/li>\n<li>&nbsp;univerzalna dol\u017eina (M) 17 cm +2 cm<\/li>\n<li>&nbsp;mo\u017enost brezpla\u010dnega graviranja na sprednjo in zadnjo stran plo\u0161\u010dic<\/li>\n<li>&nbsp;darilna embala\u017ea<\/li>\n<li>&nbsp;brezpla\u010dna po\u0161tnina po Sloveniji<\/li>\n<\/ul>\n","protected":false},"excerpt":{"rendered":"<p>Ble\u0161\u010de\u010d gala ve\u010der v mestni operi ali tek po pra\u0161nih, sivih ulicah urbane d\u017eungle, My-Bracelet by Loboda ELEGANCE kolekcija je namenjena prav vam, damam, ki ste rade elegantno urejene, ne glede na prilo\u017enost in tempo, ki vam ga narekuje moderno \u017eivljenje. Zapestnice so primerne tako za dnevne kot ve\u010derne prilo\u017enosti. Izvrstna izbira so tudi kot [&hellip;]<\/p>\n","protected":false},"featured_media":0,"template":"","meta":[],"product_cat":[43],"product_tag":[],"class_list":["post-542","product","type-product","status-publish","hentry","product_cat-elegance"],"yoast_head":"<!-- This site is optimized with the Yoast SEO plugin v20.2.1 - https:\/\/yoast.com\/wordpress\/plugins\/seo\/ -->\n<title>ELEGANCE MURANO - My Bracelet<\/title>\n<meta name=\"robots\" content=\"index, follow, max-snippet:-1, max-image-preview:large, max-video-preview:-1\" \/>\n<link rel=\"canonical\" href=\"https:\/\/my-bracelet.com\/2023\/product\/elegance-murano\/\" \/>\n<meta property=\"og:locale\" content=\"sl_SI\" \/>\n<meta property=\"og:type\" content=\"article\" \/>\n<meta property=\"og:title\" content=\"ELEGANCE MURANO - My Bracelet\" \/>\n<meta property=\"og:description\" content=\"Ble\u0161\u010de\u010d gala ve\u010der v mestni operi ali tek po pra\u0161nih, sivih ulicah urbane d\u017eungle, My-Bracelet by Loboda ELEGANCE kolekcija je namenjena prav vam, damam, ki ste rade elegantno urejene, ne glede na prilo\u017enost in tempo, ki vam ga narekuje moderno \u017eivljenje. Zapestnice so primerne tako za dnevne kot ve\u010derne prilo\u017enosti. Izvrstna izbira so tudi kot [&hellip;]\" \/>\n<meta property=\"og:url\" content=\"https:\/\/my-bracelet.com\/2023\/product\/elegance-murano\/\" \/>\n<meta property=\"og:site_name\" content=\"My Bracelet\" \/>\n<meta name=\"twitter:card\" content=\"summary_large_image\" \/>\n<meta name=\"twitter:label1\" content=\"Est. reading time\" \/>\n\t<meta name=\"twitter:data1\" content=\"1 minuta\" \/>\n<script type=\"application\/ld+json\" class=\"yoast-schema-graph\">{\"@context\":\"https:\/\/schema.org\",\"@graph\":[{\"@type\":\"WebPage\",\"@id\":\"https:\/\/my-bracelet.com\/2023\/product\/elegance-murano\/\",\"url\":\"https:\/\/my-bracelet.com\/2023\/product\/elegance-murano\/\",\"name\":\"ELEGANCE MURANO - My Bracelet\",\"isPartOf\":{\"@id\":\"https:\/\/my-bracelet.com\/2023\/#website\"},\"datePublished\":\"2022-12-16T11:42:11+00:00\",\"dateModified\":\"2022-12-16T11:42:11+00:00\",\"breadcrumb\":{\"@id\":\"https:\/\/my-bracelet.com\/2023\/product\/elegance-murano\/#breadcrumb\"},\"inLanguage\":\"sl-SI\",\"potentialAction\":[{\"@type\":\"ReadAction\",\"target\":[\"https:\/\/my-bracelet.com\/2023\/product\/elegance-murano\/\"]}]},{\"@type\":\"BreadcrumbList\",\"@id\":\"https:\/\/my-bracelet.com\/2023\/product\/elegance-murano\/#breadcrumb\",\"itemListElement\":[{\"@type\":\"ListItem\",\"position\":1,\"name\":\"Home\",\"item\":\"https:\/\/my-bracelet.com\/2023\/\"},{\"@type\":\"ListItem\",\"position\":2,\"name\":\"Shop\",\"item\":\"https:\/\/my-bracelet.com\/2023\/shop\/\"},{\"@type\":\"ListItem\",\"position\":3,\"name\":\"ELEGANCE MURANO\"}]},{\"@type\":\"WebSite\",\"@id\":\"https:\/\/my-bracelet.com\/2023\/#website\",\"url\":\"https:\/\/my-bracelet.com\/2023\/\",\"name\":\"My Bracelet\",\"description\":\"Bracelets by Loboda\",\"potentialAction\":[{\"@type\":\"SearchAction\",\"target\":{\"@type\":\"EntryPoint\",\"urlTemplate\":\"https:\/\/my-bracelet.com\/2023\/?s={search_term_string}\"},\"query-input\":\"required name=search_term_string\"}],\"inLanguage\":\"sl-SI\"}]}<\/script>\n<!-- \/ Yoast SEO plugin. -->","yoast_head_json":{"title":"ELEGANCE MURANO - My Bracelet","robots":{"index":"index","follow":"follow","max-snippet":"max-snippet:-1","max-image-preview":"max-image-preview:large","max-video-preview":"max-video-preview:-1"},"canonical":"https:\/\/my-bracelet.com\/2023\/product\/elegance-murano\/","og_locale":"sl_SI","og_type":"article","og_title":"ELEGANCE MURANO - My Bracelet","og_description":"Ble\u0161\u010de\u010d gala ve\u010der v mestni operi ali tek po pra\u0161nih, sivih ulicah urbane d\u017eungle, My-Bracelet by Loboda ELEGANCE kolekcija je namenjena prav vam, damam, ki ste rade elegantno urejene, ne glede na prilo\u017enost in tempo, ki vam ga narekuje moderno \u017eivljenje. Zapestnice so primerne tako za dnevne kot ve\u010derne prilo\u017enosti. Izvrstna izbira so tudi kot [&hellip;]","og_url":"https:\/\/my-bracelet.com\/2023\/product\/elegance-murano\/","og_site_name":"My Bracelet","twitter_card":"summary_large_image","twitter_misc":{"Est. reading time":"1 minuta"},"schema":{"@context":"https:\/\/schema.org","@graph":[{"@type":"WebPage","@id":"https:\/\/my-bracelet.com\/2023\/product\/elegance-murano\/","url":"https:\/\/my-bracelet.com\/2023\/product\/elegance-murano\/","name":"ELEGANCE MURANO - My Bracelet","isPartOf":{"@id":"https:\/\/my-bracelet.com\/2023\/#website"},"datePublished":"2022-12-16T11:42:11+00:00","dateModified":"2022-12-16T11:42:11+00:00","breadcrumb":{"@id":"https:\/\/my-bracelet.com\/2023\/product\/elegance-murano\/#breadcrumb"},"inLanguage":"sl-SI","potentialAction":[{"@type":"ReadAction","target":["https:\/\/my-bracelet.com\/2023\/product\/elegance-murano\/"]}]},{"@type":"BreadcrumbList","@id":"https:\/\/my-bracelet.com\/2023\/product\/elegance-murano\/#breadcrumb","itemListElement":[{"@type":"ListItem","position":1,"name":"Home","item":"https:\/\/my-bracelet.com\/2023\/"},{"@type":"ListItem","position":2,"name":"Shop","item":"https:\/\/my-bracelet.com\/2023\/shop\/"},{"@type":"ListItem","position":3,"name":"ELEGANCE MURANO"}]},{"@type":"WebSite","@id":"https:\/\/my-bracelet.com\/2023\/#website","url":"https:\/\/my-bracelet.com\/2023\/","name":"My Bracelet","description":"Bracelets by Loboda","potentialAction":[{"@type":"SearchAction","target":{"@type":"EntryPoint","urlTemplate":"https:\/\/my-bracelet.com\/2023\/?s={search_term_string}"},"query-input":"required name=search_term_string"}],"inLanguage":"sl-SI"}]}},"_links":{"self":[{"href":"https:\/\/my-bracelet.com\/2023\/wp-json\/wp\/v2\/product\/542","targetHints":{"allow":["GET"]}}],"collection":[{"href":"https:\/\/my-bracelet.com\/2023\/wp-json\/wp\/v2\/product"}],"about":[{"href":"https:\/\/my-bracelet.com\/2023\/wp-json\/wp\/v2\/types\/product"}],"wp:attachment":[{"href":"https:\/\/my-bracelet.com\/2023\/wp-json\/wp\/v2\/media?parent=542"}],"wp:term":[{"taxonomy":"product_cat","embeddable":true,"href":"https:\/\/my-bracelet.com\/2023\/wp-json\/wp\/v2\/product_cat?post=542"},{"taxonomy":"product_tag","embeddable":true,"href":"https:\/\/my-bracelet.com\/2023\/wp-json\/wp\/v2\/product_tag?post=542"}],"curies":[{"name":"wp","href":"https:\/\/api.w.org\/{rel}","templated":true}]}}