{"id":574,"date":"2022-12-16T11:42:22","date_gmt":"2022-12-16T11:42:22","guid":{"rendered":"https:\/\/my-bracelet.com\/2023\/?post_type=product&#038;p=574"},"modified":"2022-12-16T11:42:22","modified_gmt":"2022-12-16T11:42:22","slug":"cross-century-ii-lustrous-chrome-rb","status":"publish","type":"product","link":"https:\/\/my-bracelet.com\/2023\/product\/cross-century-ii-lustrous-chrome-rb\/","title":{"rendered":"CROSS CENTURY II LUSTROUS CHROME RB"},"content":{"rendered":"<h4 style=\"font-family: Roboto; color: #292929; font-size: 20px; text-transform: uppercase;\">BOGATA ZGODOVINA <strong>CROSS<\/strong> PISAL SE JE ZA\u010cELA LETA 1846, KO SE JE RICHARD CROSS ODPRAVIL V AMERIKO, DA BI REVOLUCIONIRAL IZDELAVO PISAL IN ZDRU\u017dIL NJIHOVO UPORABNOST Z ELEGANCO. USTANOVIL JE PODJETJE <strong>A.T.CROSS<\/strong>, KI SE \u017dE OD USTANOVITVE PONA\u0160A S KVALITETO, KREATIVNOSTJO IN ORIGINALNOSTJO.<\/h4>\n<h4><strong>CROSS<\/strong> KOLEKCIJE ZDRU\u017dUJEJO VRSTO KLASI\u010cNIH IN SODOBNIH OBLIK PISAL \u2013 OD LIMITIRANIH EDICIJ Z \u017dLAHTNIMI KOVINAMI IN VDELANIMI SWAROVSKI KRISTALI DO SODOBNIH VE\u010cNAMENSKIH PISAL, KI SLAVIJO FILMSKE IN KOMI\u010cNE LIKE.&nbsp;PROIZVODNJA \u017dE VE\u010c KOT 170 LET STRMI K POPOLNOSTI IN FUNKCIONALNOSTI.<\/h4>\n<h4 style=\"font-family: Roboto; color: #292929; font-size: 20px; text-transform: uppercase;\"><strong>CROSS<\/strong> PISALA SO ODLI\u010cNA IZBIRA ZA OBDAROVANJE, ODLIKUJE PA JIH TUDI DO\u017dIVLJENJSKA GARANCIJA NA VSE MEHANSKE DELE.&nbsp;<\/h4>\n<p><strong>CENTURY ll<\/strong><\/p>\n<p>Linija Century II ima podoben slog kot pisala Century Classic, \u010deprav imajo veliko bolj drzen videz in \u0161ir\u0161i profil. Zna\u010dilna silhueta, definirani zaklju\u010dki, uravnote\u017eenost in ob\u010dutek te\u017ee dodajajo smisel in vrednost vsemu, kar z njimi napi\u0161ete.<\/p>\n<ul>\n<li style=\"line-height: 24px;\">&nbsp;roller 3504<\/li>\n<li>&nbsp;svetle\u010de kromirano telo pisala<\/li>\n<li style=\"line-height: 24px;\">&nbsp;mo\u017enost brezpla\u010dnega graviranja na telo pisala &#8211; do 12 znakov<\/li>\n<li>&nbsp;do\u017eivljenjska garancija na mehanske dele<\/li>\n<li style=\"line-height: 24px;\">&nbsp;darilna embala\u017ea<\/li>\n<li style=\"line-height: 24px;\">&nbsp;brezpla\u010dna po\u0161tnina po Sloveniji<\/li>\n<\/ul>\n","protected":false},"excerpt":{"rendered":"<p>BOGATA ZGODOVINA CROSS PISAL SE JE ZA\u010cELA LETA 1846, KO SE JE RICHARD CROSS ODPRAVIL V AMERIKO, DA BI REVOLUCIONIRAL IZDELAVO PISAL IN ZDRU\u017dIL NJIHOVO UPORABNOST Z ELEGANCO. USTANOVIL JE PODJETJE A.T.CROSS, KI SE \u017dE OD USTANOVITVE PONA\u0160A S KVALITETO, KREATIVNOSTJO IN ORIGINALNOSTJO. CROSS KOLEKCIJE ZDRU\u017dUJEJO VRSTO KLASI\u010cNIH IN SODOBNIH OBLIK PISAL \u2013 OD LIMITIRANIH [&hellip;]<\/p>\n","protected":false},"featured_media":0,"template":"","meta":[],"product_cat":[21],"product_tag":[],"class_list":["post-574","product","type-product","status-publish","hentry","product_cat-pisala"],"yoast_head":"<!-- This site is optimized with the Yoast SEO plugin v20.2.1 - https:\/\/yoast.com\/wordpress\/plugins\/seo\/ -->\n<title>CROSS CENTURY II LUSTROUS CHROME RB - My Bracelet<\/title>\n<meta name=\"robots\" content=\"index, follow, max-snippet:-1, max-image-preview:large, max-video-preview:-1\" \/>\n<link rel=\"canonical\" href=\"https:\/\/my-bracelet.com\/2023\/product\/cross-century-ii-lustrous-chrome-rb\/\" \/>\n<meta property=\"og:locale\" content=\"sl_SI\" \/>\n<meta property=\"og:type\" content=\"article\" \/>\n<meta property=\"og:title\" content=\"CROSS CENTURY II LUSTROUS CHROME RB - My Bracelet\" \/>\n<meta property=\"og:description\" content=\"BOGATA ZGODOVINA CROSS PISAL SE JE ZA\u010cELA LETA 1846, KO SE JE RICHARD CROSS ODPRAVIL V AMERIKO, DA BI REVOLUCIONIRAL IZDELAVO PISAL IN ZDRU\u017dIL NJIHOVO UPORABNOST Z ELEGANCO. USTANOVIL JE PODJETJE A.T.CROSS, KI SE \u017dE OD USTANOVITVE PONA\u0160A S KVALITETO, KREATIVNOSTJO IN ORIGINALNOSTJO. CROSS KOLEKCIJE ZDRU\u017dUJEJO VRSTO KLASI\u010cNIH IN SODOBNIH OBLIK PISAL \u2013 OD LIMITIRANIH [&hellip;]\" \/>\n<meta property=\"og:url\" content=\"https:\/\/my-bracelet.com\/2023\/product\/cross-century-ii-lustrous-chrome-rb\/\" \/>\n<meta property=\"og:site_name\" content=\"My Bracelet\" \/>\n<meta name=\"twitter:card\" content=\"summary_large_image\" \/>\n<meta name=\"twitter:label1\" content=\"Est. reading time\" \/>\n\t<meta name=\"twitter:data1\" content=\"1 minuta\" \/>\n<script type=\"application\/ld+json\" class=\"yoast-schema-graph\">{\"@context\":\"https:\/\/schema.org\",\"@graph\":[{\"@type\":\"WebPage\",\"@id\":\"https:\/\/my-bracelet.com\/2023\/product\/cross-century-ii-lustrous-chrome-rb\/\",\"url\":\"https:\/\/my-bracelet.com\/2023\/product\/cross-century-ii-lustrous-chrome-rb\/\",\"name\":\"CROSS CENTURY II LUSTROUS CHROME RB - My Bracelet\",\"isPartOf\":{\"@id\":\"https:\/\/my-bracelet.com\/2023\/#website\"},\"datePublished\":\"2022-12-16T11:42:22+00:00\",\"dateModified\":\"2022-12-16T11:42:22+00:00\",\"breadcrumb\":{\"@id\":\"https:\/\/my-bracelet.com\/2023\/product\/cross-century-ii-lustrous-chrome-rb\/#breadcrumb\"},\"inLanguage\":\"sl-SI\",\"potentialAction\":[{\"@type\":\"ReadAction\",\"target\":[\"https:\/\/my-bracelet.com\/2023\/product\/cross-century-ii-lustrous-chrome-rb\/\"]}]},{\"@type\":\"BreadcrumbList\",\"@id\":\"https:\/\/my-bracelet.com\/2023\/product\/cross-century-ii-lustrous-chrome-rb\/#breadcrumb\",\"itemListElement\":[{\"@type\":\"ListItem\",\"position\":1,\"name\":\"Home\",\"item\":\"https:\/\/my-bracelet.com\/2023\/\"},{\"@type\":\"ListItem\",\"position\":2,\"name\":\"Shop\",\"item\":\"https:\/\/my-bracelet.com\/2023\/shop\/\"},{\"@type\":\"ListItem\",\"position\":3,\"name\":\"CROSS CENTURY II LUSTROUS CHROME RB\"}]},{\"@type\":\"WebSite\",\"@id\":\"https:\/\/my-bracelet.com\/2023\/#website\",\"url\":\"https:\/\/my-bracelet.com\/2023\/\",\"name\":\"My Bracelet\",\"description\":\"Bracelets by Loboda\",\"potentialAction\":[{\"@type\":\"SearchAction\",\"target\":{\"@type\":\"EntryPoint\",\"urlTemplate\":\"https:\/\/my-bracelet.com\/2023\/?s={search_term_string}\"},\"query-input\":\"required name=search_term_string\"}],\"inLanguage\":\"sl-SI\"}]}<\/script>\n<!-- \/ Yoast SEO plugin. -->","yoast_head_json":{"title":"CROSS CENTURY II LUSTROUS CHROME RB - My Bracelet","robots":{"index":"index","follow":"follow","max-snippet":"max-snippet:-1","max-image-preview":"max-image-preview:large","max-video-preview":"max-video-preview:-1"},"canonical":"https:\/\/my-bracelet.com\/2023\/product\/cross-century-ii-lustrous-chrome-rb\/","og_locale":"sl_SI","og_type":"article","og_title":"CROSS CENTURY II LUSTROUS CHROME RB - My Bracelet","og_description":"BOGATA ZGODOVINA CROSS PISAL SE JE ZA\u010cELA LETA 1846, KO SE JE RICHARD CROSS ODPRAVIL V AMERIKO, DA BI REVOLUCIONIRAL IZDELAVO PISAL IN ZDRU\u017dIL NJIHOVO UPORABNOST Z ELEGANCO. USTANOVIL JE PODJETJE A.T.CROSS, KI SE \u017dE OD USTANOVITVE PONA\u0160A S KVALITETO, KREATIVNOSTJO IN ORIGINALNOSTJO. CROSS KOLEKCIJE ZDRU\u017dUJEJO VRSTO KLASI\u010cNIH IN SODOBNIH OBLIK PISAL \u2013 OD LIMITIRANIH [&hellip;]","og_url":"https:\/\/my-bracelet.com\/2023\/product\/cross-century-ii-lustrous-chrome-rb\/","og_site_name":"My Bracelet","twitter_card":"summary_large_image","twitter_misc":{"Est. reading time":"1 minuta"},"schema":{"@context":"https:\/\/schema.org","@graph":[{"@type":"WebPage","@id":"https:\/\/my-bracelet.com\/2023\/product\/cross-century-ii-lustrous-chrome-rb\/","url":"https:\/\/my-bracelet.com\/2023\/product\/cross-century-ii-lustrous-chrome-rb\/","name":"CROSS CENTURY II LUSTROUS CHROME RB - My Bracelet","isPartOf":{"@id":"https:\/\/my-bracelet.com\/2023\/#website"},"datePublished":"2022-12-16T11:42:22+00:00","dateModified":"2022-12-16T11:42:22+00:00","breadcrumb":{"@id":"https:\/\/my-bracelet.com\/2023\/product\/cross-century-ii-lustrous-chrome-rb\/#breadcrumb"},"inLanguage":"sl-SI","potentialAction":[{"@type":"ReadAction","target":["https:\/\/my-bracelet.com\/2023\/product\/cross-century-ii-lustrous-chrome-rb\/"]}]},{"@type":"BreadcrumbList","@id":"https:\/\/my-bracelet.com\/2023\/product\/cross-century-ii-lustrous-chrome-rb\/#breadcrumb","itemListElement":[{"@type":"ListItem","position":1,"name":"Home","item":"https:\/\/my-bracelet.com\/2023\/"},{"@type":"ListItem","position":2,"name":"Shop","item":"https:\/\/my-bracelet.com\/2023\/shop\/"},{"@type":"ListItem","position":3,"name":"CROSS CENTURY II LUSTROUS CHROME RB"}]},{"@type":"WebSite","@id":"https:\/\/my-bracelet.com\/2023\/#website","url":"https:\/\/my-bracelet.com\/2023\/","name":"My Bracelet","description":"Bracelets by Loboda","potentialAction":[{"@type":"SearchAction","target":{"@type":"EntryPoint","urlTemplate":"https:\/\/my-bracelet.com\/2023\/?s={search_term_string}"},"query-input":"required name=search_term_string"}],"inLanguage":"sl-SI"}]}},"_links":{"self":[{"href":"https:\/\/my-bracelet.com\/2023\/wp-json\/wp\/v2\/product\/574","targetHints":{"allow":["GET"]}}],"collection":[{"href":"https:\/\/my-bracelet.com\/2023\/wp-json\/wp\/v2\/product"}],"about":[{"href":"https:\/\/my-bracelet.com\/2023\/wp-json\/wp\/v2\/types\/product"}],"wp:attachment":[{"href":"https:\/\/my-bracelet.com\/2023\/wp-json\/wp\/v2\/media?parent=574"}],"wp:term":[{"taxonomy":"product_cat","embeddable":true,"href":"https:\/\/my-bracelet.com\/2023\/wp-json\/wp\/v2\/product_cat?post=574"},{"taxonomy":"product_tag","embeddable":true,"href":"https:\/\/my-bracelet.com\/2023\/wp-json\/wp\/v2\/product_tag?post=574"}],"curies":[{"name":"wp","href":"https:\/\/api.w.org\/{rel}","templated":true}]}}