{"id":610,"date":"2022-12-16T11:42:35","date_gmt":"2022-12-16T11:42:35","guid":{"rendered":"https:\/\/my-bracelet.com\/2023\/?post_type=product&#038;p=610"},"modified":"2022-12-16T11:42:35","modified_gmt":"2022-12-16T11:42:35","slug":"cross-townsend-blue-lack-fp","status":"publish","type":"product","link":"https:\/\/my-bracelet.com\/2023\/product\/cross-townsend-blue-lack-fp\/","title":{"rendered":"CROSS TOWNSEND BLUE LACK FP"},"content":{"rendered":"<h4 style=\"font-family: Roboto; color: #292929; font-size: 20px; text-transform: uppercase;\">BOGATA ZGODOVINA <strong>CROSS<\/strong> PISAL SE JE ZA\u010cELA LETA 1846, KO SE JE RICHARD CROSS ODPRAVIL V AMERIKO, DA BI REVOLUCIONIRAL IZDELAVO PISAL IN ZDRU\u017dIL NJIHOVO UPORABNOST Z ELEGANCO. USTANOVIL JE PODJETJE <strong>A.T.CROSS<\/strong>, KI SE \u017dE OD USTANOVITVE PONA\u0160A S KVALITETO, KREATIVNOSTJO IN ORIGINALNOSTJO.<\/h4>\n<h4><strong>CROSS<\/strong> KOLEKCIJE ZDRU\u017dUJEJO VRSTO KLASI\u010cNIH IN SODOBNIH OBLIK PISAL \u2013 OD LIMITIRANIH EDICIJ Z \u017dLAHTNIMI KOVINAMI IN VDELANIMI SWAROVSKI KRISTALI DO SODOBNIH VE\u010cNAMENSKIH PISAL, KI SLAVIJO FILMSKE IN KOMI\u010cNE LIKE.&nbsp;PROIZVODNJA \u017dE VE\u010c KOT 170 LET STRMI K POPOLNOSTI IN FUNKCIONALNOSTI.<\/h4>\n<h4 style=\"font-family: Roboto; color: #292929; font-size: 20px; text-transform: uppercase;\"><strong>CROSS<\/strong> PISALA SO ODLI\u010cNA IZBIRA ZA OBDAROVANJE, ODLIKUJE PA JIH TUDI DO\u017dIVLJENJSKA GARANCIJA NA VSE MEHANSKE DELE.&nbsp;<\/h4>\n<h4 style=\"font-family: Roboto; color: #292929; font-size: 20px; text-transform: uppercase;\">&nbsp;<\/h4>\n<p><strong>TOWNSEND<\/strong><\/p>\n<p>Za tiste, ki cenijo individualnost in brezhiben slog, kolekcija Townsend pooseblja klasi\u010dno ameri\u0161ko eleganco in preciznost.<\/p>\n<p>Navdihnjena z gracioznimi linijami oblikovanja Art Deco iz leta 1930, z zna\u010dilnimi zaklju\u010dki, plemenitimi kovinami in zna\u010dilnim dvojnim trakom, Townsend prina\u0161a gladko in enostavno do\u017eivljenjsko pisanje. Ni \u010dudno, da je bilo prav nalivno pero Townsend velikokrat izbira razli\u010dnih ameri\u0161kih predsednikov..<\/p>\n<ul style=\"padding-top: 0px; padding-right: 0px; padding-bottom: 0px; color: #666666; font-family: 'Open Sans'; font-size: 14px;\">\n<li style=\"line-height: 24px;\">&nbsp;nalivno pero 696-1<\/li>\n<li>&nbsp;<span style=\"color: #666666; font-family: 'Open Sans'; font-size: 14px;\">svetle\u010de modro lakirano in gravirano telo pisala<\/span><\/li>\n<li>&nbsp;ro\u010dno obdelana visokopolirana jeklena in rodinirana medium konica<\/li>\n<li>&nbsp;do\u017eivljenjska garancija na mehanske dele<\/li>\n<li style=\"line-height: 24px;\">&nbsp;darilna embala\u017ea<\/li>\n<li style=\"line-height: 24px;\">&nbsp;brezpla\u010dna po\u0161tnina po Sloveniji<\/li>\n<\/ul>\n","protected":false},"excerpt":{"rendered":"<p>BOGATA ZGODOVINA CROSS PISAL SE JE ZA\u010cELA LETA 1846, KO SE JE RICHARD CROSS ODPRAVIL V AMERIKO, DA BI REVOLUCIONIRAL IZDELAVO PISAL IN ZDRU\u017dIL NJIHOVO UPORABNOST Z ELEGANCO. USTANOVIL JE PODJETJE A.T.CROSS, KI SE \u017dE OD USTANOVITVE PONA\u0160A S KVALITETO, KREATIVNOSTJO IN ORIGINALNOSTJO. CROSS KOLEKCIJE ZDRU\u017dUJEJO VRSTO KLASI\u010cNIH IN SODOBNIH OBLIK PISAL \u2013 OD LIMITIRANIH [&hellip;]<\/p>\n","protected":false},"featured_media":0,"template":"","meta":[],"product_cat":[21],"product_tag":[],"class_list":["post-610","product","type-product","status-publish","hentry","product_cat-pisala"],"yoast_head":"<!-- This site is optimized with the Yoast SEO plugin v20.2.1 - https:\/\/yoast.com\/wordpress\/plugins\/seo\/ -->\n<title>CROSS TOWNSEND BLUE LACK FP - My Bracelet<\/title>\n<meta name=\"robots\" content=\"index, follow, max-snippet:-1, max-image-preview:large, max-video-preview:-1\" \/>\n<link rel=\"canonical\" href=\"https:\/\/my-bracelet.com\/2023\/product\/cross-townsend-blue-lack-fp\/\" \/>\n<meta property=\"og:locale\" content=\"sl_SI\" \/>\n<meta property=\"og:type\" content=\"article\" \/>\n<meta property=\"og:title\" content=\"CROSS TOWNSEND BLUE LACK FP - My Bracelet\" \/>\n<meta property=\"og:description\" content=\"BOGATA ZGODOVINA CROSS PISAL SE JE ZA\u010cELA LETA 1846, KO SE JE RICHARD CROSS ODPRAVIL V AMERIKO, DA BI REVOLUCIONIRAL IZDELAVO PISAL IN ZDRU\u017dIL NJIHOVO UPORABNOST Z ELEGANCO. USTANOVIL JE PODJETJE A.T.CROSS, KI SE \u017dE OD USTANOVITVE PONA\u0160A S KVALITETO, KREATIVNOSTJO IN ORIGINALNOSTJO. CROSS KOLEKCIJE ZDRU\u017dUJEJO VRSTO KLASI\u010cNIH IN SODOBNIH OBLIK PISAL \u2013 OD LIMITIRANIH [&hellip;]\" \/>\n<meta property=\"og:url\" content=\"https:\/\/my-bracelet.com\/2023\/product\/cross-townsend-blue-lack-fp\/\" \/>\n<meta property=\"og:site_name\" content=\"My Bracelet\" \/>\n<meta name=\"twitter:card\" content=\"summary_large_image\" \/>\n<meta name=\"twitter:label1\" content=\"Est. reading time\" \/>\n\t<meta name=\"twitter:data1\" content=\"1 minuta\" \/>\n<script type=\"application\/ld+json\" class=\"yoast-schema-graph\">{\"@context\":\"https:\/\/schema.org\",\"@graph\":[{\"@type\":\"WebPage\",\"@id\":\"https:\/\/my-bracelet.com\/2023\/product\/cross-townsend-blue-lack-fp\/\",\"url\":\"https:\/\/my-bracelet.com\/2023\/product\/cross-townsend-blue-lack-fp\/\",\"name\":\"CROSS TOWNSEND BLUE LACK FP - My Bracelet\",\"isPartOf\":{\"@id\":\"https:\/\/my-bracelet.com\/2023\/#website\"},\"datePublished\":\"2022-12-16T11:42:35+00:00\",\"dateModified\":\"2022-12-16T11:42:35+00:00\",\"breadcrumb\":{\"@id\":\"https:\/\/my-bracelet.com\/2023\/product\/cross-townsend-blue-lack-fp\/#breadcrumb\"},\"inLanguage\":\"sl-SI\",\"potentialAction\":[{\"@type\":\"ReadAction\",\"target\":[\"https:\/\/my-bracelet.com\/2023\/product\/cross-townsend-blue-lack-fp\/\"]}]},{\"@type\":\"BreadcrumbList\",\"@id\":\"https:\/\/my-bracelet.com\/2023\/product\/cross-townsend-blue-lack-fp\/#breadcrumb\",\"itemListElement\":[{\"@type\":\"ListItem\",\"position\":1,\"name\":\"Home\",\"item\":\"https:\/\/my-bracelet.com\/2023\/\"},{\"@type\":\"ListItem\",\"position\":2,\"name\":\"Shop\",\"item\":\"https:\/\/my-bracelet.com\/2023\/shop\/\"},{\"@type\":\"ListItem\",\"position\":3,\"name\":\"CROSS TOWNSEND BLUE LACK FP\"}]},{\"@type\":\"WebSite\",\"@id\":\"https:\/\/my-bracelet.com\/2023\/#website\",\"url\":\"https:\/\/my-bracelet.com\/2023\/\",\"name\":\"My Bracelet\",\"description\":\"Bracelets by Loboda\",\"potentialAction\":[{\"@type\":\"SearchAction\",\"target\":{\"@type\":\"EntryPoint\",\"urlTemplate\":\"https:\/\/my-bracelet.com\/2023\/?s={search_term_string}\"},\"query-input\":\"required name=search_term_string\"}],\"inLanguage\":\"sl-SI\"}]}<\/script>\n<!-- \/ Yoast SEO plugin. -->","yoast_head_json":{"title":"CROSS TOWNSEND BLUE LACK FP - My Bracelet","robots":{"index":"index","follow":"follow","max-snippet":"max-snippet:-1","max-image-preview":"max-image-preview:large","max-video-preview":"max-video-preview:-1"},"canonical":"https:\/\/my-bracelet.com\/2023\/product\/cross-townsend-blue-lack-fp\/","og_locale":"sl_SI","og_type":"article","og_title":"CROSS TOWNSEND BLUE LACK FP - My Bracelet","og_description":"BOGATA ZGODOVINA CROSS PISAL SE JE ZA\u010cELA LETA 1846, KO SE JE RICHARD CROSS ODPRAVIL V AMERIKO, DA BI REVOLUCIONIRAL IZDELAVO PISAL IN ZDRU\u017dIL NJIHOVO UPORABNOST Z ELEGANCO. USTANOVIL JE PODJETJE A.T.CROSS, KI SE \u017dE OD USTANOVITVE PONA\u0160A S KVALITETO, KREATIVNOSTJO IN ORIGINALNOSTJO. CROSS KOLEKCIJE ZDRU\u017dUJEJO VRSTO KLASI\u010cNIH IN SODOBNIH OBLIK PISAL \u2013 OD LIMITIRANIH [&hellip;]","og_url":"https:\/\/my-bracelet.com\/2023\/product\/cross-townsend-blue-lack-fp\/","og_site_name":"My Bracelet","twitter_card":"summary_large_image","twitter_misc":{"Est. reading time":"1 minuta"},"schema":{"@context":"https:\/\/schema.org","@graph":[{"@type":"WebPage","@id":"https:\/\/my-bracelet.com\/2023\/product\/cross-townsend-blue-lack-fp\/","url":"https:\/\/my-bracelet.com\/2023\/product\/cross-townsend-blue-lack-fp\/","name":"CROSS TOWNSEND BLUE LACK FP - My Bracelet","isPartOf":{"@id":"https:\/\/my-bracelet.com\/2023\/#website"},"datePublished":"2022-12-16T11:42:35+00:00","dateModified":"2022-12-16T11:42:35+00:00","breadcrumb":{"@id":"https:\/\/my-bracelet.com\/2023\/product\/cross-townsend-blue-lack-fp\/#breadcrumb"},"inLanguage":"sl-SI","potentialAction":[{"@type":"ReadAction","target":["https:\/\/my-bracelet.com\/2023\/product\/cross-townsend-blue-lack-fp\/"]}]},{"@type":"BreadcrumbList","@id":"https:\/\/my-bracelet.com\/2023\/product\/cross-townsend-blue-lack-fp\/#breadcrumb","itemListElement":[{"@type":"ListItem","position":1,"name":"Home","item":"https:\/\/my-bracelet.com\/2023\/"},{"@type":"ListItem","position":2,"name":"Shop","item":"https:\/\/my-bracelet.com\/2023\/shop\/"},{"@type":"ListItem","position":3,"name":"CROSS TOWNSEND BLUE LACK FP"}]},{"@type":"WebSite","@id":"https:\/\/my-bracelet.com\/2023\/#website","url":"https:\/\/my-bracelet.com\/2023\/","name":"My Bracelet","description":"Bracelets by Loboda","potentialAction":[{"@type":"SearchAction","target":{"@type":"EntryPoint","urlTemplate":"https:\/\/my-bracelet.com\/2023\/?s={search_term_string}"},"query-input":"required name=search_term_string"}],"inLanguage":"sl-SI"}]}},"_links":{"self":[{"href":"https:\/\/my-bracelet.com\/2023\/wp-json\/wp\/v2\/product\/610","targetHints":{"allow":["GET"]}}],"collection":[{"href":"https:\/\/my-bracelet.com\/2023\/wp-json\/wp\/v2\/product"}],"about":[{"href":"https:\/\/my-bracelet.com\/2023\/wp-json\/wp\/v2\/types\/product"}],"wp:attachment":[{"href":"https:\/\/my-bracelet.com\/2023\/wp-json\/wp\/v2\/media?parent=610"}],"wp:term":[{"taxonomy":"product_cat","embeddable":true,"href":"https:\/\/my-bracelet.com\/2023\/wp-json\/wp\/v2\/product_cat?post=610"},{"taxonomy":"product_tag","embeddable":true,"href":"https:\/\/my-bracelet.com\/2023\/wp-json\/wp\/v2\/product_tag?post=610"}],"curies":[{"name":"wp","href":"https:\/\/api.w.org\/{rel}","templated":true}]}}