{"id":638,"date":"2022-12-16T11:42:45","date_gmt":"2022-12-16T11:42:45","guid":{"rendered":"https:\/\/my-bracelet.com\/2023\/?post_type=product&#038;p=638"},"modified":"2022-12-16T11:42:45","modified_gmt":"2022-12-16T11:42:45","slug":"initial-st-dupont-ligne-bronze-or-vzigalnik","status":"publish","type":"product","link":"https:\/\/my-bracelet.com\/2023\/product\/initial-st-dupont-ligne-bronze-or-vzigalnik\/","title":{"rendered":"INITIAL ST DUPONT LIGNE BRONZE OR V\u017dIGALNIK"},"content":{"rendered":"<h4><strong>THE ART OF LIVING WELL<\/strong><\/h4>\n<h4>\u010cAR DOBREGA \u017dIVLJENJA SE SKRIVA V KVALITETI IN NE KVANTITETI, DA POSTANEMO POZNAVALCI JE POTREBNO SPOZNATI IN CENITI RESNI\u010cNO VREDNOST STVARI, KI SI JIH LASTIMO. TRAJNOST IN OBSTOJNOST KRASITA IZDELKE IN \u017dE VE\u010c KOT 140 LET MOTIVIRATA USTVARJALCE, DA STRMIJO K POPOLNOSTI. POPOLNOST IN OBSTOJNOST POSTANETA DEDI\u0160\u010cINA, KI SE LAHKO PRENA\u0160A IZ RODA V ROD. V TEM JE LEPOTA ZNAMKE <strong>S.T. DUPONT<\/strong>.<\/h4>\n<h4>IZJEMNI IZDELKI ZA IZJEMNE LJUDI. ZASNOVANI DA TRAJAJO VE\u010cNO.<\/h4>\n<h4><strong>THE ART OF FIRE<\/strong><\/h4>\n<h4 style=\"font-family: Roboto; color: #292929; font-size: 20px; text-transform: uppercase;\">\u010cudoviti produkti s te\u017eo plemenitih kovin, izvrstnimi podrobnostmi in kakovostno obdelavo, ki jo lahko dose\u017ee le ro\u010dno izdelano umetni\u0161ko delo.<\/h4>\n<p><strong>INITIAL<\/strong><\/p>\n<p>Poklon prvemu S.T. Dupont v\u017eigalniku s plinskim polnjenjem, predstavljenim davnega leta 1941.&nbsp;&nbsp;<\/p>\n<ul>\n<li><span style=\"font-size: 10pt;\">&nbsp;Initial<span style=\"font-family: Roboto, arial, tahoma;\">&nbsp;ST Dupont v\u017eigalnik 20803<\/span><\/span><\/li>\n<li><span style=\"font-size: 10pt;\">&nbsp;zlate barve<\/span><\/li>\n<li><span style=\"font-size: 10pt;\">&nbsp;\u010di\u0161\u010denje priporo\u010damo z mehko krpo<\/span><\/li>\n<li><span style=\"font-size: 10pt;\">&nbsp;iz varnostnih razlogov, v\u017eigalnik ob nakupu ni napolnjen s plinom<\/span><\/li>\n<li><span style=\"font-size: 10pt;\">&nbsp;uporabite moder plin \u0161t.434&nbsp;<\/span><\/li>\n<li><span style=\"font-size: 10pt;\">&nbsp;darilna embala\u017ea<\/span><\/li>\n<li><span style=\"font-size: 10pt;\">&nbsp;brezpla\u010dna po\u0161tnina po Sloveniji<\/span><\/li>\n<\/ul>\n","protected":false},"excerpt":{"rendered":"<p>THE ART OF LIVING WELL \u010cAR DOBREGA \u017dIVLJENJA SE SKRIVA V KVALITETI IN NE KVANTITETI, DA POSTANEMO POZNAVALCI JE POTREBNO SPOZNATI IN CENITI RESNI\u010cNO VREDNOST STVARI, KI SI JIH LASTIMO. TRAJNOST IN OBSTOJNOST KRASITA IZDELKE IN \u017dE VE\u010c KOT 140 LET MOTIVIRATA USTVARJALCE, DA STRMIJO K POPOLNOSTI. POPOLNOST IN OBSTOJNOST POSTANETA DEDI\u0160\u010cINA, KI SE LAHKO [&hellip;]<\/p>\n","protected":false},"featured_media":0,"template":"","meta":[],"product_cat":[22],"product_tag":[],"class_list":["post-638","product","type-product","status-publish","hentry","product_cat-s-t-dupont"],"yoast_head":"<!-- This site is optimized with the Yoast SEO plugin v20.2.1 - https:\/\/yoast.com\/wordpress\/plugins\/seo\/ -->\n<title>INITIAL ST DUPONT LIGNE BRONZE OR V\u017dIGALNIK - My Bracelet<\/title>\n<meta name=\"robots\" content=\"index, follow, max-snippet:-1, max-image-preview:large, max-video-preview:-1\" \/>\n<link rel=\"canonical\" href=\"https:\/\/my-bracelet.com\/2023\/product\/initial-st-dupont-ligne-bronze-or-vzigalnik\/\" \/>\n<meta property=\"og:locale\" content=\"sl_SI\" \/>\n<meta property=\"og:type\" content=\"article\" \/>\n<meta property=\"og:title\" content=\"INITIAL ST DUPONT LIGNE BRONZE OR V\u017dIGALNIK - My Bracelet\" \/>\n<meta property=\"og:description\" content=\"THE ART OF LIVING WELL \u010cAR DOBREGA \u017dIVLJENJA SE SKRIVA V KVALITETI IN NE KVANTITETI, DA POSTANEMO POZNAVALCI JE POTREBNO SPOZNATI IN CENITI RESNI\u010cNO VREDNOST STVARI, KI SI JIH LASTIMO. TRAJNOST IN OBSTOJNOST KRASITA IZDELKE IN \u017dE VE\u010c KOT 140 LET MOTIVIRATA USTVARJALCE, DA STRMIJO K POPOLNOSTI. POPOLNOST IN OBSTOJNOST POSTANETA DEDI\u0160\u010cINA, KI SE LAHKO [&hellip;]\" \/>\n<meta property=\"og:url\" content=\"https:\/\/my-bracelet.com\/2023\/product\/initial-st-dupont-ligne-bronze-or-vzigalnik\/\" \/>\n<meta property=\"og:site_name\" content=\"My Bracelet\" \/>\n<meta name=\"twitter:card\" content=\"summary_large_image\" \/>\n<meta name=\"twitter:label1\" content=\"Est. reading time\" \/>\n\t<meta name=\"twitter:data1\" content=\"1 minuta\" \/>\n<script type=\"application\/ld+json\" class=\"yoast-schema-graph\">{\"@context\":\"https:\/\/schema.org\",\"@graph\":[{\"@type\":\"WebPage\",\"@id\":\"https:\/\/my-bracelet.com\/2023\/product\/initial-st-dupont-ligne-bronze-or-vzigalnik\/\",\"url\":\"https:\/\/my-bracelet.com\/2023\/product\/initial-st-dupont-ligne-bronze-or-vzigalnik\/\",\"name\":\"INITIAL ST DUPONT LIGNE BRONZE OR V\u017dIGALNIK - My Bracelet\",\"isPartOf\":{\"@id\":\"https:\/\/my-bracelet.com\/2023\/#website\"},\"datePublished\":\"2022-12-16T11:42:45+00:00\",\"dateModified\":\"2022-12-16T11:42:45+00:00\",\"breadcrumb\":{\"@id\":\"https:\/\/my-bracelet.com\/2023\/product\/initial-st-dupont-ligne-bronze-or-vzigalnik\/#breadcrumb\"},\"inLanguage\":\"sl-SI\",\"potentialAction\":[{\"@type\":\"ReadAction\",\"target\":[\"https:\/\/my-bracelet.com\/2023\/product\/initial-st-dupont-ligne-bronze-or-vzigalnik\/\"]}]},{\"@type\":\"BreadcrumbList\",\"@id\":\"https:\/\/my-bracelet.com\/2023\/product\/initial-st-dupont-ligne-bronze-or-vzigalnik\/#breadcrumb\",\"itemListElement\":[{\"@type\":\"ListItem\",\"position\":1,\"name\":\"Home\",\"item\":\"https:\/\/my-bracelet.com\/2023\/\"},{\"@type\":\"ListItem\",\"position\":2,\"name\":\"Shop\",\"item\":\"https:\/\/my-bracelet.com\/2023\/shop\/\"},{\"@type\":\"ListItem\",\"position\":3,\"name\":\"INITIAL ST DUPONT LIGNE BRONZE OR V\u017dIGALNIK\"}]},{\"@type\":\"WebSite\",\"@id\":\"https:\/\/my-bracelet.com\/2023\/#website\",\"url\":\"https:\/\/my-bracelet.com\/2023\/\",\"name\":\"My Bracelet\",\"description\":\"Bracelets by Loboda\",\"potentialAction\":[{\"@type\":\"SearchAction\",\"target\":{\"@type\":\"EntryPoint\",\"urlTemplate\":\"https:\/\/my-bracelet.com\/2023\/?s={search_term_string}\"},\"query-input\":\"required name=search_term_string\"}],\"inLanguage\":\"sl-SI\"}]}<\/script>\n<!-- \/ Yoast SEO plugin. -->","yoast_head_json":{"title":"INITIAL ST DUPONT LIGNE BRONZE OR V\u017dIGALNIK - My Bracelet","robots":{"index":"index","follow":"follow","max-snippet":"max-snippet:-1","max-image-preview":"max-image-preview:large","max-video-preview":"max-video-preview:-1"},"canonical":"https:\/\/my-bracelet.com\/2023\/product\/initial-st-dupont-ligne-bronze-or-vzigalnik\/","og_locale":"sl_SI","og_type":"article","og_title":"INITIAL ST DUPONT LIGNE BRONZE OR V\u017dIGALNIK - My Bracelet","og_description":"THE ART OF LIVING WELL \u010cAR DOBREGA \u017dIVLJENJA SE SKRIVA V KVALITETI IN NE KVANTITETI, DA POSTANEMO POZNAVALCI JE POTREBNO SPOZNATI IN CENITI RESNI\u010cNO VREDNOST STVARI, KI SI JIH LASTIMO. TRAJNOST IN OBSTOJNOST KRASITA IZDELKE IN \u017dE VE\u010c KOT 140 LET MOTIVIRATA USTVARJALCE, DA STRMIJO K POPOLNOSTI. POPOLNOST IN OBSTOJNOST POSTANETA DEDI\u0160\u010cINA, KI SE LAHKO [&hellip;]","og_url":"https:\/\/my-bracelet.com\/2023\/product\/initial-st-dupont-ligne-bronze-or-vzigalnik\/","og_site_name":"My Bracelet","twitter_card":"summary_large_image","twitter_misc":{"Est. reading time":"1 minuta"},"schema":{"@context":"https:\/\/schema.org","@graph":[{"@type":"WebPage","@id":"https:\/\/my-bracelet.com\/2023\/product\/initial-st-dupont-ligne-bronze-or-vzigalnik\/","url":"https:\/\/my-bracelet.com\/2023\/product\/initial-st-dupont-ligne-bronze-or-vzigalnik\/","name":"INITIAL ST DUPONT LIGNE BRONZE OR V\u017dIGALNIK - My Bracelet","isPartOf":{"@id":"https:\/\/my-bracelet.com\/2023\/#website"},"datePublished":"2022-12-16T11:42:45+00:00","dateModified":"2022-12-16T11:42:45+00:00","breadcrumb":{"@id":"https:\/\/my-bracelet.com\/2023\/product\/initial-st-dupont-ligne-bronze-or-vzigalnik\/#breadcrumb"},"inLanguage":"sl-SI","potentialAction":[{"@type":"ReadAction","target":["https:\/\/my-bracelet.com\/2023\/product\/initial-st-dupont-ligne-bronze-or-vzigalnik\/"]}]},{"@type":"BreadcrumbList","@id":"https:\/\/my-bracelet.com\/2023\/product\/initial-st-dupont-ligne-bronze-or-vzigalnik\/#breadcrumb","itemListElement":[{"@type":"ListItem","position":1,"name":"Home","item":"https:\/\/my-bracelet.com\/2023\/"},{"@type":"ListItem","position":2,"name":"Shop","item":"https:\/\/my-bracelet.com\/2023\/shop\/"},{"@type":"ListItem","position":3,"name":"INITIAL ST DUPONT LIGNE BRONZE OR V\u017dIGALNIK"}]},{"@type":"WebSite","@id":"https:\/\/my-bracelet.com\/2023\/#website","url":"https:\/\/my-bracelet.com\/2023\/","name":"My Bracelet","description":"Bracelets by Loboda","potentialAction":[{"@type":"SearchAction","target":{"@type":"EntryPoint","urlTemplate":"https:\/\/my-bracelet.com\/2023\/?s={search_term_string}"},"query-input":"required name=search_term_string"}],"inLanguage":"sl-SI"}]}},"_links":{"self":[{"href":"https:\/\/my-bracelet.com\/2023\/wp-json\/wp\/v2\/product\/638","targetHints":{"allow":["GET"]}}],"collection":[{"href":"https:\/\/my-bracelet.com\/2023\/wp-json\/wp\/v2\/product"}],"about":[{"href":"https:\/\/my-bracelet.com\/2023\/wp-json\/wp\/v2\/types\/product"}],"wp:attachment":[{"href":"https:\/\/my-bracelet.com\/2023\/wp-json\/wp\/v2\/media?parent=638"}],"wp:term":[{"taxonomy":"product_cat","embeddable":true,"href":"https:\/\/my-bracelet.com\/2023\/wp-json\/wp\/v2\/product_cat?post=638"},{"taxonomy":"product_tag","embeddable":true,"href":"https:\/\/my-bracelet.com\/2023\/wp-json\/wp\/v2\/product_tag?post=638"}],"curies":[{"name":"wp","href":"https:\/\/api.w.org\/{rel}","templated":true}]}}