{"id":679,"date":"2022-12-16T11:42:58","date_gmt":"2022-12-16T11:42:58","guid":{"rendered":"https:\/\/my-bracelet.com\/2023\/?post_type=product&#038;p=679"},"modified":"2022-12-16T11:42:58","modified_gmt":"2022-12-16T11:42:58","slug":"d-initial-st-dupont-black-chrome-fp-nalivno-pero","status":"publish","type":"product","link":"https:\/\/my-bracelet.com\/2023\/product\/d-initial-st-dupont-black-chrome-fp-nalivno-pero\/","title":{"rendered":"D-INITIAL ST DUPONT BLACK CHROME FP NALIVNO PERO"},"content":{"rendered":"<h4><strong>THE ART OF LIVING WELL<\/strong><\/h4>\n<h4>\u010cAR DOBREGA \u017dIVLJENJA SE SKRIVA V KVALITETI IN NE KVANTITETI, DA POSTANEMO POZNAVALCI JE POTREBNO SPOZNATI IN CENITI RESNI\u010cNO VREDNOST STVARI, KI SI JIH LASTIMO. TRAJNOST IN OBSTOJNOST KRASITA IZDELKE IN \u017dE VE\u010c KOT 140 LET MOTIVIRATA USTVARJALCE, DA STRMIJO K POPOLNOSTI. POPOLNOST IN OBSTOJNOST POSTANETA DEDI\u0160\u010cINA, KI SE LAHKO PRENA\u0160A IZ RODA V ROD. V TEM JE LEPOTA ZNAMKE <strong>S.T. DUPONT<\/strong>.<\/h4>\n<h4>IZJEMNI IZDELKI ZA IZJEMNE LJUDI. ZASNOVANI DA TRAJAJO VE\u010cNO.<\/h4>\n<h4><strong>THE ART OF WRITING<\/strong><\/h4>\n<h4>PO\u017dIVITE VA\u0160A BESEDILA IN U\u017dIVAJTE V PISANJU Z BOGATO IZBIRO IZVRSTNO IZDELANIH PISALNIH INSTRUMENTOV ZNAMKE S.T. DUPONT.<\/h4>\n<p><strong>D-INITIAL<\/strong><\/p>\n<p>V poklon prvemu peresu \u02ddClassique\u02dd, S.T. Dupont predstavlja povsem nov in sodobnej\u0161i pisalni instrument, ki ustreza zahtevam sodobnih mo\u0161kih in \u017eensk.<\/p>\n<ul>\n<li>&nbsp;D-Initial<span style=\"font-family: Roboto, arial, tahoma;\">&nbsp;ST Dupont nalivno pero 260204<\/span><\/li>\n<li>&nbsp;medium jeklena konica<\/li>\n<li>&nbsp;\u010drn lak in poliran krom<\/li>\n<li>&nbsp;izjemno trd lak, odporen na udarce, praske, trenje in vodo<\/li>\n<li>&nbsp;\u010di\u0161\u010denje priporo\u010damo z mehko krpo<\/li>\n<li>&nbsp;priporo\u010damo uporabo ST Dupont vlo\u017ekov \u010drne ali modre barve<\/li>\n<li>&nbsp;darilna embala\u017ea<\/li>\n<li>&nbsp;brezpla\u010dna po\u0161tnina po Sloveniji<\/li>\n<\/ul>\n","protected":false},"excerpt":{"rendered":"<p>THE ART OF LIVING WELL \u010cAR DOBREGA \u017dIVLJENJA SE SKRIVA V KVALITETI IN NE KVANTITETI, DA POSTANEMO POZNAVALCI JE POTREBNO SPOZNATI IN CENITI RESNI\u010cNO VREDNOST STVARI, KI SI JIH LASTIMO. TRAJNOST IN OBSTOJNOST KRASITA IZDELKE IN \u017dE VE\u010c KOT 140 LET MOTIVIRATA USTVARJALCE, DA STRMIJO K POPOLNOSTI. POPOLNOST IN OBSTOJNOST POSTANETA DEDI\u0160\u010cINA, KI SE LAHKO [&hellip;]<\/p>\n","protected":false},"featured_media":0,"template":"","meta":[],"product_cat":[22],"product_tag":[],"class_list":["post-679","product","type-product","status-publish","hentry","product_cat-s-t-dupont"],"yoast_head":"<!-- This site is optimized with the Yoast SEO plugin v20.2.1 - https:\/\/yoast.com\/wordpress\/plugins\/seo\/ -->\n<title>D-INITIAL ST DUPONT BLACK CHROME FP NALIVNO PERO - My Bracelet<\/title>\n<meta name=\"robots\" content=\"index, follow, max-snippet:-1, max-image-preview:large, max-video-preview:-1\" \/>\n<link rel=\"canonical\" href=\"https:\/\/my-bracelet.com\/2023\/product\/d-initial-st-dupont-black-chrome-fp-nalivno-pero\/\" \/>\n<meta property=\"og:locale\" content=\"sl_SI\" \/>\n<meta property=\"og:type\" content=\"article\" \/>\n<meta property=\"og:title\" content=\"D-INITIAL ST DUPONT BLACK CHROME FP NALIVNO PERO - My Bracelet\" \/>\n<meta property=\"og:description\" content=\"THE ART OF LIVING WELL \u010cAR DOBREGA \u017dIVLJENJA SE SKRIVA V KVALITETI IN NE KVANTITETI, DA POSTANEMO POZNAVALCI JE POTREBNO SPOZNATI IN CENITI RESNI\u010cNO VREDNOST STVARI, KI SI JIH LASTIMO. TRAJNOST IN OBSTOJNOST KRASITA IZDELKE IN \u017dE VE\u010c KOT 140 LET MOTIVIRATA USTVARJALCE, DA STRMIJO K POPOLNOSTI. POPOLNOST IN OBSTOJNOST POSTANETA DEDI\u0160\u010cINA, KI SE LAHKO [&hellip;]\" \/>\n<meta property=\"og:url\" content=\"https:\/\/my-bracelet.com\/2023\/product\/d-initial-st-dupont-black-chrome-fp-nalivno-pero\/\" \/>\n<meta property=\"og:site_name\" content=\"My Bracelet\" \/>\n<meta name=\"twitter:card\" content=\"summary_large_image\" \/>\n<meta name=\"twitter:label1\" content=\"Est. reading time\" \/>\n\t<meta name=\"twitter:data1\" content=\"1 minuta\" \/>\n<script type=\"application\/ld+json\" class=\"yoast-schema-graph\">{\"@context\":\"https:\/\/schema.org\",\"@graph\":[{\"@type\":\"WebPage\",\"@id\":\"https:\/\/my-bracelet.com\/2023\/product\/d-initial-st-dupont-black-chrome-fp-nalivno-pero\/\",\"url\":\"https:\/\/my-bracelet.com\/2023\/product\/d-initial-st-dupont-black-chrome-fp-nalivno-pero\/\",\"name\":\"D-INITIAL ST DUPONT BLACK CHROME FP NALIVNO PERO - My Bracelet\",\"isPartOf\":{\"@id\":\"https:\/\/my-bracelet.com\/2023\/#website\"},\"datePublished\":\"2022-12-16T11:42:58+00:00\",\"dateModified\":\"2022-12-16T11:42:58+00:00\",\"breadcrumb\":{\"@id\":\"https:\/\/my-bracelet.com\/2023\/product\/d-initial-st-dupont-black-chrome-fp-nalivno-pero\/#breadcrumb\"},\"inLanguage\":\"sl-SI\",\"potentialAction\":[{\"@type\":\"ReadAction\",\"target\":[\"https:\/\/my-bracelet.com\/2023\/product\/d-initial-st-dupont-black-chrome-fp-nalivno-pero\/\"]}]},{\"@type\":\"BreadcrumbList\",\"@id\":\"https:\/\/my-bracelet.com\/2023\/product\/d-initial-st-dupont-black-chrome-fp-nalivno-pero\/#breadcrumb\",\"itemListElement\":[{\"@type\":\"ListItem\",\"position\":1,\"name\":\"Home\",\"item\":\"https:\/\/my-bracelet.com\/2023\/\"},{\"@type\":\"ListItem\",\"position\":2,\"name\":\"Shop\",\"item\":\"https:\/\/my-bracelet.com\/2023\/shop\/\"},{\"@type\":\"ListItem\",\"position\":3,\"name\":\"D-INITIAL ST DUPONT BLACK CHROME FP NALIVNO PERO\"}]},{\"@type\":\"WebSite\",\"@id\":\"https:\/\/my-bracelet.com\/2023\/#website\",\"url\":\"https:\/\/my-bracelet.com\/2023\/\",\"name\":\"My Bracelet\",\"description\":\"Bracelets by Loboda\",\"potentialAction\":[{\"@type\":\"SearchAction\",\"target\":{\"@type\":\"EntryPoint\",\"urlTemplate\":\"https:\/\/my-bracelet.com\/2023\/?s={search_term_string}\"},\"query-input\":\"required name=search_term_string\"}],\"inLanguage\":\"sl-SI\"}]}<\/script>\n<!-- \/ Yoast SEO plugin. -->","yoast_head_json":{"title":"D-INITIAL ST DUPONT BLACK CHROME FP NALIVNO PERO - My Bracelet","robots":{"index":"index","follow":"follow","max-snippet":"max-snippet:-1","max-image-preview":"max-image-preview:large","max-video-preview":"max-video-preview:-1"},"canonical":"https:\/\/my-bracelet.com\/2023\/product\/d-initial-st-dupont-black-chrome-fp-nalivno-pero\/","og_locale":"sl_SI","og_type":"article","og_title":"D-INITIAL ST DUPONT BLACK CHROME FP NALIVNO PERO - My Bracelet","og_description":"THE ART OF LIVING WELL \u010cAR DOBREGA \u017dIVLJENJA SE SKRIVA V KVALITETI IN NE KVANTITETI, DA POSTANEMO POZNAVALCI JE POTREBNO SPOZNATI IN CENITI RESNI\u010cNO VREDNOST STVARI, KI SI JIH LASTIMO. TRAJNOST IN OBSTOJNOST KRASITA IZDELKE IN \u017dE VE\u010c KOT 140 LET MOTIVIRATA USTVARJALCE, DA STRMIJO K POPOLNOSTI. POPOLNOST IN OBSTOJNOST POSTANETA DEDI\u0160\u010cINA, KI SE LAHKO [&hellip;]","og_url":"https:\/\/my-bracelet.com\/2023\/product\/d-initial-st-dupont-black-chrome-fp-nalivno-pero\/","og_site_name":"My Bracelet","twitter_card":"summary_large_image","twitter_misc":{"Est. reading time":"1 minuta"},"schema":{"@context":"https:\/\/schema.org","@graph":[{"@type":"WebPage","@id":"https:\/\/my-bracelet.com\/2023\/product\/d-initial-st-dupont-black-chrome-fp-nalivno-pero\/","url":"https:\/\/my-bracelet.com\/2023\/product\/d-initial-st-dupont-black-chrome-fp-nalivno-pero\/","name":"D-INITIAL ST DUPONT BLACK CHROME FP NALIVNO PERO - My Bracelet","isPartOf":{"@id":"https:\/\/my-bracelet.com\/2023\/#website"},"datePublished":"2022-12-16T11:42:58+00:00","dateModified":"2022-12-16T11:42:58+00:00","breadcrumb":{"@id":"https:\/\/my-bracelet.com\/2023\/product\/d-initial-st-dupont-black-chrome-fp-nalivno-pero\/#breadcrumb"},"inLanguage":"sl-SI","potentialAction":[{"@type":"ReadAction","target":["https:\/\/my-bracelet.com\/2023\/product\/d-initial-st-dupont-black-chrome-fp-nalivno-pero\/"]}]},{"@type":"BreadcrumbList","@id":"https:\/\/my-bracelet.com\/2023\/product\/d-initial-st-dupont-black-chrome-fp-nalivno-pero\/#breadcrumb","itemListElement":[{"@type":"ListItem","position":1,"name":"Home","item":"https:\/\/my-bracelet.com\/2023\/"},{"@type":"ListItem","position":2,"name":"Shop","item":"https:\/\/my-bracelet.com\/2023\/shop\/"},{"@type":"ListItem","position":3,"name":"D-INITIAL ST DUPONT BLACK CHROME FP NALIVNO PERO"}]},{"@type":"WebSite","@id":"https:\/\/my-bracelet.com\/2023\/#website","url":"https:\/\/my-bracelet.com\/2023\/","name":"My Bracelet","description":"Bracelets by Loboda","potentialAction":[{"@type":"SearchAction","target":{"@type":"EntryPoint","urlTemplate":"https:\/\/my-bracelet.com\/2023\/?s={search_term_string}"},"query-input":"required name=search_term_string"}],"inLanguage":"sl-SI"}]}},"_links":{"self":[{"href":"https:\/\/my-bracelet.com\/2023\/wp-json\/wp\/v2\/product\/679","targetHints":{"allow":["GET"]}}],"collection":[{"href":"https:\/\/my-bracelet.com\/2023\/wp-json\/wp\/v2\/product"}],"about":[{"href":"https:\/\/my-bracelet.com\/2023\/wp-json\/wp\/v2\/types\/product"}],"wp:attachment":[{"href":"https:\/\/my-bracelet.com\/2023\/wp-json\/wp\/v2\/media?parent=679"}],"wp:term":[{"taxonomy":"product_cat","embeddable":true,"href":"https:\/\/my-bracelet.com\/2023\/wp-json\/wp\/v2\/product_cat?post=679"},{"taxonomy":"product_tag","embeddable":true,"href":"https:\/\/my-bracelet.com\/2023\/wp-json\/wp\/v2\/product_tag?post=679"}],"curies":[{"name":"wp","href":"https:\/\/api.w.org\/{rel}","templated":true}]}}