{"id":702,"date":"2022-12-16T11:43:05","date_gmt":"2022-12-16T11:43:05","guid":{"rendered":"https:\/\/my-bracelet.com\/2023\/?post_type=product&#038;p=702"},"modified":"2022-12-16T11:43:05","modified_gmt":"2022-12-16T11:43:05","slug":"leather-belt-st-dupont-auto-black-pas-za-hlace","status":"publish","type":"product","link":"https:\/\/my-bracelet.com\/2023\/product\/leather-belt-st-dupont-auto-black-pas-za-hlace\/","title":{"rendered":"LEATHER BELT ST DUPONT AUTO BLACK PAS ZA HLA\u010cE"},"content":{"rendered":"<h4><strong>THE ART OF LIVING WELL<\/strong><\/h4>\n<h4>\u010cAR DOBREGA \u017dIVLJENJA SE SKRIVA V KVALITETI IN NE KVANTITETI, DA POSTANEMO POZNAVALCI JE POTREBNO SPOZNATI IN CENITI RESNI\u010cNO VREDNOST STVARI, KI SI JIH LASTIMO. TRAJNOST IN OBSTOJNOST KRASITA IZDELKE IN \u017dE VE\u010c KOT 140 LET MOTIVIRATA USTVARJALCE, DA STRMIJO K POPOLNOSTI. POPOLNOST IN OBSTOJNOST POSTANETA DEDI\u0160\u010cINA, KI SE LAHKO PRENA\u0160A IZ RODA V ROD. V TEM JE LEPOTA ZNAMKE <strong>S.T. DUPONT<\/strong>.<\/h4>\n<h4>IZJEMNI IZDELKI ZA IZJEMNE LJUDI. ZASNOVANI DA TRAJAJO VE\u010cNO.<\/h4>\n<p><strong>THE ART OF SEDUCTION<\/strong><\/p>\n<p>RAZLIKOVANJE SE VEDNO POKA\u017dE V MALENKOSTIH IN PODROBNOSTIH. ODKRIJTE IZPOPOLNJENE DODATKE ZNAMKE S.T. DUPONT IN PO\u017dIVITE SVOJ UNIKATEN STIL \u017dIVLJENJA.<\/p>\n<p><strong>PASOVI ZA HLA\u010cE<\/strong><\/p>\n<p>Z dolgoletnimi izku\u0161njami in tradicijonalno obdelavo finega usnja in najfinej\u0161ih plemenitih kovin znamka S.T. Dupont ponuja razli\u010dne vrste pasov, ki jih krasijo kakovost, eleganca in prefinjenost.<\/p>\n<ul>\n<li>&nbsp;<span style=\"font-family: Roboto, arial, tahoma;\">ST Dupont usnjen pas za hla\u010de 9450120<\/span><\/li>\n<li>&nbsp;\u010drn in rjav<\/li>\n<li>&nbsp;vrtljiva sponka omogo\u010da mo\u017enost enostavne dvostranske uporabe<\/li>\n<li>&nbsp;jeklena sponka prevle\u010dena s \u010drnim lakom in paladijem<\/li>\n<li>&nbsp;\u010di\u0161\u010denje priporo\u010damo z mehko krpo<\/li>\n<li>&nbsp;darilna embala\u017ea<\/li>\n<li>&nbsp;brezpla\u010dna po\u0161tnina po Sloveniji<\/li>\n<\/ul>\n","protected":false},"excerpt":{"rendered":"<p>THE ART OF LIVING WELL \u010cAR DOBREGA \u017dIVLJENJA SE SKRIVA V KVALITETI IN NE KVANTITETI, DA POSTANEMO POZNAVALCI JE POTREBNO SPOZNATI IN CENITI RESNI\u010cNO VREDNOST STVARI, KI SI JIH LASTIMO. TRAJNOST IN OBSTOJNOST KRASITA IZDELKE IN \u017dE VE\u010c KOT 140 LET MOTIVIRATA USTVARJALCE, DA STRMIJO K POPOLNOSTI. POPOLNOST IN OBSTOJNOST POSTANETA DEDI\u0160\u010cINA, KI SE LAHKO [&hellip;]<\/p>\n","protected":false},"featured_media":0,"template":"","meta":[],"product_cat":[22],"product_tag":[],"class_list":["post-702","product","type-product","status-publish","hentry","product_cat-s-t-dupont"],"yoast_head":"<!-- This site is optimized with the Yoast SEO plugin v20.2.1 - https:\/\/yoast.com\/wordpress\/plugins\/seo\/ -->\n<title>LEATHER BELT ST DUPONT AUTO BLACK PAS ZA HLA\u010cE - My Bracelet<\/title>\n<meta name=\"robots\" content=\"index, follow, max-snippet:-1, max-image-preview:large, max-video-preview:-1\" \/>\n<link rel=\"canonical\" href=\"https:\/\/my-bracelet.com\/2023\/product\/leather-belt-st-dupont-auto-black-pas-za-hlace\/\" \/>\n<meta property=\"og:locale\" content=\"sl_SI\" \/>\n<meta property=\"og:type\" content=\"article\" \/>\n<meta property=\"og:title\" content=\"LEATHER BELT ST DUPONT AUTO BLACK PAS ZA HLA\u010cE - My Bracelet\" \/>\n<meta property=\"og:description\" content=\"THE ART OF LIVING WELL \u010cAR DOBREGA \u017dIVLJENJA SE SKRIVA V KVALITETI IN NE KVANTITETI, DA POSTANEMO POZNAVALCI JE POTREBNO SPOZNATI IN CENITI RESNI\u010cNO VREDNOST STVARI, KI SI JIH LASTIMO. TRAJNOST IN OBSTOJNOST KRASITA IZDELKE IN \u017dE VE\u010c KOT 140 LET MOTIVIRATA USTVARJALCE, DA STRMIJO K POPOLNOSTI. POPOLNOST IN OBSTOJNOST POSTANETA DEDI\u0160\u010cINA, KI SE LAHKO [&hellip;]\" \/>\n<meta property=\"og:url\" content=\"https:\/\/my-bracelet.com\/2023\/product\/leather-belt-st-dupont-auto-black-pas-za-hlace\/\" \/>\n<meta property=\"og:site_name\" content=\"My Bracelet\" \/>\n<meta name=\"twitter:card\" content=\"summary_large_image\" \/>\n<meta name=\"twitter:label1\" content=\"Est. reading time\" \/>\n\t<meta name=\"twitter:data1\" content=\"1 minuta\" \/>\n<script type=\"application\/ld+json\" class=\"yoast-schema-graph\">{\"@context\":\"https:\/\/schema.org\",\"@graph\":[{\"@type\":\"WebPage\",\"@id\":\"https:\/\/my-bracelet.com\/2023\/product\/leather-belt-st-dupont-auto-black-pas-za-hlace\/\",\"url\":\"https:\/\/my-bracelet.com\/2023\/product\/leather-belt-st-dupont-auto-black-pas-za-hlace\/\",\"name\":\"LEATHER BELT ST DUPONT AUTO BLACK PAS ZA HLA\u010cE - My Bracelet\",\"isPartOf\":{\"@id\":\"https:\/\/my-bracelet.com\/2023\/#website\"},\"datePublished\":\"2022-12-16T11:43:05+00:00\",\"dateModified\":\"2022-12-16T11:43:05+00:00\",\"breadcrumb\":{\"@id\":\"https:\/\/my-bracelet.com\/2023\/product\/leather-belt-st-dupont-auto-black-pas-za-hlace\/#breadcrumb\"},\"inLanguage\":\"sl-SI\",\"potentialAction\":[{\"@type\":\"ReadAction\",\"target\":[\"https:\/\/my-bracelet.com\/2023\/product\/leather-belt-st-dupont-auto-black-pas-za-hlace\/\"]}]},{\"@type\":\"BreadcrumbList\",\"@id\":\"https:\/\/my-bracelet.com\/2023\/product\/leather-belt-st-dupont-auto-black-pas-za-hlace\/#breadcrumb\",\"itemListElement\":[{\"@type\":\"ListItem\",\"position\":1,\"name\":\"Home\",\"item\":\"https:\/\/my-bracelet.com\/2023\/\"},{\"@type\":\"ListItem\",\"position\":2,\"name\":\"Shop\",\"item\":\"https:\/\/my-bracelet.com\/2023\/shop\/\"},{\"@type\":\"ListItem\",\"position\":3,\"name\":\"LEATHER BELT ST DUPONT AUTO BLACK PAS ZA HLA\u010cE\"}]},{\"@type\":\"WebSite\",\"@id\":\"https:\/\/my-bracelet.com\/2023\/#website\",\"url\":\"https:\/\/my-bracelet.com\/2023\/\",\"name\":\"My Bracelet\",\"description\":\"Bracelets by Loboda\",\"potentialAction\":[{\"@type\":\"SearchAction\",\"target\":{\"@type\":\"EntryPoint\",\"urlTemplate\":\"https:\/\/my-bracelet.com\/2023\/?s={search_term_string}\"},\"query-input\":\"required name=search_term_string\"}],\"inLanguage\":\"sl-SI\"}]}<\/script>\n<!-- \/ Yoast SEO plugin. -->","yoast_head_json":{"title":"LEATHER BELT ST DUPONT AUTO BLACK PAS ZA HLA\u010cE - My Bracelet","robots":{"index":"index","follow":"follow","max-snippet":"max-snippet:-1","max-image-preview":"max-image-preview:large","max-video-preview":"max-video-preview:-1"},"canonical":"https:\/\/my-bracelet.com\/2023\/product\/leather-belt-st-dupont-auto-black-pas-za-hlace\/","og_locale":"sl_SI","og_type":"article","og_title":"LEATHER BELT ST DUPONT AUTO BLACK PAS ZA HLA\u010cE - My Bracelet","og_description":"THE ART OF LIVING WELL \u010cAR DOBREGA \u017dIVLJENJA SE SKRIVA V KVALITETI IN NE KVANTITETI, DA POSTANEMO POZNAVALCI JE POTREBNO SPOZNATI IN CENITI RESNI\u010cNO VREDNOST STVARI, KI SI JIH LASTIMO. TRAJNOST IN OBSTOJNOST KRASITA IZDELKE IN \u017dE VE\u010c KOT 140 LET MOTIVIRATA USTVARJALCE, DA STRMIJO K POPOLNOSTI. POPOLNOST IN OBSTOJNOST POSTANETA DEDI\u0160\u010cINA, KI SE LAHKO [&hellip;]","og_url":"https:\/\/my-bracelet.com\/2023\/product\/leather-belt-st-dupont-auto-black-pas-za-hlace\/","og_site_name":"My Bracelet","twitter_card":"summary_large_image","twitter_misc":{"Est. reading time":"1 minuta"},"schema":{"@context":"https:\/\/schema.org","@graph":[{"@type":"WebPage","@id":"https:\/\/my-bracelet.com\/2023\/product\/leather-belt-st-dupont-auto-black-pas-za-hlace\/","url":"https:\/\/my-bracelet.com\/2023\/product\/leather-belt-st-dupont-auto-black-pas-za-hlace\/","name":"LEATHER BELT ST DUPONT AUTO BLACK PAS ZA HLA\u010cE - My Bracelet","isPartOf":{"@id":"https:\/\/my-bracelet.com\/2023\/#website"},"datePublished":"2022-12-16T11:43:05+00:00","dateModified":"2022-12-16T11:43:05+00:00","breadcrumb":{"@id":"https:\/\/my-bracelet.com\/2023\/product\/leather-belt-st-dupont-auto-black-pas-za-hlace\/#breadcrumb"},"inLanguage":"sl-SI","potentialAction":[{"@type":"ReadAction","target":["https:\/\/my-bracelet.com\/2023\/product\/leather-belt-st-dupont-auto-black-pas-za-hlace\/"]}]},{"@type":"BreadcrumbList","@id":"https:\/\/my-bracelet.com\/2023\/product\/leather-belt-st-dupont-auto-black-pas-za-hlace\/#breadcrumb","itemListElement":[{"@type":"ListItem","position":1,"name":"Home","item":"https:\/\/my-bracelet.com\/2023\/"},{"@type":"ListItem","position":2,"name":"Shop","item":"https:\/\/my-bracelet.com\/2023\/shop\/"},{"@type":"ListItem","position":3,"name":"LEATHER BELT ST DUPONT AUTO BLACK PAS ZA HLA\u010cE"}]},{"@type":"WebSite","@id":"https:\/\/my-bracelet.com\/2023\/#website","url":"https:\/\/my-bracelet.com\/2023\/","name":"My Bracelet","description":"Bracelets by Loboda","potentialAction":[{"@type":"SearchAction","target":{"@type":"EntryPoint","urlTemplate":"https:\/\/my-bracelet.com\/2023\/?s={search_term_string}"},"query-input":"required name=search_term_string"}],"inLanguage":"sl-SI"}]}},"_links":{"self":[{"href":"https:\/\/my-bracelet.com\/2023\/wp-json\/wp\/v2\/product\/702","targetHints":{"allow":["GET"]}}],"collection":[{"href":"https:\/\/my-bracelet.com\/2023\/wp-json\/wp\/v2\/product"}],"about":[{"href":"https:\/\/my-bracelet.com\/2023\/wp-json\/wp\/v2\/types\/product"}],"wp:attachment":[{"href":"https:\/\/my-bracelet.com\/2023\/wp-json\/wp\/v2\/media?parent=702"}],"wp:term":[{"taxonomy":"product_cat","embeddable":true,"href":"https:\/\/my-bracelet.com\/2023\/wp-json\/wp\/v2\/product_cat?post=702"},{"taxonomy":"product_tag","embeddable":true,"href":"https:\/\/my-bracelet.com\/2023\/wp-json\/wp\/v2\/product_tag?post=702"}],"curies":[{"name":"wp","href":"https:\/\/api.w.org\/{rel}","templated":true}]}}