{"id":718,"date":"2022-12-16T11:43:10","date_gmt":"2022-12-16T11:43:10","guid":{"rendered":"https:\/\/my-bracelet.com\/2023\/?post_type=product&#038;p=718"},"modified":"2022-12-16T11:43:10","modified_gmt":"2022-12-16T11:43:10","slug":"lighter-etui-line-d-black-st-dupont","status":"publish","type":"product","link":"https:\/\/my-bracelet.com\/2023\/product\/lighter-etui-line-d-black-st-dupont\/","title":{"rendered":"LIGHTER ETUI LINE D BLACK ST DUPONT"},"content":{"rendered":"<h4><strong>THE ART OF LIVING WELL<\/strong><\/h4>\n<h4>\u010cAR DOBREGA \u017dIVLJENJA SE SKRIVA V KVALITETI IN NE KVANTITETI, DA POSTANEMO POZNAVALCI JE POTREBNO SPOZNATI IN CENITI RESNI\u010cNO VREDNOST STVARI, KI SI JIH LASTIMO. TRAJNOST IN OBSTOJNOST KRASITA IZDELKE IN \u017dE VE\u010c KOT 140 LET MOTIVIRATA USTVARJALCE, DA STRMIJO K POPOLNOSTI. POPOLNOST IN OBSTOJNOST POSTANETA DEDI\u0160\u010cINA, KI SE LAHKO PRENA\u0160A IZ RODA V ROD. V TEM JE LEPOTA ZNAMKE <strong>S.T. DUPONT<\/strong>.<\/h4>\n<h4>IZJEMNI IZDELKI ZA IZJEMNE LJUDI. ZASNOVANI DA TRAJAJO VE\u010cNO.<\/h4>\n<p><strong>THE ART OF TRAVEL<\/strong><\/p>\n<p>Usnjene aktovke in ikoni\u010dne torbe, zasnovane tako, da se dobro starajo, s \u010dasom pa dodajo zna\u010daj, ki si ga lahko le zaslu\u017eite in ga nemorete kupiti.<\/p>\n<p><strong>LINE D<\/strong><\/p>\n<p>S.T. Dupont o\u017eivlja svoj izvor kot mojster &#8220;Malletier&#8221; s prenovo celotne kolekcije usnjenih izdelkov. Produkti z kolekcije Line D so bili zasnovani z veliko pozornostjo na funkcionalnosti, udobju in eleganci.<\/p>\n<ul>\n<li>&nbsp;<span style=\"font-family: Roboto, arial, tahoma;\">ST Dupont etui za v\u017eigalnik Ligne 2 180024<\/span><\/li>\n<li>&nbsp;\u010drno usnje<\/li>\n<li>&nbsp;mo\u017enost pripetja za pas za hla\u010de<\/li>\n<li>&nbsp;\u010di\u0161\u010denje priporo\u010damo z mehko krpo<\/li>\n<li>&nbsp;darilna embala\u017ea<\/li>\n<li>&nbsp;brezpla\u010dna po\u0161tnina po Sloveniji<\/li>\n<\/ul>\n","protected":false},"excerpt":{"rendered":"<p>THE ART OF LIVING WELL \u010cAR DOBREGA \u017dIVLJENJA SE SKRIVA V KVALITETI IN NE KVANTITETI, DA POSTANEMO POZNAVALCI JE POTREBNO SPOZNATI IN CENITI RESNI\u010cNO VREDNOST STVARI, KI SI JIH LASTIMO. TRAJNOST IN OBSTOJNOST KRASITA IZDELKE IN \u017dE VE\u010c KOT 140 LET MOTIVIRATA USTVARJALCE, DA STRMIJO K POPOLNOSTI. POPOLNOST IN OBSTOJNOST POSTANETA DEDI\u0160\u010cINA, KI SE LAHKO [&hellip;]<\/p>\n","protected":false},"featured_media":0,"template":"","meta":[],"product_cat":[22],"product_tag":[],"class_list":["post-718","product","type-product","status-publish","hentry","product_cat-s-t-dupont"],"yoast_head":"<!-- This site is optimized with the Yoast SEO plugin v20.2.1 - https:\/\/yoast.com\/wordpress\/plugins\/seo\/ -->\n<title>LIGHTER ETUI LINE D BLACK ST DUPONT - My Bracelet<\/title>\n<meta name=\"robots\" content=\"index, follow, max-snippet:-1, max-image-preview:large, max-video-preview:-1\" \/>\n<link rel=\"canonical\" href=\"https:\/\/my-bracelet.com\/2023\/product\/lighter-etui-line-d-black-st-dupont\/\" \/>\n<meta property=\"og:locale\" content=\"sl_SI\" \/>\n<meta property=\"og:type\" content=\"article\" \/>\n<meta property=\"og:title\" content=\"LIGHTER ETUI LINE D BLACK ST DUPONT - My Bracelet\" \/>\n<meta property=\"og:description\" content=\"THE ART OF LIVING WELL \u010cAR DOBREGA \u017dIVLJENJA SE SKRIVA V KVALITETI IN NE KVANTITETI, DA POSTANEMO POZNAVALCI JE POTREBNO SPOZNATI IN CENITI RESNI\u010cNO VREDNOST STVARI, KI SI JIH LASTIMO. TRAJNOST IN OBSTOJNOST KRASITA IZDELKE IN \u017dE VE\u010c KOT 140 LET MOTIVIRATA USTVARJALCE, DA STRMIJO K POPOLNOSTI. POPOLNOST IN OBSTOJNOST POSTANETA DEDI\u0160\u010cINA, KI SE LAHKO [&hellip;]\" \/>\n<meta property=\"og:url\" content=\"https:\/\/my-bracelet.com\/2023\/product\/lighter-etui-line-d-black-st-dupont\/\" \/>\n<meta property=\"og:site_name\" content=\"My Bracelet\" \/>\n<meta name=\"twitter:card\" content=\"summary_large_image\" \/>\n<meta name=\"twitter:label1\" content=\"Est. reading time\" \/>\n\t<meta name=\"twitter:data1\" content=\"1 minuta\" \/>\n<script type=\"application\/ld+json\" class=\"yoast-schema-graph\">{\"@context\":\"https:\/\/schema.org\",\"@graph\":[{\"@type\":\"WebPage\",\"@id\":\"https:\/\/my-bracelet.com\/2023\/product\/lighter-etui-line-d-black-st-dupont\/\",\"url\":\"https:\/\/my-bracelet.com\/2023\/product\/lighter-etui-line-d-black-st-dupont\/\",\"name\":\"LIGHTER ETUI LINE D BLACK ST DUPONT - My Bracelet\",\"isPartOf\":{\"@id\":\"https:\/\/my-bracelet.com\/2023\/#website\"},\"datePublished\":\"2022-12-16T11:43:10+00:00\",\"dateModified\":\"2022-12-16T11:43:10+00:00\",\"breadcrumb\":{\"@id\":\"https:\/\/my-bracelet.com\/2023\/product\/lighter-etui-line-d-black-st-dupont\/#breadcrumb\"},\"inLanguage\":\"sl-SI\",\"potentialAction\":[{\"@type\":\"ReadAction\",\"target\":[\"https:\/\/my-bracelet.com\/2023\/product\/lighter-etui-line-d-black-st-dupont\/\"]}]},{\"@type\":\"BreadcrumbList\",\"@id\":\"https:\/\/my-bracelet.com\/2023\/product\/lighter-etui-line-d-black-st-dupont\/#breadcrumb\",\"itemListElement\":[{\"@type\":\"ListItem\",\"position\":1,\"name\":\"Home\",\"item\":\"https:\/\/my-bracelet.com\/2023\/\"},{\"@type\":\"ListItem\",\"position\":2,\"name\":\"Shop\",\"item\":\"https:\/\/my-bracelet.com\/2023\/shop\/\"},{\"@type\":\"ListItem\",\"position\":3,\"name\":\"LIGHTER ETUI LINE D BLACK ST DUPONT\"}]},{\"@type\":\"WebSite\",\"@id\":\"https:\/\/my-bracelet.com\/2023\/#website\",\"url\":\"https:\/\/my-bracelet.com\/2023\/\",\"name\":\"My Bracelet\",\"description\":\"Bracelets by Loboda\",\"potentialAction\":[{\"@type\":\"SearchAction\",\"target\":{\"@type\":\"EntryPoint\",\"urlTemplate\":\"https:\/\/my-bracelet.com\/2023\/?s={search_term_string}\"},\"query-input\":\"required name=search_term_string\"}],\"inLanguage\":\"sl-SI\"}]}<\/script>\n<!-- \/ Yoast SEO plugin. -->","yoast_head_json":{"title":"LIGHTER ETUI LINE D BLACK ST DUPONT - My Bracelet","robots":{"index":"index","follow":"follow","max-snippet":"max-snippet:-1","max-image-preview":"max-image-preview:large","max-video-preview":"max-video-preview:-1"},"canonical":"https:\/\/my-bracelet.com\/2023\/product\/lighter-etui-line-d-black-st-dupont\/","og_locale":"sl_SI","og_type":"article","og_title":"LIGHTER ETUI LINE D BLACK ST DUPONT - My Bracelet","og_description":"THE ART OF LIVING WELL \u010cAR DOBREGA \u017dIVLJENJA SE SKRIVA V KVALITETI IN NE KVANTITETI, DA POSTANEMO POZNAVALCI JE POTREBNO SPOZNATI IN CENITI RESNI\u010cNO VREDNOST STVARI, KI SI JIH LASTIMO. TRAJNOST IN OBSTOJNOST KRASITA IZDELKE IN \u017dE VE\u010c KOT 140 LET MOTIVIRATA USTVARJALCE, DA STRMIJO K POPOLNOSTI. POPOLNOST IN OBSTOJNOST POSTANETA DEDI\u0160\u010cINA, KI SE LAHKO [&hellip;]","og_url":"https:\/\/my-bracelet.com\/2023\/product\/lighter-etui-line-d-black-st-dupont\/","og_site_name":"My Bracelet","twitter_card":"summary_large_image","twitter_misc":{"Est. reading time":"1 minuta"},"schema":{"@context":"https:\/\/schema.org","@graph":[{"@type":"WebPage","@id":"https:\/\/my-bracelet.com\/2023\/product\/lighter-etui-line-d-black-st-dupont\/","url":"https:\/\/my-bracelet.com\/2023\/product\/lighter-etui-line-d-black-st-dupont\/","name":"LIGHTER ETUI LINE D BLACK ST DUPONT - My Bracelet","isPartOf":{"@id":"https:\/\/my-bracelet.com\/2023\/#website"},"datePublished":"2022-12-16T11:43:10+00:00","dateModified":"2022-12-16T11:43:10+00:00","breadcrumb":{"@id":"https:\/\/my-bracelet.com\/2023\/product\/lighter-etui-line-d-black-st-dupont\/#breadcrumb"},"inLanguage":"sl-SI","potentialAction":[{"@type":"ReadAction","target":["https:\/\/my-bracelet.com\/2023\/product\/lighter-etui-line-d-black-st-dupont\/"]}]},{"@type":"BreadcrumbList","@id":"https:\/\/my-bracelet.com\/2023\/product\/lighter-etui-line-d-black-st-dupont\/#breadcrumb","itemListElement":[{"@type":"ListItem","position":1,"name":"Home","item":"https:\/\/my-bracelet.com\/2023\/"},{"@type":"ListItem","position":2,"name":"Shop","item":"https:\/\/my-bracelet.com\/2023\/shop\/"},{"@type":"ListItem","position":3,"name":"LIGHTER ETUI LINE D BLACK ST DUPONT"}]},{"@type":"WebSite","@id":"https:\/\/my-bracelet.com\/2023\/#website","url":"https:\/\/my-bracelet.com\/2023\/","name":"My Bracelet","description":"Bracelets by Loboda","potentialAction":[{"@type":"SearchAction","target":{"@type":"EntryPoint","urlTemplate":"https:\/\/my-bracelet.com\/2023\/?s={search_term_string}"},"query-input":"required name=search_term_string"}],"inLanguage":"sl-SI"}]}},"_links":{"self":[{"href":"https:\/\/my-bracelet.com\/2023\/wp-json\/wp\/v2\/product\/718","targetHints":{"allow":["GET"]}}],"collection":[{"href":"https:\/\/my-bracelet.com\/2023\/wp-json\/wp\/v2\/product"}],"about":[{"href":"https:\/\/my-bracelet.com\/2023\/wp-json\/wp\/v2\/types\/product"}],"wp:attachment":[{"href":"https:\/\/my-bracelet.com\/2023\/wp-json\/wp\/v2\/media?parent=718"}],"wp:term":[{"taxonomy":"product_cat","embeddable":true,"href":"https:\/\/my-bracelet.com\/2023\/wp-json\/wp\/v2\/product_cat?post=718"},{"taxonomy":"product_tag","embeddable":true,"href":"https:\/\/my-bracelet.com\/2023\/wp-json\/wp\/v2\/product_tag?post=718"}],"curies":[{"name":"wp","href":"https:\/\/api.w.org\/{rel}","templated":true}]}}