{"id":751,"date":"2022-12-16T11:43:20","date_gmt":"2022-12-16T11:43:20","guid":{"rendered":"https:\/\/my-bracelet.com\/2023\/?post_type=product&#038;p=751"},"modified":"2022-12-16T11:43:21","modified_gmt":"2022-12-16T11:43:21","slug":"case-maxima-creme-travel","status":"publish","type":"product","link":"https:\/\/my-bracelet.com\/2023\/product\/case-maxima-creme-travel\/","title":{"rendered":"Case MAXIMA CREME TRAVEL"},"content":{"rendered":"<h4>Vsaka ro\u010dna ura in kos nakita imajo svojo posebno zgodbo, karakter in izgled.<\/h4>\n<h4>Shranite jih v za to namenjene \u0161katle za nakit in ure, primerne za doma ali na potovanjih.<\/h4>\n<h4>Trajno, enostavno, varno in elegantno.<\/h4>\n<ul>\n<li>Kov\u010dek za nakit in ro\u010dne ure, krem barve<\/li>\n<li>Made in Germany<\/li>\n<li>Visokokvalitetno italijansko gladko usnje<\/li>\n<li>\u0160tiri lo\u010deni nivoji<\/li>\n<li>Predal za shranjevanje \u0161tirih ro\u010dnih ur<\/li>\n<li>Dva izvle\u010dna predala z zati\u010di za veri\u017eice<\/li>\n<li>Vdelano ogledalo<\/li>\n<li>Dodatni elasti\u010dni \u017eep pod ogledalom<\/li>\n<li>Visokokvalitetna varnostna klju\u010davnica s klju\u010dem<\/li>\n<li>Elegantni ro\u010daj<\/li>\n<li>Dimenzije (\u0160 x V x G): 26,5 x 20 x 21 cm<\/li>\n<li>Te\u017ea: 1,5 kg<\/li>\n<li>Brezpla\u010dna po\u0161tnina po Sloveniji<\/li>\n<\/ul>\n","protected":false},"excerpt":{"rendered":"<p>Vsaka ro\u010dna ura in kos nakita imajo svojo posebno zgodbo, karakter in izgled. Shranite jih v za to namenjene \u0161katle za nakit in ure, primerne za doma ali na potovanjih. Trajno, enostavno, varno in elegantno. Kov\u010dek za nakit in ro\u010dne ure, krem barve Made in Germany Visokokvalitetno italijansko gladko usnje \u0160tiri lo\u010deni nivoji Predal za [&hellip;]<\/p>\n","protected":false},"featured_media":0,"template":"","meta":[],"product_cat":[19],"product_tag":[],"class_list":["post-751","product","type-product","status-publish","hentry","product_cat-skatle-za-nakit"],"yoast_head":"<!-- This site is optimized with the Yoast SEO plugin v20.2.1 - https:\/\/yoast.com\/wordpress\/plugins\/seo\/ -->\n<title>Case MAXIMA CREME TRAVEL - My Bracelet<\/title>\n<meta name=\"robots\" content=\"index, follow, max-snippet:-1, max-image-preview:large, max-video-preview:-1\" \/>\n<link rel=\"canonical\" href=\"https:\/\/my-bracelet.com\/2023\/product\/case-maxima-creme-travel\/\" \/>\n<meta property=\"og:locale\" content=\"sl_SI\" \/>\n<meta property=\"og:type\" content=\"article\" \/>\n<meta property=\"og:title\" content=\"Case MAXIMA CREME TRAVEL - My Bracelet\" \/>\n<meta property=\"og:description\" content=\"Vsaka ro\u010dna ura in kos nakita imajo svojo posebno zgodbo, karakter in izgled. Shranite jih v za to namenjene \u0161katle za nakit in ure, primerne za doma ali na potovanjih. Trajno, enostavno, varno in elegantno. Kov\u010dek za nakit in ro\u010dne ure, krem barve Made in Germany Visokokvalitetno italijansko gladko usnje \u0160tiri lo\u010deni nivoji Predal za [&hellip;]\" \/>\n<meta property=\"og:url\" content=\"https:\/\/my-bracelet.com\/2023\/product\/case-maxima-creme-travel\/\" \/>\n<meta property=\"og:site_name\" content=\"My Bracelet\" \/>\n<meta property=\"article:modified_time\" content=\"2022-12-16T11:43:21+00:00\" \/>\n<meta name=\"twitter:card\" content=\"summary_large_image\" \/>\n<meta name=\"twitter:label1\" content=\"Est. reading time\" \/>\n\t<meta name=\"twitter:data1\" content=\"1 minuta\" \/>\n<script type=\"application\/ld+json\" class=\"yoast-schema-graph\">{\"@context\":\"https:\/\/schema.org\",\"@graph\":[{\"@type\":\"WebPage\",\"@id\":\"https:\/\/my-bracelet.com\/2023\/product\/case-maxima-creme-travel\/\",\"url\":\"https:\/\/my-bracelet.com\/2023\/product\/case-maxima-creme-travel\/\",\"name\":\"Case MAXIMA CREME TRAVEL - My Bracelet\",\"isPartOf\":{\"@id\":\"https:\/\/my-bracelet.com\/2023\/#website\"},\"datePublished\":\"2022-12-16T11:43:20+00:00\",\"dateModified\":\"2022-12-16T11:43:21+00:00\",\"breadcrumb\":{\"@id\":\"https:\/\/my-bracelet.com\/2023\/product\/case-maxima-creme-travel\/#breadcrumb\"},\"inLanguage\":\"sl-SI\",\"potentialAction\":[{\"@type\":\"ReadAction\",\"target\":[\"https:\/\/my-bracelet.com\/2023\/product\/case-maxima-creme-travel\/\"]}]},{\"@type\":\"BreadcrumbList\",\"@id\":\"https:\/\/my-bracelet.com\/2023\/product\/case-maxima-creme-travel\/#breadcrumb\",\"itemListElement\":[{\"@type\":\"ListItem\",\"position\":1,\"name\":\"Home\",\"item\":\"https:\/\/my-bracelet.com\/2023\/\"},{\"@type\":\"ListItem\",\"position\":2,\"name\":\"Shop\",\"item\":\"https:\/\/my-bracelet.com\/2023\/shop\/\"},{\"@type\":\"ListItem\",\"position\":3,\"name\":\"Case MAXIMA CREME TRAVEL\"}]},{\"@type\":\"WebSite\",\"@id\":\"https:\/\/my-bracelet.com\/2023\/#website\",\"url\":\"https:\/\/my-bracelet.com\/2023\/\",\"name\":\"My Bracelet\",\"description\":\"Bracelets by Loboda\",\"potentialAction\":[{\"@type\":\"SearchAction\",\"target\":{\"@type\":\"EntryPoint\",\"urlTemplate\":\"https:\/\/my-bracelet.com\/2023\/?s={search_term_string}\"},\"query-input\":\"required name=search_term_string\"}],\"inLanguage\":\"sl-SI\"}]}<\/script>\n<!-- \/ Yoast SEO plugin. -->","yoast_head_json":{"title":"Case MAXIMA CREME TRAVEL - My Bracelet","robots":{"index":"index","follow":"follow","max-snippet":"max-snippet:-1","max-image-preview":"max-image-preview:large","max-video-preview":"max-video-preview:-1"},"canonical":"https:\/\/my-bracelet.com\/2023\/product\/case-maxima-creme-travel\/","og_locale":"sl_SI","og_type":"article","og_title":"Case MAXIMA CREME TRAVEL - My Bracelet","og_description":"Vsaka ro\u010dna ura in kos nakita imajo svojo posebno zgodbo, karakter in izgled. Shranite jih v za to namenjene \u0161katle za nakit in ure, primerne za doma ali na potovanjih. Trajno, enostavno, varno in elegantno. Kov\u010dek za nakit in ro\u010dne ure, krem barve Made in Germany Visokokvalitetno italijansko gladko usnje \u0160tiri lo\u010deni nivoji Predal za [&hellip;]","og_url":"https:\/\/my-bracelet.com\/2023\/product\/case-maxima-creme-travel\/","og_site_name":"My Bracelet","article_modified_time":"2022-12-16T11:43:21+00:00","twitter_card":"summary_large_image","twitter_misc":{"Est. reading time":"1 minuta"},"schema":{"@context":"https:\/\/schema.org","@graph":[{"@type":"WebPage","@id":"https:\/\/my-bracelet.com\/2023\/product\/case-maxima-creme-travel\/","url":"https:\/\/my-bracelet.com\/2023\/product\/case-maxima-creme-travel\/","name":"Case MAXIMA CREME TRAVEL - My Bracelet","isPartOf":{"@id":"https:\/\/my-bracelet.com\/2023\/#website"},"datePublished":"2022-12-16T11:43:20+00:00","dateModified":"2022-12-16T11:43:21+00:00","breadcrumb":{"@id":"https:\/\/my-bracelet.com\/2023\/product\/case-maxima-creme-travel\/#breadcrumb"},"inLanguage":"sl-SI","potentialAction":[{"@type":"ReadAction","target":["https:\/\/my-bracelet.com\/2023\/product\/case-maxima-creme-travel\/"]}]},{"@type":"BreadcrumbList","@id":"https:\/\/my-bracelet.com\/2023\/product\/case-maxima-creme-travel\/#breadcrumb","itemListElement":[{"@type":"ListItem","position":1,"name":"Home","item":"https:\/\/my-bracelet.com\/2023\/"},{"@type":"ListItem","position":2,"name":"Shop","item":"https:\/\/my-bracelet.com\/2023\/shop\/"},{"@type":"ListItem","position":3,"name":"Case MAXIMA CREME TRAVEL"}]},{"@type":"WebSite","@id":"https:\/\/my-bracelet.com\/2023\/#website","url":"https:\/\/my-bracelet.com\/2023\/","name":"My Bracelet","description":"Bracelets by Loboda","potentialAction":[{"@type":"SearchAction","target":{"@type":"EntryPoint","urlTemplate":"https:\/\/my-bracelet.com\/2023\/?s={search_term_string}"},"query-input":"required name=search_term_string"}],"inLanguage":"sl-SI"}]}},"_links":{"self":[{"href":"https:\/\/my-bracelet.com\/2023\/wp-json\/wp\/v2\/product\/751","targetHints":{"allow":["GET"]}}],"collection":[{"href":"https:\/\/my-bracelet.com\/2023\/wp-json\/wp\/v2\/product"}],"about":[{"href":"https:\/\/my-bracelet.com\/2023\/wp-json\/wp\/v2\/types\/product"}],"wp:attachment":[{"href":"https:\/\/my-bracelet.com\/2023\/wp-json\/wp\/v2\/media?parent=751"}],"wp:term":[{"taxonomy":"product_cat","embeddable":true,"href":"https:\/\/my-bracelet.com\/2023\/wp-json\/wp\/v2\/product_cat?post=751"},{"taxonomy":"product_tag","embeddable":true,"href":"https:\/\/my-bracelet.com\/2023\/wp-json\/wp\/v2\/product_tag?post=751"}],"curies":[{"name":"wp","href":"https:\/\/api.w.org\/{rel}","templated":true}]}}