{"id":767,"date":"2022-12-16T11:43:26","date_gmt":"2022-12-16T11:43:26","guid":{"rendered":"https:\/\/my-bracelet.com\/2023\/?post_type=product&#038;p=767"},"modified":"2022-12-16T11:43:26","modified_gmt":"2022-12-16T11:43:26","slug":"winder-basel-lcd-6-dark-wood","status":"publish","type":"product","link":"https:\/\/my-bracelet.com\/2023\/product\/winder-basel-lcd-6-dark-wood\/","title":{"rendered":"Winder BASEL LCD 6 DARK WOOD"},"content":{"rendered":"<h4>NAVIJALCI ZA URE SO MED LJUBITELJI MEHANSKIH UR IZJEMNO ZA\u017dELJEN PRODUKT, SAJ Z NJIHOVO UPORABO POSKRBIMO, DA JE MEHANSKA URA VEDNO PRAVILNO IN VARNO SHRANJENA TER PRIPRAVLJENA ZA UPORABO BREZ PONOVNE NASTAVITVE \u010cASA.<\/h4>\n<p>Ponujamo vam razli\u010dne velikosti in modelov navijalcev ur, primerne tako za osnovno uporabo, kot tudi za bolj zahtevne uporabnike, saj nekateri navijalci ponujajo tudi do 15 razli\u010dnih programov nastavitev rotiranja ro\u010dne ure. Navijalec ur je lahko s svojim prefinjenim dizajnom tudi zanimiva popestritev va\u0161ega doma ali pisarne. Pona\u0161ajo se z visoko kvaliteto &#8221;Made in Germany&#8221;.<\/p>\n<p>BASEL LCD 6 DARK WOOD<\/p>\n<ul>\n<li>Navijalec za \u0161est ro\u010dnih ur z elektri\u010dnim adapterjem<\/li>\n<li>Priklop na elektri\u010dno omre\u017eje<\/li>\n<li>Visoko polirano ohi\u0161je v imitaciji temnega lesa<\/li>\n<li>Ekskluzivna LCD tehnologija<\/li>\n<li>Notranjost iz svetlega \u017eameta<\/li>\n<li>Dodaten predal za shranjevanje \u0161tirih dodatnih ro\u010dnih ur in nakita<\/li>\n<li>Program omogo\u010da vrtenje ure v levo ali desno stran ter kombinacija obeh strani<\/li>\n<li>650, 900, 1200, 1500 ali 1800 rotacij na dan<\/li>\n<li>Dimenzije (\u0160 x V x G): 37 x 34 x 23 cm<\/li>\n<li>Te\u017ea: 6,2 kg<\/li>\n<li>Brezpla\u010dno po\u0161iljanje po Sloveniji<\/li>\n<\/ul>\n","protected":false},"excerpt":{"rendered":"<p>NAVIJALCI ZA URE SO MED LJUBITELJI MEHANSKIH UR IZJEMNO ZA\u017dELJEN PRODUKT, SAJ Z NJIHOVO UPORABO POSKRBIMO, DA JE MEHANSKA URA VEDNO PRAVILNO IN VARNO SHRANJENA TER PRIPRAVLJENA ZA UPORABO BREZ PONOVNE NASTAVITVE \u010cASA. Ponujamo vam razli\u010dne velikosti in modelov navijalcev ur, primerne tako za osnovno uporabo, kot tudi za bolj zahtevne uporabnike, saj nekateri navijalci [&hellip;]<\/p>\n","protected":false},"featured_media":0,"template":"","meta":[],"product_cat":[20],"product_tag":[],"class_list":["post-767","product","type-product","status-publish","hentry","product_cat-navijalci-za-ure"],"yoast_head":"<!-- This site is optimized with the Yoast SEO plugin v20.2.1 - https:\/\/yoast.com\/wordpress\/plugins\/seo\/ -->\n<title>Winder BASEL LCD 6 DARK WOOD - My Bracelet<\/title>\n<meta name=\"robots\" content=\"index, follow, max-snippet:-1, max-image-preview:large, max-video-preview:-1\" \/>\n<link rel=\"canonical\" href=\"https:\/\/my-bracelet.com\/2023\/product\/winder-basel-lcd-6-dark-wood\/\" \/>\n<meta property=\"og:locale\" content=\"sl_SI\" \/>\n<meta property=\"og:type\" content=\"article\" \/>\n<meta property=\"og:title\" content=\"Winder BASEL LCD 6 DARK WOOD - My Bracelet\" \/>\n<meta property=\"og:description\" content=\"NAVIJALCI ZA URE SO MED LJUBITELJI MEHANSKIH UR IZJEMNO ZA\u017dELJEN PRODUKT, SAJ Z NJIHOVO UPORABO POSKRBIMO, DA JE MEHANSKA URA VEDNO PRAVILNO IN VARNO SHRANJENA TER PRIPRAVLJENA ZA UPORABO BREZ PONOVNE NASTAVITVE \u010cASA. Ponujamo vam razli\u010dne velikosti in modelov navijalcev ur, primerne tako za osnovno uporabo, kot tudi za bolj zahtevne uporabnike, saj nekateri navijalci [&hellip;]\" \/>\n<meta property=\"og:url\" content=\"https:\/\/my-bracelet.com\/2023\/product\/winder-basel-lcd-6-dark-wood\/\" \/>\n<meta property=\"og:site_name\" content=\"My Bracelet\" \/>\n<meta name=\"twitter:card\" content=\"summary_large_image\" \/>\n<meta name=\"twitter:label1\" content=\"Est. reading time\" \/>\n\t<meta name=\"twitter:data1\" content=\"1 minuta\" \/>\n<script type=\"application\/ld+json\" class=\"yoast-schema-graph\">{\"@context\":\"https:\/\/schema.org\",\"@graph\":[{\"@type\":\"WebPage\",\"@id\":\"https:\/\/my-bracelet.com\/2023\/product\/winder-basel-lcd-6-dark-wood\/\",\"url\":\"https:\/\/my-bracelet.com\/2023\/product\/winder-basel-lcd-6-dark-wood\/\",\"name\":\"Winder BASEL LCD 6 DARK WOOD - My Bracelet\",\"isPartOf\":{\"@id\":\"https:\/\/my-bracelet.com\/2023\/#website\"},\"datePublished\":\"2022-12-16T11:43:26+00:00\",\"dateModified\":\"2022-12-16T11:43:26+00:00\",\"breadcrumb\":{\"@id\":\"https:\/\/my-bracelet.com\/2023\/product\/winder-basel-lcd-6-dark-wood\/#breadcrumb\"},\"inLanguage\":\"sl-SI\",\"potentialAction\":[{\"@type\":\"ReadAction\",\"target\":[\"https:\/\/my-bracelet.com\/2023\/product\/winder-basel-lcd-6-dark-wood\/\"]}]},{\"@type\":\"BreadcrumbList\",\"@id\":\"https:\/\/my-bracelet.com\/2023\/product\/winder-basel-lcd-6-dark-wood\/#breadcrumb\",\"itemListElement\":[{\"@type\":\"ListItem\",\"position\":1,\"name\":\"Home\",\"item\":\"https:\/\/my-bracelet.com\/2023\/\"},{\"@type\":\"ListItem\",\"position\":2,\"name\":\"Shop\",\"item\":\"https:\/\/my-bracelet.com\/2023\/shop\/\"},{\"@type\":\"ListItem\",\"position\":3,\"name\":\"Winder BASEL LCD 6 DARK WOOD\"}]},{\"@type\":\"WebSite\",\"@id\":\"https:\/\/my-bracelet.com\/2023\/#website\",\"url\":\"https:\/\/my-bracelet.com\/2023\/\",\"name\":\"My Bracelet\",\"description\":\"Bracelets by Loboda\",\"potentialAction\":[{\"@type\":\"SearchAction\",\"target\":{\"@type\":\"EntryPoint\",\"urlTemplate\":\"https:\/\/my-bracelet.com\/2023\/?s={search_term_string}\"},\"query-input\":\"required name=search_term_string\"}],\"inLanguage\":\"sl-SI\"}]}<\/script>\n<!-- \/ Yoast SEO plugin. -->","yoast_head_json":{"title":"Winder BASEL LCD 6 DARK WOOD - My Bracelet","robots":{"index":"index","follow":"follow","max-snippet":"max-snippet:-1","max-image-preview":"max-image-preview:large","max-video-preview":"max-video-preview:-1"},"canonical":"https:\/\/my-bracelet.com\/2023\/product\/winder-basel-lcd-6-dark-wood\/","og_locale":"sl_SI","og_type":"article","og_title":"Winder BASEL LCD 6 DARK WOOD - My Bracelet","og_description":"NAVIJALCI ZA URE SO MED LJUBITELJI MEHANSKIH UR IZJEMNO ZA\u017dELJEN PRODUKT, SAJ Z NJIHOVO UPORABO POSKRBIMO, DA JE MEHANSKA URA VEDNO PRAVILNO IN VARNO SHRANJENA TER PRIPRAVLJENA ZA UPORABO BREZ PONOVNE NASTAVITVE \u010cASA. Ponujamo vam razli\u010dne velikosti in modelov navijalcev ur, primerne tako za osnovno uporabo, kot tudi za bolj zahtevne uporabnike, saj nekateri navijalci [&hellip;]","og_url":"https:\/\/my-bracelet.com\/2023\/product\/winder-basel-lcd-6-dark-wood\/","og_site_name":"My Bracelet","twitter_card":"summary_large_image","twitter_misc":{"Est. reading time":"1 minuta"},"schema":{"@context":"https:\/\/schema.org","@graph":[{"@type":"WebPage","@id":"https:\/\/my-bracelet.com\/2023\/product\/winder-basel-lcd-6-dark-wood\/","url":"https:\/\/my-bracelet.com\/2023\/product\/winder-basel-lcd-6-dark-wood\/","name":"Winder BASEL LCD 6 DARK WOOD - My Bracelet","isPartOf":{"@id":"https:\/\/my-bracelet.com\/2023\/#website"},"datePublished":"2022-12-16T11:43:26+00:00","dateModified":"2022-12-16T11:43:26+00:00","breadcrumb":{"@id":"https:\/\/my-bracelet.com\/2023\/product\/winder-basel-lcd-6-dark-wood\/#breadcrumb"},"inLanguage":"sl-SI","potentialAction":[{"@type":"ReadAction","target":["https:\/\/my-bracelet.com\/2023\/product\/winder-basel-lcd-6-dark-wood\/"]}]},{"@type":"BreadcrumbList","@id":"https:\/\/my-bracelet.com\/2023\/product\/winder-basel-lcd-6-dark-wood\/#breadcrumb","itemListElement":[{"@type":"ListItem","position":1,"name":"Home","item":"https:\/\/my-bracelet.com\/2023\/"},{"@type":"ListItem","position":2,"name":"Shop","item":"https:\/\/my-bracelet.com\/2023\/shop\/"},{"@type":"ListItem","position":3,"name":"Winder BASEL LCD 6 DARK WOOD"}]},{"@type":"WebSite","@id":"https:\/\/my-bracelet.com\/2023\/#website","url":"https:\/\/my-bracelet.com\/2023\/","name":"My Bracelet","description":"Bracelets by Loboda","potentialAction":[{"@type":"SearchAction","target":{"@type":"EntryPoint","urlTemplate":"https:\/\/my-bracelet.com\/2023\/?s={search_term_string}"},"query-input":"required name=search_term_string"}],"inLanguage":"sl-SI"}]}},"_links":{"self":[{"href":"https:\/\/my-bracelet.com\/2023\/wp-json\/wp\/v2\/product\/767","targetHints":{"allow":["GET"]}}],"collection":[{"href":"https:\/\/my-bracelet.com\/2023\/wp-json\/wp\/v2\/product"}],"about":[{"href":"https:\/\/my-bracelet.com\/2023\/wp-json\/wp\/v2\/types\/product"}],"wp:attachment":[{"href":"https:\/\/my-bracelet.com\/2023\/wp-json\/wp\/v2\/media?parent=767"}],"wp:term":[{"taxonomy":"product_cat","embeddable":true,"href":"https:\/\/my-bracelet.com\/2023\/wp-json\/wp\/v2\/product_cat?post=767"},{"taxonomy":"product_tag","embeddable":true,"href":"https:\/\/my-bracelet.com\/2023\/wp-json\/wp\/v2\/product_tag?post=767"}],"curies":[{"name":"wp","href":"https:\/\/api.w.org\/{rel}","templated":true}]}}